{"id":1666,"date":"2025-03-05T14:22:43","date_gmt":"2025-03-05T17:22:43","guid":{"rendered":"https:\/\/mascoweb.com.ar\/tienda\/?page_id=1666"},"modified":"2026-04-08T09:28:19","modified_gmt":"2026-04-08T12:28:19","slug":"cobertura","status":"publish","type":"page","link":"https:\/\/mascoweb.com.ar\/tienda\/cobertura\/","title":{"rendered":"Zonas y horarios de env\u00edos"},"content":{"rendered":"\n<div class=\"wp-block-stackable-columns alignfull stk-block-columns stk-block stk-b5ccdb4 stk-block-background stk--has-background-overlay\" data-block-id=\"b5ccdb4\"><style>.stk-b5ccdb4 {background-color:var(--theme-palette-color-2, #F9D128) !important;background-image:url(https:\/\/mascoweb.com.ar\/tienda\/wp-content\/uploads\/2021\/12\/paw-pattern-2.svg) !important;padding-top:230px !important;padding-bottom:0px !important;margin-bottom:0px !important;}.stk-b5ccdb4:before{background-color:var(--theme-palette-color-2, #F9D128) !important;opacity:0.4 !important;}@media screen and (max-width:999px){.stk-b5ccdb4 {padding-top:180px !important;}}<\/style><div class=\"stk-row stk-inner-blocks stk-block-content stk-content-align stk-b5ccdb4-column\">\n<div class=\"wp-block-stackable-column stk-block-column stk-column stk-block stk-871f4f1\" data-v=\"4\" data-block-id=\"871f4f1\"><style>.stk-871f4f1-container{margin-top:0px !important;margin-right:0px !important;margin-bottom:0px !important;margin-left:0px !important;}<\/style><div class=\"stk-column-wrapper stk-block-column__content stk-container stk-871f4f1-container stk--no-background stk--no-padding\"><div class=\"stk-block-content stk-inner-blocks stk-871f4f1-inner-blocks\">\n<div class=\"wp-block-stackable-text stk-block-text stk-block stk-8677478\" data-block-id=\"8677478\"><style>.stk-8677478 {margin-bottom:15px !important;opacity:0.4 !important;}.stk-8677478 .stk-block-text__text{color:var(u002du002dtheme-palette-color-8, #ffffff) !important;font-weight:700 !important;text-transform:uppercase !important;}<\/style><p class=\"stk-block-text__text has-text-color has-palette-color-8-color has-text-align-center\"><\/p><\/div>\n\n\n\n<div class=\"wp-block-stackable-image stk-block-image stk-block stk-d1001d5\" data-block-id=\"d1001d5\"><style>.stk-d1001d5 .stk-img-wrapper{width:25% !important;filter:drop-shadow(none) !important;}<\/style><figure><span class=\"stk-img-wrapper stk-image--shape-stretch stk--shadow-none\"><img decoding=\"async\" class=\"stk-img wp-image-6 lazyload\" data-src=\"https:\/\/mascoweb.com.ar\/tienda\/wp-content\/uploads\/2024\/12\/1-Principal-violeta-e1734137012637.png\" width=\"778\" height=\"283\" data-srcset=\"https:\/\/mascoweb.com.ar\/tienda\/wp-content\/uploads\/2024\/12\/1-Principal-violeta-e1734137012637.png 778w, https:\/\/mascoweb.com.ar\/tienda\/wp-content\/uploads\/2024\/12\/1-Principal-violeta-e1734137012637-700x255.png 700w, https:\/\/mascoweb.com.ar\/tienda\/wp-content\/uploads\/2024\/12\/1-Principal-violeta-e1734137012637-400x146.png 400w, https:\/\/mascoweb.com.ar\/tienda\/wp-content\/uploads\/2024\/12\/1-Principal-violeta-e1734137012637-300x109.png 300w, https:\/\/mascoweb.com.ar\/tienda\/wp-content\/uploads\/2024\/12\/1-Principal-violeta-e1734137012637-768x279.png 768w\" data-sizes=\"auto, (max-width: 778px) 100vw, 778px\" src=\"data:image\/svg+xml;base64,PHN2ZyB3aWR0aD0iMSIgaGVpZ2h0PSIxIiB4bWxucz0iaHR0cDovL3d3dy53My5vcmcvMjAwMC9zdmciPjwvc3ZnPg==\" style=\"--smush-placeholder-width: 778px; --smush-placeholder-aspect-ratio: 778\/283;\" \/><\/span><\/figure><\/div>\n\n\n\n<div class=\"wp-block-stackable-heading stk-block-heading stk-block-heading--v2 stk-block stk-15a1637\" id=\"a-href-https-mascoweb-com-ar-tienda-wp-admin-post-php-post-1666-amp-action-edit-zonas-y-horarios-de-envios-a\" data-block-id=\"15a1637\"><style>.stk-15a1637 {margin-bottom:90px !important;}.stk-15a1637 .stk-block-heading__text{font-size:70px !important;color:var(u002du002dtheme-palette-color-8, #ffffff) !important;}@media screen and (max-width:999px){.stk-15a1637 {margin-bottom:80px !important;}.stk-15a1637 .stk-block-heading__text{font-size:35px !important;}}@media screen and (max-width:689px){.stk-15a1637 {margin-bottom:60px !important;}}<\/style><h2 class=\"stk-block-heading__text has-text-color has-palette-color-8-color has-text-align-center\"><a href=\"https:\/\/mascoweb.com.ar\/tienda\/wp-admin\/post.php?post=1666&amp;action=edit\">Zonas y horarios de env\u00edos<\/a><\/h2><\/div>\n\n\n\n<div class=\"wp-block-stackable-image stk-block-image stk-block stk-ed6d8a2\" data-block-id=\"ed6d8a2\"><style>.stk-ed6d8a2 .stk-img-wrapper{width:880px !important;}<\/style><figure><span class=\"stk-img-wrapper stk-image--shape-stretch\"><img decoding=\"async\" class=\"stk-img wp-image-286 lazyload\" data-src=\"https:\/\/mascoweb.com.ar\/tienda\/wp-content\/uploads\/2021\/12\/about-us-hero-pets_optimized.webp\" width=\"1721\" height=\"595\" data-srcset=\"https:\/\/mascoweb.com.ar\/tienda\/wp-content\/uploads\/2021\/12\/about-us-hero-pets_optimized.webp 1721w, https:\/\/mascoweb.com.ar\/tienda\/wp-content\/uploads\/2021\/12\/about-us-hero-pets_optimized-700x242.webp 700w, https:\/\/mascoweb.com.ar\/tienda\/wp-content\/uploads\/2021\/12\/about-us-hero-pets_optimized-400x138.webp 400w, https:\/\/mascoweb.com.ar\/tienda\/wp-content\/uploads\/2021\/12\/about-us-hero-pets_optimized-300x104.webp 300w, https:\/\/mascoweb.com.ar\/tienda\/wp-content\/uploads\/2021\/12\/about-us-hero-pets_optimized-1024x354.webp 1024w, https:\/\/mascoweb.com.ar\/tienda\/wp-content\/uploads\/2021\/12\/about-us-hero-pets_optimized-768x266.webp 768w, https:\/\/mascoweb.com.ar\/tienda\/wp-content\/uploads\/2021\/12\/about-us-hero-pets_optimized-1536x531.webp 1536w\" data-sizes=\"auto, (max-width: 1721px) 100vw, 1721px\" src=\"data:image\/svg+xml;base64,PHN2ZyB3aWR0aD0iMSIgaGVpZ2h0PSIxIiB4bWxucz0iaHR0cDovL3d3dy53My5vcmcvMjAwMC9zdmciPjwvc3ZnPg==\" style=\"--smush-placeholder-width: 1721px; --smush-placeholder-aspect-ratio: 1721\/595;\" \/><\/span><\/figure><\/div>\n<\/div><\/div><\/div>\n<\/div><\/div>\n\n\n\n<div class=\"wp-block-stackable-spacer stk-block-spacer stk--no-padding stk-block stk-5464b11\" data-block-id=\"5464b11\"><style>.stk-5464b11 {height:100px !important;}@media screen and (max-width:999px){.stk-5464b11 {height:80px !important;}}<\/style><\/div>\n\n\n\n<div class=\"wp-block-columns is-layout-flex wp-container-core-columns-is-layout-28f84493 wp-block-columns-is-layout-flex\">\n<div class=\"wp-block-column is-layout-flow wp-block-column-is-layout-flow\" style=\"flex-basis:33.33%\"><\/div>\n\n\n\n<div class=\"wp-block-column is-layout-flow wp-block-column-is-layout-flow\" style=\"flex-basis:66.66%\">\n<figure class=\"wp-block-image size-full\"><img decoding=\"async\" width=\"520\" height=\"390\" data-src=\"https:\/\/mascoweb.com.ar\/tienda\/wp-content\/uploads\/2024\/12\/5-vertical-violeta-e1734483930152.png\" alt=\"\" class=\"wp-image-11 lazyload\" data-srcset=\"https:\/\/mascoweb.com.ar\/tienda\/wp-content\/uploads\/2024\/12\/5-vertical-violeta-e1734483930152.png 520w, https:\/\/mascoweb.com.ar\/tienda\/wp-content\/uploads\/2024\/12\/5-vertical-violeta-e1734483930152-400x300.png 400w, https:\/\/mascoweb.com.ar\/tienda\/wp-content\/uploads\/2024\/12\/5-vertical-violeta-e1734483930152-300x225.png 300w\" data-sizes=\"auto, (max-width: 520px) 100vw, 520px\" src=\"data:image\/svg+xml;base64,PHN2ZyB3aWR0aD0iMSIgaGVpZ2h0PSIxIiB4bWxucz0iaHR0cDovL3d3dy53My5vcmcvMjAwMC9zdmciPjwvc3ZnPg==\" style=\"--smush-placeholder-width: 520px; --smush-placeholder-aspect-ratio: 520\/390;\" \/><\/figure>\n<\/div>\n<\/div>\n\n\n\n<p>En&nbsp;<strong>MascoWeb&nbsp;<\/strong>queremos darte las mejores opciones para que puedas recibir tu pedido sin moverte de tu casa. Es por eso que realizamos env\u00edos de lunes a viernes y llegamos a todos los puntos de la ciudad de <strong>Rosario<\/strong>. Para env\u00edos en el d\u00eda tomamos pedidos hasta las 12:00, caso contrario podemos coordinar el env\u00edo a partir del d\u00eda siguiente de realizado el pedido.<\/p>\n\n\n\n<p>Te contamos a continuaci\u00f3n cu\u00e1les son nuestros horarios de env\u00edo para las distintas zonas de la ciudad. Si la franja horaria te resulta muy extensa no te preocupes, una vez realizado el pedido nos comunicaremos para darte un horario de entrega m\u00e1s aproximado.<\/p>\n\n\n\n<div class=\"wp-block-stackable-divider stk-block-divider stk-block stk-b2cb327\" data-block-id=\"b2cb327\"><hr class=\"stk-block-divider__hr\" \/><\/div>\n\n\n\n<div class=\"wp-block-stackable-heading stk-block-heading stk-block-heading--v2 stk-block stk-6b19d5b\" id=\"strong-strong-a-href-https-mascoweb-com-ar-tienda-wp-admin-post-php-post-1666-amp-action-edit-zonas-y-horarios-de-envios-a-strong-strong\" data-block-id=\"6b19d5b\"><h2 class=\"stk-block-heading__text\"><strong><strong><a href=\"https:\/\/mascoweb.com.ar\/tienda\/wp-admin\/post.php?post=1666&amp;action=edit\">Zonas y horarios de env\u00edos<\/a><\/strong><\/strong><\/h2><\/div>\n\n\n\n<div class=\"wp-block-stackable-spacer stk-block-spacer stk--no-padding stk-block stk-621587a\" data-block-id=\"621587a\"><style>.stk-621587a {height:50px !important;}@media screen and (max-width:999px){.stk-621587a {height:80px !important;}}@media screen and (max-width:689px){.stk-621587a {height:50px !important;}}<\/style><\/div>\n\n\n\n<div class=\"wp-block-columns is-layout-flex wp-container-core-columns-is-layout-28f84493 wp-block-columns-is-layout-flex\">\n<div class=\"wp-block-column is-layout-flow wp-block-column-is-layout-flow\">\n<figure class=\"wp-block-image size-full\"><img decoding=\"async\" width=\"698\" height=\"622\" data-src=\"https:\/\/mascoweb.com.ar\/tienda\/wp-content\/uploads\/2025\/03\/Picture.png\" alt=\"\" class=\"wp-image-1676 lazyload\" data-srcset=\"https:\/\/mascoweb.com.ar\/tienda\/wp-content\/uploads\/2025\/03\/Picture.png 698w, https:\/\/mascoweb.com.ar\/tienda\/wp-content\/uploads\/2025\/03\/Picture-300x267.png 300w, https:\/\/mascoweb.com.ar\/tienda\/wp-content\/uploads\/2025\/03\/Picture-400x356.png 400w, https:\/\/mascoweb.com.ar\/tienda\/wp-content\/uploads\/2025\/03\/Picture-64x57.png 64w\" data-sizes=\"auto, (max-width: 698px) 100vw, 698px\" src=\"data:image\/svg+xml;base64,PHN2ZyB3aWR0aD0iMSIgaGVpZ2h0PSIxIiB4bWxucz0iaHR0cDovL3d3dy53My5vcmcvMjAwMC9zdmciPjwvc3ZnPg==\" style=\"--smush-placeholder-width: 698px; --smush-placeholder-aspect-ratio: 698\/622;\" \/><\/figure>\n<\/div>\n\n\n\n<div class=\"wp-block-column is-layout-flow wp-block-column-is-layout-flow\">\n<p><\/p>\n\n\n\n<p><span style=\"color: #cf2e2e\" class=\"stk-highlight\"><strong>CENTRO <\/strong><\/span><span style=\"color: #000000\" class=\"stk-highlight\">y<\/span> <span style=\"color: #ff6900\" class=\"stk-highlight\"><strong>MACROCENTRO<\/strong><\/span><\/p>\n\n\n\n<ul class=\"wp-block-list\">\n<li>Lunes a viernes de 11:00 a 12:30 y de 17:00 a 18:30<\/li>\n<\/ul>\n\n\n\n<p><span style=\"color: #0f0e17\" class=\"stk-highlight\"><strong>RESTO DE LA CIUDAD<\/strong><\/span><span style=\"color: #aa00ff\" class=\"stk-highlight\"><strong>: <\/strong><\/span><\/p>\n\n\n\n<ul class=\"wp-block-list\">\n<li>Lunes a viernes de 13:00 a 18:00<\/li>\n<\/ul>\n\n\n\n<p><strong><span style=\"color: #222222;background-color: #ffdd00\" class=\"stk-highlight\">Los pedidos en el d\u00eda se toman hasta las 12:00<\/span><\/strong> <\/p>\n<\/div>\n<\/div>\n\n\n\n<ul class=\"wp-block-list\">\n<li><em>&nbsp;<em>Los horarios de entrega son aproximados, ante cualquier inconveniente nos comunicaremos directamente al tel\u00e9fono de contacto.<\/em><\/em><br><\/li>\n\n\n\n<li><em>Si viv\u00eds en una zona de dif\u00edcil acceso (por ejemplo sobre calle peatonal o carril exclusivo) pod\u00e9s contactarnos previamente o aclararlo en las observaciones y nosotros nos comunicaremos para coordinar la entrega. En algunos casos puede tener un m\u00ednimo costo adicional que te informaremos.<\/em><br><\/li>\n\n\n\n<li><em>Si viv\u00eds en una zona considerada como alejada y\/o peligrosa, existe la posibilidad de que tengamos que rechazar el pedido. No te preocupes, en ese caso te contactaremos para encontrar una soluci\u00f3n, ya sea reintegr\u00e1ndote el 100% del valor abonado, coordinando otro punto de entrega u ofreci\u00e9ndote retirar el pedido en nuestros puntos de retiro.<\/em><\/li>\n<\/ul>\n\n\n\n<div class=\"wp-block-stackable-divider stk-block-divider stk-block stk-e93bbb7\" data-block-id=\"e93bbb7\"><hr class=\"stk-block-divider__hr\" \/><\/div>\n\n\n\n<div class=\"wp-block-stackable-heading stk-block-heading stk-block-heading--v2 stk-block stk-41d7d6c\" id=\"como-solicito-envio-de-mi-producto\" data-block-id=\"41d7d6c\"><h2 class=\"stk-block-heading__text\">\u00bfC\u00f3mo solicito env\u00edo de mi producto?<\/h2><\/div>\n\n\n\n<p>Una vez completada la compra y confirmado el pago, recibir\u00e1s un&nbsp;<strong>N\u00famero de Pedido<\/strong>, y te aparecer\u00e1 un bot\u00f3n para coordinar la entrega por WhatsApp con los detalles de la compra. Si no realiz\u00e1s este paso no te preocupes, nosotros nos comunicaremos luego para coordinar el env\u00edo.<\/p>\n\n\n\n<p>Pod\u00e9s encontrar una copia de los detalles de tu compra en tu correo electr\u00f3nico.<\/p>\n\n\n\n<p>Si necesit\u00e1s ayuda o ten\u00e9s alguna consulta, pod\u00e9s comunicarte con nosotros a trav\u00e9s de WhatsApp usando el bot\u00f3n flotante en el extremo inferior izquierdo de nuestra tienda.<\/p>\n\n\n\n<div class=\"wp-block-stackable-divider stk-block-divider stk-block stk-5aa0905\" data-block-id=\"5aa0905\"><style>.stk-5aa0905 hr.stk-block-divider__hr{height:1px !important;}.stk-5aa0905 {margin-bottom:100px !important;}<\/style><hr class=\"stk-block-divider__hr\" \/><\/div>\n\n\n\n<div class=\"wp-block-group alignfull is-content-justification-center is-layout-constrained wp-container-core-group-is-layout-888b3e69 wp-block-group-is-layout-constrained\" style=\"margin-top:0;margin-bottom:0;padding-top:calc( 0.5 * var(u002du002dwpu002du002dstyleu002du002drootu002du002dpadding-right, var(u002du002dwpu002du002dcustomu002du002dgapu002du002dhorizontal)));padding-right:var(u002du002dwpu002du002dstyleu002du002drootu002du002dpadding-right, var(u002du002dwpu002du002dcustomu002du002dgapu002du002dhorizontal));padding-bottom:calc( 0.5 * var(u002du002dwpu002du002dstyleu002du002drootu002du002dpadding-right, var(u002du002dwpu002du002dcustomu002du002dgapu002du002dhorizontal)));padding-left:var(u002du002dwpu002du002dstyleu002du002drootu002du002dpadding-left, var(u002du002dwpu002du002dcustomu002du002dgapu002du002dhorizontal))\">\n<div style=\"height:0px\" aria-hidden=\"true\" class=\"wp-block-spacer\"><\/div>\n\n\n\n<div class=\"wp-block-columns alignwide is-layout-flex wp-container-core-columns-is-layout-87beb0d0 wp-block-columns-is-layout-flex\">\n<div class=\"wp-block-column is-layout-flow wp-block-column-is-layout-flow\">\n<h2 class=\"wp-block-heading has-large-font-size wp-container-content-958eb9dc\" id=\"servicios\">Servicios<\/h2>\n\n\n\n<div style=\"margin-top:0;margin-bottom:0;height:var(--wp--preset--spacing--10)\" aria-hidden=\"true\" class=\"wp-block-spacer\"><\/div>\n<\/div>\n\n\n\n<div class=\"wp-block-column is-layout-flow wp-container-core-column-is-layout-8a368f38 wp-block-column-is-layout-flow\">\n<h3 class=\"wp-block-heading has-medium-font-size\" id=\"envio-gratis-a-toda-la-ciudad\" style=\"font-style:normal;font-weight:700\"><span style=\"color: var(--theme-palette-color-3, #4A2E82)\" class=\"stk-highlight\"><strong>\ud83d\udce6<strong>Env\u00edo gratis a toda la ciudad<\/strong><\/strong><\/span><\/h3>\n\n\n\n<div class=\"wp-block-group is-vertical is-layout-flex wp-container-core-group-is-layout-fe9cc265 wp-block-group-is-layout-flex\">\n<p>En compras superiores a $20.000<\/p>\n<\/div>\n\n\n\n<div style=\"height:56px\" aria-hidden=\"true\" class=\"wp-block-spacer\"><\/div>\n\n\n\n<div class=\"wp-block-group is-vertical is-layout-flex wp-container-core-group-is-layout-fe9cc265 wp-block-group-is-layout-flex\">\n<h3 class=\"wp-block-heading has-medium-font-size\" id=\"punto-de-retiro\" style=\"font-style:normal;font-weight:700\"><strong><span style=\"color: var(--theme-palette-color-1, #4A2E82)\" class=\"stk-highlight\">\ud83c\udfeaPunto de retiro<\/span><\/strong><\/h3>\n\n\n\n<p>En barrio Del Abasto, macrocentro de Rosario.<\/p>\n<\/div>\n<\/div>\n\n\n\n<div class=\"wp-block-column is-layout-flow wp-container-core-column-is-layout-8a368f38 wp-block-column-is-layout-flow\">\n<div class=\"wp-block-group is-vertical is-layout-flex wp-container-core-group-is-layout-fe9cc265 wp-block-group-is-layout-flex\">\n<h3 class=\"wp-block-heading has-medium-font-size\" id=\"cobertura\" style=\"font-style:normal;font-weight:700\">\ud83d\uddfa\ufe0f<span style=\"color: var(--theme-palette-color-3, #4A2E82)\" class=\"stk-highlight\">Cobertura<\/span><\/h3>\n\n\n\n<p>Rosario<\/p>\n<\/div>\n\n\n\n<div style=\"height:56px\" aria-hidden=\"true\" class=\"wp-block-spacer\"><\/div>\n\n\n\n<div class=\"wp-block-group is-vertical is-layout-flex wp-container-core-group-is-layout-fe9cc265 wp-block-group-is-layout-flex\">\n<h3 class=\"wp-block-heading has-medium-font-size\" id=\"todos-los-medios-de-pago\" style=\"font-style:normal;font-weight:700\"><strong>\ud83d\udcb3<span style=\"color: var(--theme-palette-color-1, #4A2E82)\" class=\"stk-highlight\">Todos los medios de pago<\/span><\/strong><\/h3>\n\n\n\n<p>Aceptamos transferencia bancaria, pagos en efectivo, tarjetas de cr\u00e9dito y d\u00e9bitos.<\/p>\n<\/div>\n<\/div>\n<\/div>\n\n\n\n<div style=\"height:calc( 0.25 * var(u002du002dwpu002du002dstyleu002du002drootu002du002dpadding-right, var(u002du002dwpu002du002dcustomu002du002dgapu002du002dhorizontal)))\" aria-hidden=\"true\" class=\"wp-block-spacer\"><\/div>\n<\/div>\n\n\n\n<hr class=\"wp-block-separator has-alpha-channel-opacity\" style=\"margin-top:var(--wp--preset--spacing--80);margin-bottom:var(--wp--preset--spacing--80)\" \/>\n\n\n\n<div class=\"wp-block-stackable-columns alignfull stk-block-columns stk-block stk-784dcd9 stk-block-background stk--has-background-overlay\" data-block-id=\"784dcd9\"><style>.stk-784dcd9 {background-color:#000000 !important;background-image:url(https:\/\/mascoweb.com.ar\/tienda\/wp-content\/uploads\/2021\/12\/cta-cover-image_optimized.webp) !important;padding-top:140px !important;padding-bottom:140px !important;margin-bottom:0px !important;}.stk-784dcd9:before{background-color:#000000 !important;opacity:0.4 !important;}@media screen and (max-width:999px){.stk-784dcd9 {background-position:center right !important;}}<\/style><div class=\"stk-row stk-inner-blocks stk-block-content stk-content-align stk-784dcd9-column\">\n<div class=\"wp-block-stackable-column stk-block-column stk-column stk-block stk-d128cb2\" data-v=\"4\" data-block-id=\"d128cb2\"><style>.stk-d128cb2-container{margin-top:0px !important;margin-right:0px !important;margin-bottom:0px !important;margin-left:0px !important;}<\/style><div class=\"stk-column-wrapper stk-block-column__content stk-container stk-d128cb2-container stk--no-background stk--no-padding\"><div class=\"stk-block-content stk-inner-blocks stk-d128cb2-inner-blocks\">\n<div class=\"wp-block-stackable-heading stk-block-heading stk-block-heading--v2 stk-block stk-234325d\" id=\"nuevos-productos-cada-semana\" data-block-id=\"234325d\"><style>.stk-234325d {margin-bottom:40px !important;}.stk-234325d .stk-block-heading__text{font-size:60px !important;color:var(u002du002dtheme-palette-color-8, #ffffff) !important;}@media screen and (max-width:999px){.stk-234325d .stk-block-heading__text{font-size:35px !important;}}<\/style><h2 class=\"stk-block-heading__text has-text-color has-palette-color-8-color has-text-align-center\">Nuevos productos cada semana<\/h2><\/div>\n\n\n\n<div class=\"wp-block-stackable-button-group stk-block-button-group stk-block stk-9401009\" data-block-id=\"9401009\"><div class=\"stk-row stk-inner-blocks has-text-align-center stk-block-content stk-button-group\">\n<div class=\"wp-block-stackable-button stk-block-button stk-block stk-448db44\" id=\"bg-hover-yellow\" data-block-id=\"448db44\"><style>.stk-448db44 .stk-button{padding-right:30px !important;padding-left:30px !important;}.stk-448db44 .stk-button__inner-text{font-weight:500 !important;}<\/style><a class=\"stk-link stk-button stk--hover-effect-scale\" href=\"https:\/\/mascoweb.com.ar\/tienda\/shop\/\"><span class=\"stk-button__inner-text\">Ir a productos<\/span><\/a><\/div>\n<\/div><\/div>\n<\/div><\/div><\/div>\n<\/div><\/div>\n","protected":false},"excerpt":{"rendered":"<p>Zonas y horarios de env\u00edos En&nbsp;MascoWeb&nbsp;queremos darte las mejores opciones para que puedas recibir tu pedido sin moverte de tu casa. Es por eso que realizamos env\u00edos de lunes a viernes y llegamos a todos los puntos de la ciudad de Rosario. Para env\u00edos en el d\u00eda tomamos pedidos hasta las 12:00, caso contrario podemos [&hellip;]<\/p>\n","protected":false},"author":1,"featured_media":0,"parent":0,"menu_order":0,"comment_status":"closed","ping_status":"closed","template":"","meta":{"_gspb_post_css":"","_joinchat":[],"footnotes":""},"class_list":["post-1666","page","type-page","status-publish","hentry"],"blocksy_meta":{"styles_descriptor":{"styles":{"desktop":"","tablet":"","mobile":""},"google_fonts":[],"version":6},"page_title_panel":"","has_hero_section":"disabled","56dc8bb8328744ce058b8d9cd82b2d38":"","hero_section":"type-1","hero_elements":[{"id":"custom_title","enabled":true,"heading_tag":"h1","title":"Home"},{"id":"custom_description","enabled":true,"description_visibility":{"desktop":true,"tablet":true,"mobile":false}},{"id":"custom_meta","enabled":false,"meta_elements":[{"id":"author","enabled":true,"label":"By","has_author_avatar":"yes","avatar_size":25},{"id":"post_date","enabled":true,"label":"On","date_format_source":"default","date_format":"M j, Y"},{"id":"updated_date","enabled":false,"label":"On","date_format_source":"default","date_format":"M j, Y"},{"id":"categories","enabled":false,"label":"In","style":"simple"},{"id":"comments","enabled":true}],"page_meta_elements":{"joined":true,"articles_count":true,"comments":true}},{"id":"breadcrumbs","enabled":false}],"df2ebe791f90eea1db152da20fbeac92":"","hero_alignment1":"CT_CSS_SKIP_RULE","hero_margin":40,"hero_alignment2":"center","hero_vertical_alignment":"center","7306495ef28b7caa97798dffa77f609b":"","hero_structure":"narrow","3270ae7e31121afd49dc0a0aa5e67f73":"","page_title_bg_type":"featured_image","custom_hero_background":{"attachment_id":null},"parallax":{"desktop":false,"tablet":false,"mobile":false},"b44a1e6cd9de7c8def311d113a9c577e":"","hero_height":"250px","pageTitleFont":{"family":"Default","variation":"Default","size":"30px","line-height":"CT_CSS_SKIP_RULE","letter-spacing":"CT_CSS_SKIP_RULE","text-transform":"CT_CSS_SKIP_RULE","text-decoration":"CT_CSS_SKIP_RULE"},"pageTitleFontColor":{"default":{"color":"CT_CSS_SKIP_RULEDEFAULT"}},"pageMetaFont":{"family":"Default","variation":"n6","size":"12px","line-height":"1.3","letter-spacing":"CT_CSS_SKIP_RULE","text-transform":"uppercase","text-decoration":"CT_CSS_SKIP_RULE"},"pageMetaFontColor":{"default":{"color":"CT_CSS_SKIP_RULEDEFAULT"},"hover":{"color":"CT_CSS_SKIP_RULEDEFAULT"}},"page_meta_button_type_font_colors":{"default":{"color":"CT_CSS_SKIP_RULEDEFAULT"},"hover":{"color":"CT_CSS_SKIP_RULEDEFAULT"}},"page_meta_button_type_background_colors":{"default":{"color":"CT_CSS_SKIP_RULEDEFAULT"},"hover":{"color":"CT_CSS_SKIP_RULEDEFAULT"}},"pageExcerptFont":{"family":"Default","variation":"Default","size":"CT_CSS_SKIP_RULE","line-height":"CT_CSS_SKIP_RULE","letter-spacing":"CT_CSS_SKIP_RULE","text-transform":"CT_CSS_SKIP_RULE","text-decoration":"CT_CSS_SKIP_RULE"},"pageExcerptColor":{"default":{"color":"CT_CSS_SKIP_RULEDEFAULT"}},"breadcrumbsFont":{"family":"Default","variation":"Default","size":"CT_CSS_SKIP_RULE","line-height":"CT_CSS_SKIP_RULE","letter-spacing":"CT_CSS_SKIP_RULE","text-transform":"CT_CSS_SKIP_RULE","text-decoration":"CT_CSS_SKIP_RULE"},"breadcrumbsFontColor":{"default":{"color":"CT_CSS_SKIP_RULEDEFAULT"},"initial":{"color":"CT_CSS_SKIP_RULEDEFAULT"},"hover":{"color":"CT_CSS_SKIP_RULEDEFAULT"}},"pageTitleOverlay":{"background_type":"color","background_pattern":"type-1","background_image":{"attachment_id":null,"x":0,"y":0},"gradient":"linear-gradient(135deg,rgba(6,147,227,1) 0%,rgb(155,81,224) 100%)","background_repeat":"repeat","background_size":"auto","background_attachment":"scroll","patternColor":{"default":{"color":"#e5e7ea"}},"overlayColor":{"default":{"color":"CT_CSS_SKIP_RULE"}},"backgroundColor":{"default":{"color":"CT_CSS_SKIP_RULE"}}},"pageTitleBackground":{"background_type":"color","background_pattern":"type-1","background_image":{"attachment_id":null,"x":0,"y":0},"gradient":"linear-gradient(135deg,rgba(6,147,227,1) 0%,rgb(155,81,224) 100%)","background_repeat":"repeat","background_size":"auto","background_attachment":"scroll","patternColor":{"default":{"color":"#e5e7ea"}},"overlayColor":{"default":{"color":"CT_CSS_SKIP_RULE"}},"backgroundColor":{"default":{"color":"var(--theme-palette-color-6)"}}},"pageTitlePadding":{"top":"50px","bottom":"50px","left":"auto","right":"auto","linked":true},"349d28852cc80bf2afbda0c5bf393627":"","page_structure_type":"default","8e98da53888c0fde48b562c569fb7662":"","content_style_source":"inherit","content_style":"wide","vertical_spacing_source":"custom","content_area_spacing":"none","background":{"background_type":"color","background_pattern":"type-1","background_image":{"attachment_id":null,"x":0,"y":0},"gradient":"linear-gradient(135deg,rgba(6,147,227,1) 0%,rgb(155,81,224) 100%)","background_repeat":"repeat","background_size":"auto","background_attachment":"scroll","patternColor":{"default":{"color":"#e5e7ea"}},"overlayColor":{"default":{"color":"CT_CSS_SKIP_RULE"}},"backgroundColor":{"default":{"color":"CT_CSS_SKIP_RULE"}}},"content_background":{"background_type":"color","background_pattern":"type-1","background_image":{"attachment_id":null,"x":0,"y":0},"gradient":"linear-gradient(135deg,rgba(6,147,227,1) 0%,rgb(155,81,224) 100%)","background_repeat":"repeat","background_size":"auto","background_attachment":"scroll","patternColor":{"default":{"color":"#e5e7ea"}},"overlayColor":{"default":{"color":"CT_CSS_SKIP_RULE"}},"backgroundColor":{"default":{"color":"var(--theme-palette-color-8)"}}},"content_boxed_shadow":{"inherit":false,"blur":18,"spread":-6,"v_offset":12,"h_offset":0,"inset":false,"enable":true,"color":{"color":"rgba(34, 56, 101, 0.04)"}},"boxed_content_spacing":{"desktop":{"top":"40px","bottom":"40px","left":"40px","right":"40px","linked":true},"tablet":{"top":"35px","bottom":"35px","left":"35px","right":"35px","linked":true},"mobile":{"top":"20px","bottom":"20px","left":"20px","right":"20px","linked":true}},"content_boxed_radius":{"top":"3px","bottom":"3px","left":"3px","right":"3px","linked":true},"f8ecb128d0a0b88b8863f080a2e72733":"","disable_featured_image":"no","disable_header":"no","disable_footer":"no"},"jetpack_sharing_enabled":true,"_links":{"self":[{"href":"https:\/\/mascoweb.com.ar\/tienda\/wp-json\/wp\/v2\/pages\/1666","targetHints":{"allow":["GET"]}}],"collection":[{"href":"https:\/\/mascoweb.com.ar\/tienda\/wp-json\/wp\/v2\/pages"}],"about":[{"href":"https:\/\/mascoweb.com.ar\/tienda\/wp-json\/wp\/v2\/types\/page"}],"author":[{"embeddable":true,"href":"https:\/\/mascoweb.com.ar\/tienda\/wp-json\/wp\/v2\/users\/1"}],"replies":[{"embeddable":true,"href":"https:\/\/mascoweb.com.ar\/tienda\/wp-json\/wp\/v2\/comments?post=1666"}],"version-history":[{"count":30,"href":"https:\/\/mascoweb.com.ar\/tienda\/wp-json\/wp\/v2\/pages\/1666\/revisions"}],"predecessor-version":[{"id":3356,"href":"https:\/\/mascoweb.com.ar\/tienda\/wp-json\/wp\/v2\/pages\/1666\/revisions\/3356"}],"wp:attachment":[{"href":"https:\/\/mascoweb.com.ar\/tienda\/wp-json\/wp\/v2\/media?parent=1666"}],"curies":[{"name":"wp","href":"https:\/\/api.w.org\/{rel}","templated":true}]}}