{"id":1004,"date":"2025-02-18T15:49:19","date_gmt":"2025-02-18T18:49:19","guid":{"rendered":"https:\/\/mascoweb.com.ar\/tienda\/?post_type=product&#038;p=1004"},"modified":"2026-04-21T09:33:49","modified_gmt":"2026-04-21T12:33:49","slug":"yenu-perros-adultos-razas-pequenas-x-10-kg","status":"publish","type":"product","link":"https:\/\/mascoweb.com.ar\/tienda\/producto\/yenu-perros-adultos-razas-pequenas-x-10-kg\/","title":{"rendered":"Yen\u00fa Perros Adultos Razas Peque\u00f1as x 10 kg"},"content":{"rendered":"<p>Yen\u00fa Mordida Peque\u00f1a est\u00e1 especialmente<br \/>\ndesarrollado para brindar una \u00f3ptima<br \/>\nmasticaci\u00f3n y degluci\u00f3n del alimento en<br \/>\nrazas de tama\u00f1o peque\u00f1o.<br \/>\nEl mismo presenta una croqueta de menor<br \/>\ntama\u00f1o pero con las mismas caracter\u00edsticas<br \/>\nvitam\u00ednicas y nutritivas que las versiones<br \/>\npara razas grandes.<\/p>\n<p>YENU ADULTOS MORDIDA PEQUE\u00d1A<br \/>\nPara Perros de 1 a 10 Kg. de peso<\/p>\n","protected":false},"excerpt":{"rendered":"<p>Yen\u00fa Mordida Peque\u00f1a est\u00e1 especialmente<br \/>\ndesarrollado para brindar una \u00f3ptima<br \/>\nmasticaci\u00f3n y degluci\u00f3n del alimento en<br \/>\nrazas de tama\u00f1o peque\u00f1o.<br \/>\nEl mismo presenta una croqueta de menor<br \/>\ntama\u00f1o pero con las mismas caracter\u00edsticas<br \/>\nvitam\u00ednicas y nutritivas que las versiones<br \/>\npara razas grandes.<\/p>\n<p>YENU ADULTOS MORDIDA PEQUE\u00d1A<br \/>\nPara Perros de 1 a 10 Kg. de peso<\/p>\n","protected":false},"featured_media":1005,"template":"","meta":{"_gspb_post_css":"","_joinchat":[]},"product_brand":[70],"product_cat":[137,29,140],"product_tag":[46,32,34,63],"class_list":{"0":"post-1004","1":"product","2":"type-product","3":"status-publish","4":"has-post-thumbnail","6":"product_brand-yenu","7":"product_cat-perrosadultos","8":"product_cat-alimentoparaperros","9":"product_cat-mordidapequenia","10":"product_tag-10kg","11":"product_tag-adultos","12":"product_tag-mordida-pequena","13":"product_tag-superpremium","15":"first","16":"instock","17":"purchasable","18":"product-type-simple"},"jetpack_sharing_enabled":true,"_links":{"self":[{"href":"https:\/\/mascoweb.com.ar\/tienda\/wp-json\/wp\/v2\/product\/1004","targetHints":{"allow":["GET"]}}],"collection":[{"href":"https:\/\/mascoweb.com.ar\/tienda\/wp-json\/wp\/v2\/product"}],"about":[{"href":"https:\/\/mascoweb.com.ar\/tienda\/wp-json\/wp\/v2\/types\/product"}],"wp:featuredmedia":[{"embeddable":true,"href":"https:\/\/mascoweb.com.ar\/tienda\/wp-json\/wp\/v2\/media\/1005"}],"wp:attachment":[{"href":"https:\/\/mascoweb.com.ar\/tienda\/wp-json\/wp\/v2\/media?parent=1004"}],"wp:term":[{"taxonomy":"product_brand","embeddable":true,"href":"https:\/\/mascoweb.com.ar\/tienda\/wp-json\/wp\/v2\/product_brand?post=1004"},{"taxonomy":"product_cat","embeddable":true,"href":"https:\/\/mascoweb.com.ar\/tienda\/wp-json\/wp\/v2\/product_cat?post=1004"},{"taxonomy":"product_tag","embeddable":true,"href":"https:\/\/mascoweb.com.ar\/tienda\/wp-json\/wp\/v2\/product_tag?post=1004"}],"curies":[{"name":"wp","href":"https:\/\/api.w.org\/{rel}","templated":true}]}}