{"id":1018,"date":"2025-02-18T16:35:31","date_gmt":"2025-02-18T19:35:31","guid":{"rendered":"https:\/\/mascoweb.com.ar\/tienda\/?post_type=product&#038;p=1018"},"modified":"2026-04-21T09:34:48","modified_gmt":"2026-04-21T12:34:48","slug":"duncan-perros-adultos-mordida-pequena-x-20-kg","status":"publish","type":"product","link":"https:\/\/mascoweb.com.ar\/tienda\/producto\/duncan-perros-adultos-mordida-pequena-x-20-kg\/","title":{"rendered":"Duncan Perros Adultos Mordida Peque\u00f1a x 20 kg"},"content":{"rendered":"<h5 class=\"mb-4\"><span style=\"font-size: 16px\">Duncan Alimento Premium Perros Adultos Mordida Peque\u00f1a x 20 kg<\/span><\/h5>\n<div class=\"user-content font-small mb-4\">\n<p>DUNCAN Ha sido desarrollado en base a la experiencia de m\u00e1s de treinta a\u00f1os en alimentaci\u00f3n animal, brind\u00e1ndole a tu mascota una cuidada selecci\u00f3n de materias primas e ingredientes para lograr una eficiente nutrici\u00f3n.<\/p>\n<p>Es el resultado de exhaustivos estudios realizados en caniles y laboratorios dando como resultado un alimento que cumple con los requerimientos necesarios para lograr una excelente nutrici\u00f3n y un \u00f3ptimo desarrollo en el crecimiento de tus mascotas.<\/p>\n<\/div>\n<p><strong>24% de prote\u00ednas- Indicado para perros adultos de raza peque\u00f1a mayores a 12 meses- Contiene 20kg<\/strong><\/p>\n","protected":false},"excerpt":{"rendered":"<h5 class=\"mb-4\"><span style=\"font-size: 16px\">Duncan Alimento Premium Perros Adultos Mordida Peque\u00f1a x 20 kg<\/span><\/h5>\n<div class=\"user-content font-small mb-4\">\n<p>DUNCAN Ha sido desarrollado en base a la experiencia de m\u00e1s de treinta a\u00f1os en alimentaci\u00f3n animal, brind\u00e1ndole a tu mascota una cuidada selecci\u00f3n de materias primas e ingredientes para lograr una eficiente nutrici\u00f3n.<\/p>\n<p>Es el resultado de exhaustivos estudios realizados en caniles y laboratorios dando como resultado un alimento que cumple con los requerimientos necesarios para lograr una excelente nutrici\u00f3n y un \u00f3ptimo desarrollo en el crecimiento de tus mascotas.<\/p>\n<\/div>\n<p><strong>24% de prote\u00ednas- Indicado para perros adultos de raza peque\u00f1a mayores a 12 meses- Contiene 20kg<\/strong><\/p>\n","protected":false},"featured_media":1019,"template":"","meta":{"_gspb_post_css":"","_joinchat":[]},"product_brand":[71],"product_cat":[137,29,140],"product_tag":[41,32,34,64],"class_list":{"0":"post-1018","1":"product","2":"type-product","3":"status-publish","4":"has-post-thumbnail","6":"product_brand-duncan","7":"product_cat-perrosadultos","8":"product_cat-alimentoparaperros","9":"product_cat-mordidapequenia","10":"product_tag-20kg","11":"product_tag-adultos","12":"product_tag-mordida-pequena","13":"product_tag-premium","15":"first","16":"instock","17":"purchasable","18":"product-type-simple"},"jetpack_sharing_enabled":true,"_links":{"self":[{"href":"https:\/\/mascoweb.com.ar\/tienda\/wp-json\/wp\/v2\/product\/1018","targetHints":{"allow":["GET"]}}],"collection":[{"href":"https:\/\/mascoweb.com.ar\/tienda\/wp-json\/wp\/v2\/product"}],"about":[{"href":"https:\/\/mascoweb.com.ar\/tienda\/wp-json\/wp\/v2\/types\/product"}],"wp:featuredmedia":[{"embeddable":true,"href":"https:\/\/mascoweb.com.ar\/tienda\/wp-json\/wp\/v2\/media\/1019"}],"wp:attachment":[{"href":"https:\/\/mascoweb.com.ar\/tienda\/wp-json\/wp\/v2\/media?parent=1018"}],"wp:term":[{"taxonomy":"product_brand","embeddable":true,"href":"https:\/\/mascoweb.com.ar\/tienda\/wp-json\/wp\/v2\/product_brand?post=1018"},{"taxonomy":"product_cat","embeddable":true,"href":"https:\/\/mascoweb.com.ar\/tienda\/wp-json\/wp\/v2\/product_cat?post=1018"},{"taxonomy":"product_tag","embeddable":true,"href":"https:\/\/mascoweb.com.ar\/tienda\/wp-json\/wp\/v2\/product_tag?post=1018"}],"curies":[{"name":"wp","href":"https:\/\/api.w.org\/{rel}","templated":true}]}}