{"id":1028,"date":"2025-02-18T18:51:46","date_gmt":"2025-02-18T21:51:46","guid":{"rendered":"https:\/\/mascoweb.com.ar\/tienda\/?post_type=product&#038;p=1028"},"modified":"2026-05-13T12:36:12","modified_gmt":"2026-05-13T15:36:12","slug":"atos-gatos-adultos-x-10-kg","status":"publish","type":"product","link":"https:\/\/mascoweb.com.ar\/tienda\/producto\/atos-gatos-adultos-x-10-kg\/","title":{"rendered":"Atos Gatos Adultos x 10 kg"},"content":{"rendered":"<h5 class=\"mb-4\">Atos Alimento Completo Gatos Adultos x 10 kg<\/h5>\n<div class=\"user-content font-small mb-4\">\n<p>ATOS es un alimento cient\u00edficamente desarrollado para nutrir a tu gato, elaborado a base de nutrientes naturales. Conoce las bondades que ATOS le brinda a tu gato y comenz\u00e1 a comprobarlo en tu mascota.<\/p>\n<ul>\n<li>SABOR RESALTADO: El uso de materias primas de excelente calidad, junto a los sabores naturales exclusivos de la f\u00f3rmula, estimulan el apetito favoreciendo su r\u00e1pida aceptaci\u00f3n.<\/li>\n<li>ANTIOXIDANTES NATURALES: La incorporaci\u00f3n de extracto de romero, en forma conjunta con la vitamina C, vitamina E y Taurina protegen el ADN contra los da\u00f1os oxidativos producidos por los radicales libres.<\/li>\n<li>BALANCE VITAM\u00cdNICO: Cada vitamina desempe\u00f1a una funci\u00f3n concreta dentro del organismo, por tanto, la deficiencia de una de ellas puede provocar alg\u00fan trastorno org\u00e1nico. Atos gatos est\u00e1 correctamente formulado para satisfacer las demandas vitam\u00ednicas de los felinos.<\/li>\n<li>CONTIENE TAURINA: La taurina es un amino\u00e1cido esencial muy importante en los gatos para el correcto funcionamiento del m\u00fasculo card\u00edaco, la visi\u00f3n, el sistema digestivo y el sistema reproductivo.<\/li>\n<\/ul>\n<p><strong>\u00a0 \u00a0 28% de prote\u00ednas- Indicado para gatos mayores de 12 meses- Contiene 10 kg.<\/strong><\/p>\n<\/div>\n","protected":false},"excerpt":{"rendered":"<h5 class=\"mb-4\">Descripci\u00f3n<\/h5>\n<div class=\"user-content font-small mb-4\">\n<p>ATOS es un alimento cient\u00edficamente desarrollado para nutrir a tu gato, elaborado a base de nutrientes naturales. Conoce las bondades que ATOS le brinda a tu gato y comenz\u00e1 a comprobarlo en tu mascota.<\/p>\n<ul>\n<li>SABOR RESALTADO: El uso de materias primas de excelente calidad, junto a los sabores naturales exclusivos de la f\u00f3rmula, estimulan el apetito favoreciendo su r\u00e1pida aceptaci\u00f3n.<\/li>\n<li>ANTIOXIDANTES NATURALES: La incorporaci\u00f3n de extracto de romero, en forma conjunta con la vitamina C, vitamina E y Taurina protegen el ADN contra los da\u00f1os oxidativos producidos por los radicales libres.<\/li>\n<li>BALANCE VITAM\u00cdNICO: Cada vitamina desempe\u00f1a una funci\u00f3n concreta dentro del organismo, por tanto, la deficiencia de una de ellas puede provocar alg\u00fan trastorno org\u00e1nico. Atos gatos est\u00e1 correctamente formulado para satisfacer las demandas vitam\u00ednicas de los felinos.<\/li>\n<li>CONTIENE TAURINA: La taurina es un amino\u00e1cido esencial muy importante en los gatos para el correcto funcionamiento del m\u00fasculo card\u00edaco, la visi\u00f3n, el sistema digestivo y el sistema reproductivo.<\/li>\n<\/ul>\n<p><strong>\u00a0 \u00a0 28% de prote\u00ednas- Indicado para gatos mayores de 12 meses- Contiene 10 kg.<\/strong><\/p>\n<\/div>\n","protected":false},"featured_media":2300,"template":"","meta":{"_gspb_post_css":"","_joinchat":[]},"product_brand":[72],"product_cat":[144,30],"product_tag":[46,32,65],"class_list":{"0":"post-1028","1":"product","2":"type-product","3":"status-publish","4":"has-post-thumbnail","6":"product_brand-atos","7":"product_cat-gatosadultos","8":"product_cat-alimentoparagatos","9":"product_tag-10kg","10":"product_tag-adultos","11":"product_tag-lineamedia","13":"first","14":"instock","15":"purchasable","16":"product-type-simple"},"jetpack_sharing_enabled":true,"_links":{"self":[{"href":"https:\/\/mascoweb.com.ar\/tienda\/wp-json\/wp\/v2\/product\/1028","targetHints":{"allow":["GET"]}}],"collection":[{"href":"https:\/\/mascoweb.com.ar\/tienda\/wp-json\/wp\/v2\/product"}],"about":[{"href":"https:\/\/mascoweb.com.ar\/tienda\/wp-json\/wp\/v2\/types\/product"}],"wp:featuredmedia":[{"embeddable":true,"href":"https:\/\/mascoweb.com.ar\/tienda\/wp-json\/wp\/v2\/media\/2300"}],"wp:attachment":[{"href":"https:\/\/mascoweb.com.ar\/tienda\/wp-json\/wp\/v2\/media?parent=1028"}],"wp:term":[{"taxonomy":"product_brand","embeddable":true,"href":"https:\/\/mascoweb.com.ar\/tienda\/wp-json\/wp\/v2\/product_brand?post=1028"},{"taxonomy":"product_cat","embeddable":true,"href":"https:\/\/mascoweb.com.ar\/tienda\/wp-json\/wp\/v2\/product_cat?post=1028"},{"taxonomy":"product_tag","embeddable":true,"href":"https:\/\/mascoweb.com.ar\/tienda\/wp-json\/wp\/v2\/product_tag?post=1028"}],"curies":[{"name":"wp","href":"https:\/\/api.w.org\/{rel}","templated":true}]}}