{"id":1032,"date":"2025-02-18T18:59:34","date_gmt":"2025-02-18T21:59:34","guid":{"rendered":"https:\/\/mascoweb.com.ar\/tienda\/?post_type=product&#038;p=1032"},"modified":"2026-04-21T09:36:46","modified_gmt":"2026-04-21T12:36:46","slug":"darwin-perros-adultos-x-15-kg","status":"publish","type":"product","link":"https:\/\/mascoweb.com.ar\/tienda\/producto\/darwin-perros-adultos-x-15-kg\/","title":{"rendered":"Darwin Perros Adultos x 15 kg"},"content":{"rendered":"<h5 class=\"mb-4\">Darwin Perros Adultos x 15 kg<\/h5>\n<div class=\"user-content font-small mb-4\">\n<p><strong>Tu mascota siempre saludable:\u00a0<\/strong>Ellos son parte de la familia, nos regalan su compa\u00f1\u00eda y cari\u00f1o. Para mantenerlos sanos y fuertes, una alimentaci\u00f3n balanceada es esencial. Brindale a tu perro los nutrientes que necesita para que pueda correr, saltar y jugar todo el d\u00eda.<\/p>\n<p><strong>18% de prote\u00ednas- Indicado para perros adultos mayores de 12 meses &#8211; Contiene 15 kg.\u00a0<\/strong><\/p>\n<\/div>\n<div id=\"reviewsapp\"><\/div>\n","protected":false},"excerpt":{"rendered":"<h5 class=\"mb-4\">Darwin Perros Adultos<\/h5>\n<div class=\"user-content font-small mb-4\">\n<p><strong>Tu mascota siempre saludable:\u00a0<\/strong>Ellos son parte de la familia, nos regalan su compa\u00f1\u00eda y cari\u00f1o. Para mantenerlos sanos y fuertes, una alimentaci\u00f3n balanceada es esencial. Brindale a tu perro los nutrientes que necesita para que pueda correr, saltar y jugar todo el d\u00eda.<\/p>\n<p><strong>18% de prote\u00ednas- Indicado para perros adultos mayores de 12 meses &#8211; Contiene 15 kg.<\/strong><\/p>\n<\/div>\n","protected":false},"featured_media":2331,"template":"","meta":{"_gspb_post_css":"","_joinchat":[]},"product_brand":[73],"product_cat":[137,29],"product_tag":[44,32,67],"class_list":{"0":"post-1032","1":"product","2":"type-product","3":"status-publish","4":"has-post-thumbnail","6":"product_brand-darwin","7":"product_cat-perrosadultos","8":"product_cat-alimentoparaperros","9":"product_tag-15kg","10":"product_tag-adultos","11":"product_tag-lineaeconomica","13":"first","14":"instock","15":"purchasable","16":"product-type-simple"},"jetpack_sharing_enabled":true,"_links":{"self":[{"href":"https:\/\/mascoweb.com.ar\/tienda\/wp-json\/wp\/v2\/product\/1032","targetHints":{"allow":["GET"]}}],"collection":[{"href":"https:\/\/mascoweb.com.ar\/tienda\/wp-json\/wp\/v2\/product"}],"about":[{"href":"https:\/\/mascoweb.com.ar\/tienda\/wp-json\/wp\/v2\/types\/product"}],"wp:featuredmedia":[{"embeddable":true,"href":"https:\/\/mascoweb.com.ar\/tienda\/wp-json\/wp\/v2\/media\/2331"}],"wp:attachment":[{"href":"https:\/\/mascoweb.com.ar\/tienda\/wp-json\/wp\/v2\/media?parent=1032"}],"wp:term":[{"taxonomy":"product_brand","embeddable":true,"href":"https:\/\/mascoweb.com.ar\/tienda\/wp-json\/wp\/v2\/product_brand?post=1032"},{"taxonomy":"product_cat","embeddable":true,"href":"https:\/\/mascoweb.com.ar\/tienda\/wp-json\/wp\/v2\/product_cat?post=1032"},{"taxonomy":"product_tag","embeddable":true,"href":"https:\/\/mascoweb.com.ar\/tienda\/wp-json\/wp\/v2\/product_tag?post=1032"}],"curies":[{"name":"wp","href":"https:\/\/api.w.org\/{rel}","templated":true}]}}