{"id":1036,"date":"2025-02-18T19:17:24","date_gmt":"2025-02-18T22:17:24","guid":{"rendered":"https:\/\/mascoweb.com.ar\/tienda\/?post_type=product&#038;p=1036"},"modified":"2026-04-21T09:36:10","modified_gmt":"2026-04-21T12:36:10","slug":"de-diez-perros-adultos-x-15-kg","status":"publish","type":"product","link":"https:\/\/mascoweb.com.ar\/tienda\/producto\/de-diez-perros-adultos-x-15-kg\/","title":{"rendered":"De Diez Perros Adultos x 15+2 kg"},"content":{"rendered":"<h5 class=\"mb-4\">De Diez Alimento Premium Perros Adultos x 15+2 kg<\/h5>\n<div class=\"user-content font-small mb-4\">\n<p><strong>Salud Digestiva: <\/strong>Contiene pulpa de remolacha, extracto de yucca schidigera y zeolita, que favorecen el sistema digestivo, y ayudan a obtener deposiciones m\u00e1s firmes.<\/p>\n<div class=\"user-content font-small mb-4\">\n<p><strong>Inmunidad Fortalecida: <\/strong>Los antioxidantes naturales, tocoferoles y extractos vegetales contribuyen a reforzar la inmunidad natural.<\/p>\n<div class=\"user-content font-small mb-4\">\n<p><strong>Salud de M\u00fasculos y Huesos: <\/strong>Formulado con una combinaci\u00f3n rica en prote\u00ednas y vitaminas que favorecen el desarrollo de m\u00fasculos y huesos firmes.<\/p>\n<div class=\"user-content font-small mb-4\">\n<p><strong>Cuidado de la Belleza de la Piel: <\/strong>\u00c1cidos grasos omega 3, vitamina A y zinc para una piel m\u00e1s saludable y pelaje reluciente.<\/p>\n<p><strong>SIN COLORANTES ARTIFICIALES<\/strong><\/p>\n<\/div>\n<\/div>\n<\/div>\n<p><strong>23% de prote\u00ednas- Indicado para perros adultos mayores de 12 meses &#8211; Contiene 15 kg.\u00a0<\/strong><\/p>\n<\/div>\n","protected":false},"excerpt":{"rendered":"<h5 class=\"mb-4\">De Diez Alimento Premium Perros Adultos x 15+2 kg<\/h5>\n<div class=\"user-content font-small mb-4\">\n<p><strong>Salud Digestiva: <\/strong>Contiene pulpa de remolacha, extracto de yucca schidigera y zeolita, que favorecen el sistema digestivo, y ayudan a obtener deposiciones m\u00e1s firmes.<\/p>\n<div class=\"user-content font-small mb-4\">\n<p><strong>Inmunidad Fortalecida: <\/strong>Los antioxidantes naturales, tocoferoles y extractos vegetales contribuyen a reforzar la inmunidad natural.<\/p>\n<div class=\"user-content font-small mb-4\">\n<p><strong>Salud de M\u00fasculos y Huesos: <\/strong>Formulado con una combinaci\u00f3n rica en prote\u00ednas y vitaminas que favorecen el desarrollo de m\u00fasculos y huesos firmes.<\/p>\n<div class=\"user-content font-small mb-4\">\n<p><strong>Cuidado de la Belleza de la Piel: <\/strong>\u00c1cidos grasos omega 3, vitamina A y zinc para una piel m\u00e1s saludable y pelaje reluciente.<\/p>\n<p><strong>SIN COLORANTES ARTIFICIALES<\/strong><\/p>\n<\/div>\n<\/div>\n<\/div>\n<p><strong>23% de prote\u00ednas- Indicado para perros adultos mayores de 12 meses &#8211; Contiene 15 kg.<\/strong><\/p>\n<\/div>\n","protected":false},"featured_media":2333,"template":"","meta":{"_gspb_post_css":"","_joinchat":[]},"product_brand":[74],"product_cat":[137,29,62],"product_tag":[44,32,64],"class_list":{"0":"post-1036","1":"product","2":"type-product","3":"status-publish","4":"has-post-thumbnail","6":"product_brand-de-diez","7":"product_cat-perrosadultos","8":"product_cat-alimentoparaperros","9":"product_cat-kilos-de-regalo","10":"product_tag-15kg","11":"product_tag-adultos","12":"product_tag-premium","14":"first","15":"instock","16":"purchasable","17":"product-type-simple"},"jetpack_sharing_enabled":true,"_links":{"self":[{"href":"https:\/\/mascoweb.com.ar\/tienda\/wp-json\/wp\/v2\/product\/1036","targetHints":{"allow":["GET"]}}],"collection":[{"href":"https:\/\/mascoweb.com.ar\/tienda\/wp-json\/wp\/v2\/product"}],"about":[{"href":"https:\/\/mascoweb.com.ar\/tienda\/wp-json\/wp\/v2\/types\/product"}],"wp:featuredmedia":[{"embeddable":true,"href":"https:\/\/mascoweb.com.ar\/tienda\/wp-json\/wp\/v2\/media\/2333"}],"wp:attachment":[{"href":"https:\/\/mascoweb.com.ar\/tienda\/wp-json\/wp\/v2\/media?parent=1036"}],"wp:term":[{"taxonomy":"product_brand","embeddable":true,"href":"https:\/\/mascoweb.com.ar\/tienda\/wp-json\/wp\/v2\/product_brand?post=1036"},{"taxonomy":"product_cat","embeddable":true,"href":"https:\/\/mascoweb.com.ar\/tienda\/wp-json\/wp\/v2\/product_cat?post=1036"},{"taxonomy":"product_tag","embeddable":true,"href":"https:\/\/mascoweb.com.ar\/tienda\/wp-json\/wp\/v2\/product_tag?post=1036"}],"curies":[{"name":"wp","href":"https:\/\/api.w.org\/{rel}","templated":true}]}}