{"id":1042,"date":"2025-02-18T20:55:28","date_gmt":"2025-02-18T23:55:28","guid":{"rendered":"https:\/\/mascoweb.com.ar\/tienda\/?post_type=product&#038;p=1042"},"modified":"2026-05-13T10:20:10","modified_gmt":"2026-05-13T13:20:10","slug":"piedras-sanitarias-diabsorb-x-25-kg","status":"publish","type":"product","link":"https:\/\/mascoweb.com.ar\/tienda\/producto\/piedras-sanitarias-diabsorb-x-25-kg\/","title":{"rendered":"Piedras Sanitarias Diabsorb x 25 kg"},"content":{"rendered":"<p>Las Piedras Sanitarias Diabsorb X 25 Kg son la soluci\u00f3n perfecta para mantener tu espacio fresco y limpio. Con un peso neto de 25 kg, estas piedras sanitarias son ideales para mantener la higiene en ba\u00f1os y espacios p\u00fablicos. La marca Diabsorb garantiza calidad y eficacia en la eliminaci\u00f3n de olores desagradables. Adem\u00e1s, su fragancia neutra no interferir\u00e1 con otros aromas en el ambiente.<\/p>\n","protected":false},"excerpt":{"rendered":"<p>Las Piedras Sanitarias Diabsorb X 25 Kg son la soluci\u00f3n perfecta para mantener tu espacio fresco y limpio. Con un peso neto de 25 kg, estas piedras sanitarias son ideales para mantener la higiene en ba\u00f1os y espacios p\u00fablicos. La marca Diabsorb garantiza calidad y eficacia en la eliminaci\u00f3n de olores desagradables. Adem\u00e1s, su fragancia neutra no interferir\u00e1 con otros aromas en el ambiente.<\/p>\n","protected":false},"featured_media":1043,"template":"","meta":{"_gspb_post_css":"","_joinchat":[]},"product_brand":[],"product_cat":[80],"product_tag":[83],"class_list":{"0":"post-1042","1":"product","2":"type-product","3":"status-publish","4":"has-post-thumbnail","6":"product_cat-piedrasypellets","7":"product_tag-piedrassanitarias","9":"first","10":"instock","11":"purchasable","12":"product-type-simple"},"jetpack_sharing_enabled":true,"_links":{"self":[{"href":"https:\/\/mascoweb.com.ar\/tienda\/wp-json\/wp\/v2\/product\/1042","targetHints":{"allow":["GET"]}}],"collection":[{"href":"https:\/\/mascoweb.com.ar\/tienda\/wp-json\/wp\/v2\/product"}],"about":[{"href":"https:\/\/mascoweb.com.ar\/tienda\/wp-json\/wp\/v2\/types\/product"}],"wp:featuredmedia":[{"embeddable":true,"href":"https:\/\/mascoweb.com.ar\/tienda\/wp-json\/wp\/v2\/media\/1043"}],"wp:attachment":[{"href":"https:\/\/mascoweb.com.ar\/tienda\/wp-json\/wp\/v2\/media?parent=1042"}],"wp:term":[{"taxonomy":"product_brand","embeddable":true,"href":"https:\/\/mascoweb.com.ar\/tienda\/wp-json\/wp\/v2\/product_brand?post=1042"},{"taxonomy":"product_cat","embeddable":true,"href":"https:\/\/mascoweb.com.ar\/tienda\/wp-json\/wp\/v2\/product_cat?post=1042"},{"taxonomy":"product_tag","embeddable":true,"href":"https:\/\/mascoweb.com.ar\/tienda\/wp-json\/wp\/v2\/product_tag?post=1042"}],"curies":[{"name":"wp","href":"https:\/\/api.w.org\/{rel}","templated":true}]}}