{"id":1044,"date":"2025-02-18T21:11:43","date_gmt":"2025-02-19T00:11:43","guid":{"rendered":"https:\/\/mascoweb.com.ar\/tienda\/?post_type=product&#038;p=1044"},"modified":"2026-04-10T09:17:06","modified_gmt":"2026-04-10T12:17:06","slug":"combo-excellent-gato-adulto-x-75-kg-piedras-sanitarias-x-25-kg","status":"publish","type":"product","link":"https:\/\/mascoweb.com.ar\/tienda\/producto\/combo-excellent-gato-adulto-x-75-kg-piedras-sanitarias-x-25-kg\/","title":{"rendered":"Combo Excellent Gato Adulto x 7,5 kg + Piedras Sanitarias x 25 kg"},"content":{"rendered":"<h5 class=\"card-subtitle mb-1\">COMBO EXCELLENT GATO x 7,5 kg + PIEDRAS SANITARIAS DIABSORB x 25 kg<\/h5>\n<p>PURINA\u00ae EXCELLENT\u2122 le ofrece una f\u00f3rmula con fuentes de prote\u00ednas de elevada digestibilidad que ayudan a mantener m\u00fasculos fuertes y sanos, adem\u00e1s de una \u00f3ptima combinaci\u00f3n de ingredientes que ayuda a mantener un pH adecuado en la orina.<\/p>\n<p>Con el sistema SMART NUTRITION BY PURINA\u00ae, que aporta m\u00faltiples beneficios cient\u00edficamente comprobados, que mantienen a tu gato con un excelente estado de salud.<\/p>\n<p><strong>Contribuye a una condici\u00f3n corporal ideal<\/strong><br \/>\nCon fuentes de prote\u00ednas de elevada digestibilidad garantiza el aporte de amino\u00e1cidos esenciales que ayudan a mantener m\u00fasculos fuertes y sanos.<\/p>\n<p><strong>Balance adecuado de ingredientes para un tracto urinario saludable\u00a0<\/strong><br \/>\nUna \u00f3ptima combinaci\u00f3n de ingredientes que ayuda a mantener un pH adecuado en la orina, que contribuye a la reducci\u00f3n de la formaci\u00f3n de c\u00e1lculos y cristales, colaborando con el mantenimiento de un tracto urinario saludable.<\/p>\n<p><strong>Favorece a una piel y pelaje saludables<\/strong><br \/>\nLa combinaci\u00f3n de los \u00e1cidos grasos omega 6 y 3 junto a vitaminas y minerales favorecen la salud de la piel y un pelaje saludable.<\/p>\n<p>&nbsp;<\/p>\n<p>Las Piedras Sanitarias Diabsorb X 25 Kg son la soluci\u00f3n perfecta para mantener tu espacio fresco y limpio. Con un peso neto de 25 kg, estas piedras sanitarias son ideales para mantener la higiene en ba\u00f1os y espacios p\u00fablicos. La marca Diabsorb garantiza calidad y eficacia en la eliminaci\u00f3n de olores desagradables. Adem\u00e1s, su fragancia neutra no interferir\u00e1 con otros aromas en el ambiente. Aseg\u00farate de tener siempre a mano las Piedras Sanitarias Diabsorb X 25 Kg para disfrutar de un ambiente limpio y fresco en todo momento.<\/p>\n","protected":false},"excerpt":{"rendered":"<h5 class=\"card-subtitle mb-1\">COMBO EXCELLENT GATO x 7,5 kg + PIEDRAS SANITARIAS DIABSORB x 25 kg<\/h5>\n","protected":false},"featured_media":1045,"template":"","meta":{"_gspb_post_css":"","_joinchat":[]},"product_brand":[58],"product_cat":[144,30,80,61],"product_tag":[32,84,83,63],"class_list":{"0":"post-1044","1":"product","2":"type-product","3":"status-publish","4":"has-post-thumbnail","6":"product_brand-excellent","7":"product_cat-gatosadultos","8":"product_cat-alimentoparagatos","9":"product_cat-piedrasypellets","10":"product_cat-promociones","11":"product_tag-adultos","12":"product_tag-combo","13":"product_tag-piedrassanitarias","14":"product_tag-superpremium","16":"first","17":"instock","18":"purchasable","19":"product-type-simple"},"jetpack_sharing_enabled":true,"_links":{"self":[{"href":"https:\/\/mascoweb.com.ar\/tienda\/wp-json\/wp\/v2\/product\/1044","targetHints":{"allow":["GET"]}}],"collection":[{"href":"https:\/\/mascoweb.com.ar\/tienda\/wp-json\/wp\/v2\/product"}],"about":[{"href":"https:\/\/mascoweb.com.ar\/tienda\/wp-json\/wp\/v2\/types\/product"}],"wp:featuredmedia":[{"embeddable":true,"href":"https:\/\/mascoweb.com.ar\/tienda\/wp-json\/wp\/v2\/media\/1045"}],"wp:attachment":[{"href":"https:\/\/mascoweb.com.ar\/tienda\/wp-json\/wp\/v2\/media?parent=1044"}],"wp:term":[{"taxonomy":"product_brand","embeddable":true,"href":"https:\/\/mascoweb.com.ar\/tienda\/wp-json\/wp\/v2\/product_brand?post=1044"},{"taxonomy":"product_cat","embeddable":true,"href":"https:\/\/mascoweb.com.ar\/tienda\/wp-json\/wp\/v2\/product_cat?post=1044"},{"taxonomy":"product_tag","embeddable":true,"href":"https:\/\/mascoweb.com.ar\/tienda\/wp-json\/wp\/v2\/product_tag?post=1044"}],"curies":[{"name":"wp","href":"https:\/\/api.w.org\/{rel}","templated":true}]}}