{"id":1048,"date":"2025-02-19T11:46:59","date_gmt":"2025-02-19T14:46:59","guid":{"rendered":"https:\/\/mascoweb.com.ar\/tienda\/?post_type=product&#038;p=1048"},"modified":"2026-01-23T01:35:50","modified_gmt":"2026-01-23T04:35:50","slug":"mv-holliday-obesidad-gatos-x2kg","status":"publish","type":"product","link":"https:\/\/mascoweb.com.ar\/tienda\/producto\/mv-holliday-obesidad-gatos-x2kg\/","title":{"rendered":"MV Holliday Obesidad Gatos x 2 kg"},"content":{"rendered":"<p><strong>Holliday MV Obesidad<\/strong> es un alimento completo con reducci\u00f3n cal\u00f3rica y sin exceso de fibra prescripto para gatos obesos o con tendencia al sobrepeso. Dieta para el tratamiento de gatos obesos, castrados o con tendencia a la obesidad.<\/p>\n<p><strong>Descripci\u00f3n:<\/strong> Dieta prescripta para gatos obesos o con tendencia al sobrepeso Dise\u00f1ada para reducir el exceso de peso y para mantener un score corporal ideal. Formulada sin exceso de fibra diet\u00e9tica.<\/p>\n<p><strong>Acci\u00f3n:<\/strong> Colabora en el descenso de peso y disminuye la formaci\u00f3n de grasa sin perder masa muscular. La Garcinia, los Cla y la carnitina ejercen una acci\u00f3n antidiabet\u00f3gena, regulando la homeostasis de l\u00edpidos y mejorando la sensibilidad de la insulina.Antioxidante .<\/p>\n","protected":false},"excerpt":{"rendered":"<p><strong>MV Holliday Obesidad Gatos x 2 kg<\/strong><\/p>\n","protected":false},"featured_media":1049,"template":"","meta":{"_gspb_post_css":"","_joinchat":[]},"product_brand":[85],"product_cat":[30,23,146,148],"product_tag":[50,32,37,87,63],"class_list":{"0":"post-1048","1":"product","2":"type-product","3":"status-publish","4":"has-post-thumbnail","6":"product_brand-mvholliday","7":"product_cat-alimentoparagatos","8":"product_cat-alimentosbalanceados","9":"product_cat-lightcastrados","10":"product_cat-gatosnecesidadesespeciales","11":"product_tag-2kg","12":"product_tag-adultos","13":"product_tag-necesidades-especiales","14":"product_tag-obesidad","15":"product_tag-superpremium","17":"first","18":"outofstock","19":"purchasable","20":"product-type-simple"},"jetpack_sharing_enabled":true,"_links":{"self":[{"href":"https:\/\/mascoweb.com.ar\/tienda\/wp-json\/wp\/v2\/product\/1048","targetHints":{"allow":["GET"]}}],"collection":[{"href":"https:\/\/mascoweb.com.ar\/tienda\/wp-json\/wp\/v2\/product"}],"about":[{"href":"https:\/\/mascoweb.com.ar\/tienda\/wp-json\/wp\/v2\/types\/product"}],"wp:featuredmedia":[{"embeddable":true,"href":"https:\/\/mascoweb.com.ar\/tienda\/wp-json\/wp\/v2\/media\/1049"}],"wp:attachment":[{"href":"https:\/\/mascoweb.com.ar\/tienda\/wp-json\/wp\/v2\/media?parent=1048"}],"wp:term":[{"taxonomy":"product_brand","embeddable":true,"href":"https:\/\/mascoweb.com.ar\/tienda\/wp-json\/wp\/v2\/product_brand?post=1048"},{"taxonomy":"product_cat","embeddable":true,"href":"https:\/\/mascoweb.com.ar\/tienda\/wp-json\/wp\/v2\/product_cat?post=1048"},{"taxonomy":"product_tag","embeddable":true,"href":"https:\/\/mascoweb.com.ar\/tienda\/wp-json\/wp\/v2\/product_tag?post=1048"}],"curies":[{"name":"wp","href":"https:\/\/api.w.org\/{rel}","templated":true}]}}