{"id":1068,"date":"2025-02-19T14:39:43","date_gmt":"2025-02-19T17:39:43","guid":{"rendered":"https:\/\/mascoweb.com.ar\/tienda\/?post_type=product&#038;p=1068"},"modified":"2026-01-23T01:34:32","modified_gmt":"2026-01-23T04:34:32","slug":"mv-holliday-urinario-gato-x7-5kg","status":"publish","type":"product","link":"https:\/\/mascoweb.com.ar\/tienda\/producto\/mv-holliday-urinario-gato-x7-5kg\/","title":{"rendered":"MV Holliday Urinario Gato x 7.5 kg"},"content":{"rendered":"<p><strong>Descripci\u00f3n:<\/strong><br \/>\nDieta prescripta para gatos con enfermedad de v\u00edas urinarias bajas . Esta f\u00f3rmula est\u00e1 indicada para prevenir la formaci\u00f3n de cristales de estruvita o de oxalato de calcio ante factores predisponentes.<\/p>\n<p><strong>Acci\u00f3n:<\/strong><br \/>\nLa manzanilla presenta acci\u00f3n antiinflamatoria , regenerante, calmante, bacteriost\u00e1tica y repitelizante. El condroitin sulfato preserva el epitelio de la vejiga y presenta acci\u00f3n analg\u00e9sica y antiinflamatoria. Disminuye el riesgo de formaci\u00f3n de c\u00e1lculos gracias a sus bajos niveles de Magnesio y minerales y a su PH controlado.<\/p>\n<p><strong>Indicaciones:<\/strong><br \/>\nDieta indicada en casos de: FLUTD. Cistitis. Infecciones urinarias. Situaciones de stress.<\/p>\n","protected":false},"excerpt":{"rendered":"<p><strong>MV Holliday Urinario Gato x 7.5 kg<\/strong><\/p>\n","protected":false},"featured_media":1066,"template":"","meta":{"_gspb_post_css":"","_joinchat":[]},"product_brand":[85],"product_cat":[30,23,148,147],"product_tag":[55,32,37,63,60],"class_list":{"0":"post-1068","1":"product","2":"type-product","3":"status-publish","4":"has-post-thumbnail","6":"product_brand-mvholliday","7":"product_cat-alimentoparagatos","8":"product_cat-alimentosbalanceados","9":"product_cat-gatosnecesidadesespeciales","10":"product_cat-urinary","11":"product_tag-7-5kg","12":"product_tag-adultos","13":"product_tag-necesidades-especiales","14":"product_tag-superpremium","15":"product_tag-urinario","17":"first","18":"outofstock","19":"purchasable","20":"product-type-simple"},"jetpack_sharing_enabled":true,"_links":{"self":[{"href":"https:\/\/mascoweb.com.ar\/tienda\/wp-json\/wp\/v2\/product\/1068","targetHints":{"allow":["GET"]}}],"collection":[{"href":"https:\/\/mascoweb.com.ar\/tienda\/wp-json\/wp\/v2\/product"}],"about":[{"href":"https:\/\/mascoweb.com.ar\/tienda\/wp-json\/wp\/v2\/types\/product"}],"wp:featuredmedia":[{"embeddable":true,"href":"https:\/\/mascoweb.com.ar\/tienda\/wp-json\/wp\/v2\/media\/1066"}],"wp:attachment":[{"href":"https:\/\/mascoweb.com.ar\/tienda\/wp-json\/wp\/v2\/media?parent=1068"}],"wp:term":[{"taxonomy":"product_brand","embeddable":true,"href":"https:\/\/mascoweb.com.ar\/tienda\/wp-json\/wp\/v2\/product_brand?post=1068"},{"taxonomy":"product_cat","embeddable":true,"href":"https:\/\/mascoweb.com.ar\/tienda\/wp-json\/wp\/v2\/product_cat?post=1068"},{"taxonomy":"product_tag","embeddable":true,"href":"https:\/\/mascoweb.com.ar\/tienda\/wp-json\/wp\/v2\/product_tag?post=1068"}],"curies":[{"name":"wp","href":"https:\/\/api.w.org\/{rel}","templated":true}]}}