{"id":1085,"date":"2025-02-19T17:19:09","date_gmt":"2025-02-19T20:19:09","guid":{"rendered":"https:\/\/mascoweb.com.ar\/tienda\/?post_type=product&#038;p=1085"},"modified":"2026-01-23T01:33:35","modified_gmt":"2026-01-23T04:33:35","slug":"mv-holliday-sensibilidad-dietaria-perro-x10kg","status":"publish","type":"product","link":"https:\/\/mascoweb.com.ar\/tienda\/producto\/mv-holliday-sensibilidad-dietaria-perro-x10kg\/","title":{"rendered":"MV Holliday Sensibilidad Dietaria Perro x 10 kg"},"content":{"rendered":"<p><strong>Descripci\u00f3n:<\/strong><br \/>\nDieta prescripta indicada en dermatitis al\u00e9rgicas e intolerancias alimentarias.<\/p>\n<p><strong>Acci\u00f3n:<\/strong><br \/>\nLa Beta\u00edna mejora la digesti\u00f3n de las prote\u00ednas facilitando la absorci\u00f3n de part\u00edculas proteicas de menor peso molecular. Formulado con prote\u00edna de pescado ( novel y con bajo nivel de histamina) e hidratos de carbono con excelente digestibilidad y reducida respuesta antig\u00e9nica. \u00c1cidos Omega 3 y 6 de acci\u00f3n antiinflamatoria y antioxidante. Colabora en mantener la salud d\u00e9rmica.<\/p>\n<p><strong>Indicaciones:<\/strong><br \/>\nDieta para perros de todas las edades indicada para: Tratamiento de patolog\u00edas d\u00e9rmicas: Intolerancias alimenticias. Alergias. V\u00f3mitos y\/o diarreas debido a una intolerancia alimentaria. En perros sanos con predisposici\u00f3n gen\u00e9tica a padecer dermatitis al\u00e9rgicas. Para mantener piel saludable y manto brilloso. Test de exclusi\u00f3n.<\/p>\n","protected":false},"excerpt":{"rendered":"<p><strong>MV Holliday Sensibilidad Dietaria Perro x 10kg<\/strong><\/p>\n","protected":false},"featured_media":1080,"template":"","meta":{"_gspb_post_css":"","_joinchat":[]},"product_brand":[85],"product_cat":[29,23,143],"product_tag":[46,32,90,37],"class_list":{"0":"post-1085","1":"product","2":"type-product","3":"status-publish","4":"has-post-thumbnail","6":"product_brand-mvholliday","7":"product_cat-alimentoparaperros","8":"product_cat-alimentosbalanceados","9":"product_cat-perrosnecesidadesespeciales","10":"product_tag-10kg","11":"product_tag-adultos","12":"product_tag-hipoalergenico","13":"product_tag-necesidades-especiales","15":"first","16":"outofstock","17":"purchasable","18":"product-type-simple"},"jetpack_sharing_enabled":true,"_links":{"self":[{"href":"https:\/\/mascoweb.com.ar\/tienda\/wp-json\/wp\/v2\/product\/1085","targetHints":{"allow":["GET"]}}],"collection":[{"href":"https:\/\/mascoweb.com.ar\/tienda\/wp-json\/wp\/v2\/product"}],"about":[{"href":"https:\/\/mascoweb.com.ar\/tienda\/wp-json\/wp\/v2\/types\/product"}],"wp:featuredmedia":[{"embeddable":true,"href":"https:\/\/mascoweb.com.ar\/tienda\/wp-json\/wp\/v2\/media\/1080"}],"wp:attachment":[{"href":"https:\/\/mascoweb.com.ar\/tienda\/wp-json\/wp\/v2\/media?parent=1085"}],"wp:term":[{"taxonomy":"product_brand","embeddable":true,"href":"https:\/\/mascoweb.com.ar\/tienda\/wp-json\/wp\/v2\/product_brand?post=1085"},{"taxonomy":"product_cat","embeddable":true,"href":"https:\/\/mascoweb.com.ar\/tienda\/wp-json\/wp\/v2\/product_cat?post=1085"},{"taxonomy":"product_tag","embeddable":true,"href":"https:\/\/mascoweb.com.ar\/tienda\/wp-json\/wp\/v2\/product_tag?post=1085"}],"curies":[{"name":"wp","href":"https:\/\/api.w.org\/{rel}","templated":true}]}}