{"id":1087,"date":"2025-02-19T17:22:19","date_gmt":"2025-02-19T20:22:19","guid":{"rendered":"https:\/\/mascoweb.com.ar\/tienda\/?post_type=product&#038;p=1087"},"modified":"2026-01-23T01:33:04","modified_gmt":"2026-01-23T04:33:04","slug":"mv-holliday-renal-perro-x2kg","status":"publish","type":"product","link":"https:\/\/mascoweb.com.ar\/tienda\/producto\/mv-holliday-renal-perro-x2kg\/","title":{"rendered":"MV Holliday Renal Perro x 2 kg"},"content":{"rendered":"<p><strong>Descripci\u00f3n:<\/strong><br \/>\nDieta Prescripta para perros adultos y gerontes que padecen enfermedad renal cr\u00f3nica.<\/p>\n<p><strong>Acci\u00f3n:<\/strong><br \/>\nEl moderado aporte de prote\u00ednas pero de alto valor biol\u00f3gico , es esencial para perros con enfermedades renales y hep\u00e1ticas. Colabora disminuyendo el riesgo de hiperparatiroidismo secundario con nefrocalcinosis. Detoxificante. Antioxidante. Mejora la hemodin\u00e1mica renal.El apio colabora con la eliminaci\u00f3n de toxinas y disminuye el riesgo de la formaci\u00f3n de c\u00e1lculos renales.<\/p>\n<p><strong>Indicaciones:<\/strong><br \/>\nDieta para perros adultos y gerontes indicada para:<br \/>\nTratamiento de patolog\u00edas renales por lesiones anat\u00f3micas o funcionales: Glomerulonefritis. Hipercalcemia. Obstrucciones cr\u00f3nicas. Nefrolitiasis. Neoplasias. Idiop\u00e1ticas. Glomearulopat\u00edas cong\u00e9nitas. Amiloidosis cong\u00e9nita.<br \/>\nFavorece la funci\u00f3n card\u00edaca y mantiene la masa muscular. Encefalopat\u00eda hep\u00e1tica.<\/p>\n","protected":false},"excerpt":{"rendered":"<p><strong>MV Holliday Renal Perro x 2 kg<\/strong><\/p>\n","protected":false},"featured_media":1079,"template":"","meta":{"_gspb_post_css":"","_joinchat":[]},"product_brand":[85],"product_cat":[29,23,143],"product_tag":[50,32,37,89,63],"class_list":{"0":"post-1087","1":"product","2":"type-product","3":"status-publish","4":"has-post-thumbnail","6":"product_brand-mvholliday","7":"product_cat-alimentoparaperros","8":"product_cat-alimentosbalanceados","9":"product_cat-perrosnecesidadesespeciales","10":"product_tag-2kg","11":"product_tag-adultos","12":"product_tag-necesidades-especiales","13":"product_tag-renal","14":"product_tag-superpremium","16":"first","17":"outofstock","18":"purchasable","19":"product-type-simple"},"jetpack_sharing_enabled":true,"_links":{"self":[{"href":"https:\/\/mascoweb.com.ar\/tienda\/wp-json\/wp\/v2\/product\/1087","targetHints":{"allow":["GET"]}}],"collection":[{"href":"https:\/\/mascoweb.com.ar\/tienda\/wp-json\/wp\/v2\/product"}],"about":[{"href":"https:\/\/mascoweb.com.ar\/tienda\/wp-json\/wp\/v2\/types\/product"}],"wp:featuredmedia":[{"embeddable":true,"href":"https:\/\/mascoweb.com.ar\/tienda\/wp-json\/wp\/v2\/media\/1079"}],"wp:attachment":[{"href":"https:\/\/mascoweb.com.ar\/tienda\/wp-json\/wp\/v2\/media?parent=1087"}],"wp:term":[{"taxonomy":"product_brand","embeddable":true,"href":"https:\/\/mascoweb.com.ar\/tienda\/wp-json\/wp\/v2\/product_brand?post=1087"},{"taxonomy":"product_cat","embeddable":true,"href":"https:\/\/mascoweb.com.ar\/tienda\/wp-json\/wp\/v2\/product_cat?post=1087"},{"taxonomy":"product_tag","embeddable":true,"href":"https:\/\/mascoweb.com.ar\/tienda\/wp-json\/wp\/v2\/product_tag?post=1087"}],"curies":[{"name":"wp","href":"https:\/\/api.w.org\/{rel}","templated":true}]}}