{"id":1088,"date":"2025-02-19T17:27:36","date_gmt":"2025-02-19T20:27:36","guid":{"rendered":"https:\/\/mascoweb.com.ar\/tienda\/?post_type=product&#038;p=1088"},"modified":"2026-01-23T01:32:35","modified_gmt":"2026-01-23T04:32:35","slug":"mv-gastrointestinal-perro-x10kg","status":"publish","type":"product","link":"https:\/\/mascoweb.com.ar\/tienda\/producto\/mv-gastrointestinal-perro-x10kg\/","title":{"rendered":"MV Holliday Gastrointestinal Perro x 10 kg"},"content":{"rendered":"<p><strong>Descripci\u00f3n:<\/strong><br \/>\nDieta prescripta de alta digestibilidad y bajo residuo para perros con enfermedades gastrointestinales, como colitis, parasitosis, s\u00edndrome de mala absorci\u00f3n entre otros.<\/p>\n<p><strong>Acci\u00f3n:<\/strong><br \/>\nMejora y mantiene la salud gastrointestinal. Maximiza la absorci\u00f3n de nutrientes. Colabora en la recuperaci\u00f3n de mucosas irritadas. La glutamina interviene en el tropismos del epitelio del duodeno y yeyuno. El butirato de sodio presenta acci\u00f3n antimicrobiana e inmunomoduladora. Ayuda a compensar la p\u00e9rdida de complejos vitam\u00ednicos minerales causada por v\u00f3mitos y diarreas. Antioxidante. La alcachofa colabora en la metabolizaci\u00f3n de las grasas.<\/p>\n<p><strong>Indicaciones:<\/strong><br \/>\nDieta para perros de todas las edades para la prevenci\u00f3n y tratamiento de problemas digestivos. Alta digestibilidad, energ\u00eda y bajo residuo. Tratamiento de patolog\u00edas gastrointestinales: Gastritis e irritaci\u00f3n g\u00e1strica. Enteritis. Colitis. S\u00edndrome de mala absorci\u00f3n. Gastroenteritis parasitarias, bacterianas, virales, t\u00f3xicas. Predisposici\u00f3n al s\u00edndrome de torsi\u00f3n g\u00e1strica. Trastornos digestivos debidos a: Insuficiencias pancre\u00e1ticas. Insuficiencia hep\u00e1ticas. Alteraciones en la flora intestinal. Enfermedades autoinmunes. Stress. Intolerancias alimentarias. Posterior a cirug\u00edas del tracto digestivo y cirug\u00edas en general.<\/p>\n","protected":false},"excerpt":{"rendered":"<p><strong>MV Holliday Gastrointestinal Perro x10kg<\/strong><\/p>\n","protected":false},"featured_media":1076,"template":"","meta":{"_gspb_post_css":"","_joinchat":[]},"product_brand":[85],"product_cat":[29,23,143],"product_tag":[46,32,88,37,63],"class_list":{"0":"post-1088","1":"product","2":"type-product","3":"status-publish","4":"has-post-thumbnail","6":"product_brand-mvholliday","7":"product_cat-alimentoparaperros","8":"product_cat-alimentosbalanceados","9":"product_cat-perrosnecesidadesespeciales","10":"product_tag-10kg","11":"product_tag-adultos","12":"product_tag-gastrointestinal","13":"product_tag-necesidades-especiales","14":"product_tag-superpremium","16":"first","17":"outofstock","18":"purchasable","19":"product-type-simple"},"jetpack_sharing_enabled":true,"_links":{"self":[{"href":"https:\/\/mascoweb.com.ar\/tienda\/wp-json\/wp\/v2\/product\/1088","targetHints":{"allow":["GET"]}}],"collection":[{"href":"https:\/\/mascoweb.com.ar\/tienda\/wp-json\/wp\/v2\/product"}],"about":[{"href":"https:\/\/mascoweb.com.ar\/tienda\/wp-json\/wp\/v2\/types\/product"}],"wp:featuredmedia":[{"embeddable":true,"href":"https:\/\/mascoweb.com.ar\/tienda\/wp-json\/wp\/v2\/media\/1076"}],"wp:attachment":[{"href":"https:\/\/mascoweb.com.ar\/tienda\/wp-json\/wp\/v2\/media?parent=1088"}],"wp:term":[{"taxonomy":"product_brand","embeddable":true,"href":"https:\/\/mascoweb.com.ar\/tienda\/wp-json\/wp\/v2\/product_brand?post=1088"},{"taxonomy":"product_cat","embeddable":true,"href":"https:\/\/mascoweb.com.ar\/tienda\/wp-json\/wp\/v2\/product_cat?post=1088"},{"taxonomy":"product_tag","embeddable":true,"href":"https:\/\/mascoweb.com.ar\/tienda\/wp-json\/wp\/v2\/product_tag?post=1088"}],"curies":[{"name":"wp","href":"https:\/\/api.w.org\/{rel}","templated":true}]}}