{"id":1091,"date":"2025-02-19T17:32:51","date_gmt":"2025-02-19T20:32:51","guid":{"rendered":"https:\/\/mascoweb.com.ar\/tienda\/?post_type=product&#038;p=1091"},"modified":"2025-03-24T13:08:37","modified_gmt":"2025-03-24T16:08:37","slug":"mv-holliday-cardio-perro-x10kg","status":"publish","type":"product","link":"https:\/\/mascoweb.com.ar\/tienda\/producto\/mv-holliday-cardio-perro-x10kg\/","title":{"rendered":"MV Holliday Cardio Perro x 10 kg"},"content":{"rendered":"<p><strong>Descripci\u00f3n:<\/strong><br \/>\nDieta prescripta para perros cachorros, adultos y gerontes que padecen hipertensi\u00f3n arterial o alg\u00fan tipo de enfermedad card\u00edaca.<\/p>\n<p><strong>Acci\u00f3n:<\/strong><br \/>\nDisminuye el riesgo de hipertensi\u00f3n arterial y retenci\u00f3n de l\u00edquidos, por sus bajos niveles de sodio. Fortalece el m\u00fasculo card\u00edaco. Favorece la circulaci\u00f3n renal. Antioxidante. Las hierbas de t\u00e9 verde contienen polifenoles que colaboran en mejorar la elasticidad de las paredes de vasos sanguineos , la fluidificaci\u00f3n de la sangre, el metabolismo de las grasas . La teanina disminuye el riesgo de trombos y tiene propiedades ansiol\u00edticas.<\/p>\n<p><strong>Indicaciones:<\/strong><br \/>\nDieta para perros de todas las edades que padecen hipertensi\u00f3n arterial o alg\u00fan tipo de enfermedad card\u00edaca: Cardiomiopat\u00ecas dilatadas.Insuficiencia valvular mitral.Endocarditis.Arritmias.Cardiopatias cong\u00c9nitas: conducto arterioso persistente. Estenosis pulmonar.Estenosis suba\u00f2rtica, displasia valvular mitral, comunicaci\u00f2n interventricular, tetralog\u00eca de fallot.Hipertensi\u00f2n arterial secundaria a : Hipotiroidismo (artearioesclerosisy rigidez de vasos sangu\u00edneos), hipertiroidismo, Cushing, entre otras.<\/p>\n","protected":false},"excerpt":{"rendered":"<p><strong>MV Holliday Cardio Perro x 10kg<\/strong><\/p>\n","protected":false},"featured_media":1074,"template":"","meta":{"_gspb_post_css":"","_joinchat":[]},"product_brand":[85],"product_cat":[29,23,143],"product_tag":[46,32,91,37,63],"class_list":{"0":"post-1091","1":"product","2":"type-product","3":"status-publish","4":"has-post-thumbnail","6":"product_brand-mvholliday","7":"product_cat-alimentoparaperros","8":"product_cat-alimentosbalanceados","9":"product_cat-perrosnecesidadesespeciales","10":"product_tag-10kg","11":"product_tag-adultos","12":"product_tag-cardio","13":"product_tag-necesidades-especiales","14":"product_tag-superpremium","16":"first","17":"outofstock","18":"purchasable","19":"product-type-simple"},"jetpack_sharing_enabled":true,"_links":{"self":[{"href":"https:\/\/mascoweb.com.ar\/tienda\/wp-json\/wp\/v2\/product\/1091","targetHints":{"allow":["GET"]}}],"collection":[{"href":"https:\/\/mascoweb.com.ar\/tienda\/wp-json\/wp\/v2\/product"}],"about":[{"href":"https:\/\/mascoweb.com.ar\/tienda\/wp-json\/wp\/v2\/types\/product"}],"wp:featuredmedia":[{"embeddable":true,"href":"https:\/\/mascoweb.com.ar\/tienda\/wp-json\/wp\/v2\/media\/1074"}],"wp:attachment":[{"href":"https:\/\/mascoweb.com.ar\/tienda\/wp-json\/wp\/v2\/media?parent=1091"}],"wp:term":[{"taxonomy":"product_brand","embeddable":true,"href":"https:\/\/mascoweb.com.ar\/tienda\/wp-json\/wp\/v2\/product_brand?post=1091"},{"taxonomy":"product_cat","embeddable":true,"href":"https:\/\/mascoweb.com.ar\/tienda\/wp-json\/wp\/v2\/product_cat?post=1091"},{"taxonomy":"product_tag","embeddable":true,"href":"https:\/\/mascoweb.com.ar\/tienda\/wp-json\/wp\/v2\/product_tag?post=1091"}],"curies":[{"name":"wp","href":"https:\/\/api.w.org\/{rel}","templated":true}]}}