{"id":1094,"date":"2025-02-19T17:37:24","date_gmt":"2025-02-19T20:37:24","guid":{"rendered":"https:\/\/mascoweb.com.ar\/tienda\/?post_type=product&#038;p=1094"},"modified":"2026-01-23T01:31:36","modified_gmt":"2026-01-23T04:31:36","slug":"mv-holliday-articular-perro-x2kg","status":"publish","type":"product","link":"https:\/\/mascoweb.com.ar\/tienda\/producto\/mv-holliday-articular-perro-x2kg\/","title":{"rendered":"MV Holliday Articular Perro x 2 kg"},"content":{"rendered":"<p><strong>Descripci\u00f3n:<\/strong><br \/>\nDieta prescripta para perros cachorros, adultos y gerontes para colaborar en la prevenci\u00f3n y tratamiento de problemas osteoarticulares.<\/p>\n<p><strong>Acci\u00f3n:<\/strong><br \/>\nOtorga elasticidad,flexibilidad y resistencia a la compresi\u00f3n al cart\u00edlago. El MSM permite reducir la inflamaci\u00f3n y el dolor.Las grasas equilibradas colabora en diminuir el riesgo de malformaciones en cachorros y el sobrepeso en adultos.Antioxidante.La c\u00farcuma resiste el ph gastrico y modula la inflamaci\u00f3n y el dolor. Limita la sarcopenia.<\/p>\n<p><strong>Indicaciones:<\/strong><br \/>\nTratamiento de patolog\u00edas osteoarticulares: Osteoporosis. Displasia de cadera.Displasia del codo.Luxaci\u00f3n cong\u00e9nita de la r\u00f3tula.Coadyuvacente en la reparaci\u00f3n de fracturas.Procesos articulares (enfermedad articular degenerativa).<br \/>\nDieta de elecci\u00f3n para suministrar desde cachorros a caninos de razas con predisposi\u00f3n a padecer enfermedades osteoartiulares.<br \/>\nEn perros sanos con predisposici\u00f3n a padecer trastornos articulares (preventivo).Colabora en mantener el peso ideal.<\/p>\n<p>&nbsp;<\/p>\n","protected":false},"excerpt":{"rendered":"<p><strong>MV Holliday Articular Perro x2kg<\/strong><\/p>\n","protected":false},"featured_media":1073,"template":"","meta":{"_gspb_post_css":"","_joinchat":[]},"product_brand":[85],"product_cat":[29,23,143],"product_tag":[50,32,92,37,63],"class_list":{"0":"post-1094","1":"product","2":"type-product","3":"status-publish","4":"has-post-thumbnail","6":"product_brand-mvholliday","7":"product_cat-alimentoparaperros","8":"product_cat-alimentosbalanceados","9":"product_cat-perrosnecesidadesespeciales","10":"product_tag-2kg","11":"product_tag-adultos","12":"product_tag-articular","13":"product_tag-necesidades-especiales","14":"product_tag-superpremium","16":"first","17":"outofstock","18":"purchasable","19":"product-type-simple"},"jetpack_sharing_enabled":true,"_links":{"self":[{"href":"https:\/\/mascoweb.com.ar\/tienda\/wp-json\/wp\/v2\/product\/1094","targetHints":{"allow":["GET"]}}],"collection":[{"href":"https:\/\/mascoweb.com.ar\/tienda\/wp-json\/wp\/v2\/product"}],"about":[{"href":"https:\/\/mascoweb.com.ar\/tienda\/wp-json\/wp\/v2\/types\/product"}],"wp:featuredmedia":[{"embeddable":true,"href":"https:\/\/mascoweb.com.ar\/tienda\/wp-json\/wp\/v2\/media\/1073"}],"wp:attachment":[{"href":"https:\/\/mascoweb.com.ar\/tienda\/wp-json\/wp\/v2\/media?parent=1094"}],"wp:term":[{"taxonomy":"product_brand","embeddable":true,"href":"https:\/\/mascoweb.com.ar\/tienda\/wp-json\/wp\/v2\/product_brand?post=1094"},{"taxonomy":"product_cat","embeddable":true,"href":"https:\/\/mascoweb.com.ar\/tienda\/wp-json\/wp\/v2\/product_cat?post=1094"},{"taxonomy":"product_tag","embeddable":true,"href":"https:\/\/mascoweb.com.ar\/tienda\/wp-json\/wp\/v2\/product_tag?post=1094"}],"curies":[{"name":"wp","href":"https:\/\/api.w.org\/{rel}","templated":true}]}}