{"id":1095,"date":"2025-02-20T09:17:11","date_gmt":"2025-02-20T12:17:11","guid":{"rendered":"https:\/\/mascoweb.com.ar\/tienda\/?post_type=product&#038;p=1095"},"modified":"2026-04-20T10:22:59","modified_gmt":"2026-04-20T13:22:59","slug":"walt-can-alto-rendimiento-x-20-kg","status":"publish","type":"product","link":"https:\/\/mascoweb.com.ar\/tienda\/producto\/walt-can-alto-rendimiento-x-20-kg\/","title":{"rendered":"Walt Can Alto Rendimiento x 20 kg"},"content":{"rendered":"<h5 class=\"h3 mb-3 fw-bold\">Walt-Can\u00a0 Alto Rendimiento Alimento S\u00faper Premium x 20 Kg.<\/h5>\n<p class=\"mb-3\">Si alguna vez pensaste en la existencia de un Super alimento para tu perro, te presentamos WALT-CAN ALTO RENDIMIENTO. Un alimento de Alta Performance, creado ambiciosamente para todas las razas. Desarrollado bajo el concepto Vital Care por su exclusiva y potenciada formula, es un Super Alimento ideal para perros de trabajo, deporte, exposici\u00f3n o los que requieran una alimentaci\u00f3n superior. WALT-CAN Alto Rendimiento puede utilizarse en todas las etapas de la vida de tu perro (cachorros a partir de los 6 meses), aportando todos los nutrientes, prote\u00ednas y energ\u00eda para llevar a cabo las tareas mas exigentes.<\/p>\n<div class=\"mb-4\"><\/div>\n<div class=\"mt-4\">\n<p>Walt-Can Alto Rendimiento gracias a su avanzada formula Vital Care, posee 30 % de prote\u00ednas de alto valor biol\u00f3gico, aportando amino\u00e1cidos esenciales que son fundamentales para un correcto desarrollo del sistema musculo esquel\u00e9tico, pelo y u\u00f1as, siendo tambi\u00e9n fundamentales para la producci\u00f3n de importantes hormonas y enzimas.<\/p>\n<p>Un complejo de vitaminas, minerales, micro y macronutrientes, que refuerzan y estimulan el sistema inmunol\u00f3gico, y endocrino.<\/p>\n<p>Prebi\u00f3ticos, M.O.S y F.O.S, encargados de mantener una salud intestinal \u00f3ptima, aumentando la flora intestinal ben\u00e9fica, mejorando la digesti\u00f3n de nuestros perros.<\/p>\n<p>\u00c1cidos grasos Omega 3 y Omega 6, los que contribuyen a mejorar la piel y el pelaje, haci\u00e9ndolo mas brillante y sedoso.<\/p>\n<p>&nbsp;<\/p>\n<\/div>\n","protected":false},"excerpt":{"rendered":"<h5 class=\"h3 mb-3 fw-bold\">Walt-Can Alto Rendimiento x 20 Kg.<\/h5>\n<p class=\"mb-3\">Si alguna vez pensaste en la existencia de un Super alimento para tu perro, te presentamos WALT-CAN ALTO RENDIMIENTO. Un alimento de Alta Performance, creado ambiciosamente para todas las razas. Desarrollado bajo el concepto Vital Care por su exclusiva y potenciada formula, es un Super Alimento ideal para perros de trabajo, deporte, exposici\u00f3n o los que requieran una alimentaci\u00f3n superior. WALT-CAN Alto Rendimiento puede utilizarse en todas las etapas de la vida de tu perro, aportando todos los nutrientes, prote\u00ednas y energ\u00eda para llevar a cabo las tareas mas exigentes.<\/p>\n<h5>30% de prote\u00ednas.<\/h5>\n","protected":false},"featured_media":1096,"template":"","meta":{"_gspb_post_css":"","_joinchat":[]},"product_brand":[93],"product_cat":[137,29,138,61],"product_tag":[41,32,33,63],"class_list":{"0":"post-1095","1":"product","2":"type-product","3":"status-publish","4":"has-post-thumbnail","6":"product_brand-walt-can","7":"product_cat-perrosadultos","8":"product_cat-alimentoparaperros","9":"product_cat-perroscachorros","10":"product_cat-promociones","11":"product_tag-20kg","12":"product_tag-adultos","13":"product_tag-cachorros","14":"product_tag-superpremium","16":"first","17":"instock","18":"purchasable","19":"product-type-simple"},"jetpack_sharing_enabled":true,"_links":{"self":[{"href":"https:\/\/mascoweb.com.ar\/tienda\/wp-json\/wp\/v2\/product\/1095","targetHints":{"allow":["GET"]}}],"collection":[{"href":"https:\/\/mascoweb.com.ar\/tienda\/wp-json\/wp\/v2\/product"}],"about":[{"href":"https:\/\/mascoweb.com.ar\/tienda\/wp-json\/wp\/v2\/types\/product"}],"wp:featuredmedia":[{"embeddable":true,"href":"https:\/\/mascoweb.com.ar\/tienda\/wp-json\/wp\/v2\/media\/1096"}],"wp:attachment":[{"href":"https:\/\/mascoweb.com.ar\/tienda\/wp-json\/wp\/v2\/media?parent=1095"}],"wp:term":[{"taxonomy":"product_brand","embeddable":true,"href":"https:\/\/mascoweb.com.ar\/tienda\/wp-json\/wp\/v2\/product_brand?post=1095"},{"taxonomy":"product_cat","embeddable":true,"href":"https:\/\/mascoweb.com.ar\/tienda\/wp-json\/wp\/v2\/product_cat?post=1095"},{"taxonomy":"product_tag","embeddable":true,"href":"https:\/\/mascoweb.com.ar\/tienda\/wp-json\/wp\/v2\/product_tag?post=1095"}],"curies":[{"name":"wp","href":"https:\/\/api.w.org\/{rel}","templated":true}]}}