{"id":1112,"date":"2025-02-20T16:42:13","date_gmt":"2025-02-20T19:42:13","guid":{"rendered":"https:\/\/mascoweb.com.ar\/tienda\/?post_type=product&#038;p=1112"},"modified":"2026-05-11T22:31:52","modified_gmt":"2026-05-12T01:31:52","slug":"agility-gatos-adultos-x-10-kg","status":"publish","type":"product","link":"https:\/\/mascoweb.com.ar\/tienda\/producto\/agility-gatos-adultos-x-10-kg\/","title":{"rendered":"Agility Gatos Adultos x 10 kg"},"content":{"rendered":"<div class=\"et_pb_module et_pb_text et_pb_text_2 et_pb_text_align_left et_pb_bg_layout_light\">\n<div class=\"et_pb_text_inner\">\n<h5>Agility Gatos Adultos x 10 kg<\/h5>\n<\/div>\n<\/div>\n<div class=\"et_pb_module et_pb_text et_pb_text_3 et_pb_text_align_left et_pb_bg_layout_light\">\n<div class=\"et_pb_text_inner\">\n<p><em><strong>12 Meses o m\u00e1s<\/strong><\/em><\/p>\n<\/div>\n<\/div>\n<div class=\"et_pb_module et_pb_text et_pb_text_4 et_pb_text_align_left et_pb_bg_layout_light\">\n<div class=\"et_pb_text_inner\">\n<p>Los gatos adultos necesitan una\u00a0<strong>alimentaci\u00f3n completa y equilibrada<\/strong>\u00a0que cubra sus requerimientos nutricionales y les brinde\u00a0<strong>salud y vitalidad<\/strong>.<\/p>\n<p>Agility Cats Adultos es una f\u00f3rmula exclusivamente dise\u00f1ada con ingredientes de\u00a0<strong>alta calidad<\/strong>, basada en su tecnolog\u00eda Active Health: una \u00f3ptima combinaci\u00f3n de nutrientes minuciosamente establecidos para que tu gato mantenga siempre su m\u00e1ximo potencial.<\/p>\n<\/div>\n<\/div>\n<div class=\"et_pb_module et_pb_text et_pb_text_5 et_pb_text_align_left et_pb_bg_layout_light\">\n<div class=\"et_pb_text_inner\">\n<div class=\"et_pb_module et_pb_text et_pb_text_10 et_pb_text_align_left et_pb_bg_layout_light\">\n<div class=\"et_pb_text_inner\"><b>Masa muscular magra<\/b><br \/>\nLa combinaci\u00f3n \u00f3ptima de nutrientes colabora en el mantenimiento de una condici\u00f3n corporal ideal y una masa muscular magra y fuerte.<\/div>\n<\/div>\n<div class=\"et_pb_module et_pb_text et_pb_text_11 et_pb_text_align_left et_pb_bg_layout_light\">\n<div class=\"et_pb_text_inner\">\n<div><\/div>\n<div><b>SALUD URINARIA<\/b><br \/>\nEl balance correcto de ingredientes y minerales contribuye con la salud del tracto urinario.<\/div>\n<div><\/div>\n<\/div>\n<\/div>\n<div class=\"et_pb_module et_pb_text et_pb_text_12 et_pb_text_align_left et_pb_bg_layout_light\">\n<div class=\"et_pb_text_inner\"><b>Piel y pelaje saludables<\/b><br \/>\nLa inclusi\u00f3n de \u00e1cidos grasos Omega 3 y 6 promueven la salud de la piel y el brillo del pelaje.<\/div>\n<div><\/div>\n<\/div>\n<div class=\"et_pb_module et_pb_text et_pb_text_13 et_pb_text_align_left et_pb_bg_layout_light\">\n<div class=\"et_pb_text_inner\"><b>\u00d3ptima absorci\u00f3n de nutrientes<\/b><\/div>\n<div class=\"et_pb_text_inner\">Los prebi\u00f3ticos promueven el desarrollo de una microbiota saludable, favoreciendo la absorci\u00f3n de nutrientes.<\/div>\n<\/div>\n<h5>Contenido Nutricional<\/h5>\n<table class=\"table\">\n<thead>\n<tr>\n<th scope=\"col\">Adultos<\/th>\n<th scope=\"col\">%<\/th>\n<\/tr>\n<\/thead>\n<tbody>\n<tr>\n<td>Prote\u00edna bruta (M\u00edn.)<\/td>\n<td>30%<\/td>\n<\/tr>\n<tr>\n<td>Extracto et\u00e9reo (M\u00edn.)<\/td>\n<td>13%<\/td>\n<\/tr>\n<tr>\n<td>Fibra cruda (M\u00e1x.)<\/td>\n<td>3%<\/td>\n<\/tr>\n<tr>\n<td>Minerales totales (M\u00e1x.)<\/td>\n<td>7,5%<\/td>\n<\/tr>\n<tr>\n<td>Humedad (M\u00e1x.)<\/td>\n<td>10%<\/td>\n<\/tr>\n<tr>\n<td>Calcio (M\u00edn.)<\/td>\n<td>0,9%<\/td>\n<\/tr>\n<tr>\n<td>Calcio (M\u00e1x.)<\/td>\n<td>1,5%<\/td>\n<\/tr>\n<tr>\n<td>F\u00f3sforo (M\u00edn.)<\/td>\n<td>1%<\/td>\n<\/tr>\n<tr>\n<td>F\u00f3sforo (M\u00e1x.)<\/td>\n<td>1,2%<\/td>\n<\/tr>\n<tr>\n<td>Magnesio (m\u00e1x)<\/td>\n<td>0,1%<\/td>\n<\/tr>\n<tr>\n<td>Energ\u00eda metabolizable<\/td>\n<td>3.800 Kcal\/kg<\/td>\n<\/tr>\n<\/tbody>\n<\/table>\n<\/div>\n<\/div>\n","protected":false},"excerpt":{"rendered":"<div class=\"et_pb_module et_pb_text et_pb_text_2 et_pb_text_align_left et_pb_bg_layout_light\">\n<div class=\"et_pb_text_inner\">\n<h5>Agility Gatos Adultos x 10 kg<\/h5>\n<\/div>\n<\/div>\n<div class=\"et_pb_module et_pb_text et_pb_text_3 et_pb_text_align_left et_pb_bg_layout_light\">\n<div class=\"et_pb_text_inner\">\n<p><em><strong>12 Meses o m\u00e1s<\/strong><\/em><\/p>\n<\/div>\n<\/div>\n<div class=\"et_pb_module et_pb_text et_pb_text_4 et_pb_text_align_left et_pb_bg_layout_light\">\n<div class=\"et_pb_text_inner\">\n<p>Los gatos adultos necesitan una\u00a0<strong>alimentaci\u00f3n completa y equilibrada<\/strong>\u00a0que cubra sus requerimientos nutricionales y les brinde\u00a0<strong>salud y vitalidad<\/strong>.<\/p>\n<p>Agility Cats Adultos es una f\u00f3rmula exclusivamente dise\u00f1ada con ingredientes de\u00a0<strong>alta calidad<\/strong>, basada en su tecnolog\u00eda Active Health: una \u00f3ptima combinaci\u00f3n de nutrientes minuciosamente establecidos para que tu gato mantenga siempre su m\u00e1ximo potencial.<\/p>\n<\/div>\n<\/div>\n<div class=\"et_pb_module et_pb_text et_pb_text_5 et_pb_text_align_left et_pb_bg_layout_light\">\n<div class=\"et_pb_text_inner\">\n<h5><strong>30% PROTE\u00cdNAS<\/strong><\/h5>\n<\/div>\n<\/div>\n<div class=\"et_pb_text_inner\">\n<p><strong>13% GRASA<\/strong><\/p>\n<\/div>\n<div class=\"et_pb_with_border et_pb_module et_pb_text et_pb_text_8 et_pb_text_align_left et_pb_bg_layout_light\">\n<div class=\"et_pb_text_inner\">\n<h5><strong><em>SIN COLORANTES NI CONSERVANTES ARTIFICIALES<\/em><\/strong><\/h5>\n<\/div>\n<\/div>\n","protected":false},"featured_media":2296,"template":"","meta":{"_gspb_post_css":"","_joinchat":[]},"product_brand":[95],"product_cat":[144,30],"product_tag":[46,32,64],"class_list":{"0":"post-1112","1":"product","2":"type-product","3":"status-publish","4":"has-post-thumbnail","6":"product_brand-agility","7":"product_cat-gatosadultos","8":"product_cat-alimentoparagatos","9":"product_tag-10kg","10":"product_tag-adultos","11":"product_tag-premium","13":"first","14":"instock","15":"purchasable","16":"product-type-simple"},"jetpack_sharing_enabled":true,"_links":{"self":[{"href":"https:\/\/mascoweb.com.ar\/tienda\/wp-json\/wp\/v2\/product\/1112","targetHints":{"allow":["GET"]}}],"collection":[{"href":"https:\/\/mascoweb.com.ar\/tienda\/wp-json\/wp\/v2\/product"}],"about":[{"href":"https:\/\/mascoweb.com.ar\/tienda\/wp-json\/wp\/v2\/types\/product"}],"wp:featuredmedia":[{"embeddable":true,"href":"https:\/\/mascoweb.com.ar\/tienda\/wp-json\/wp\/v2\/media\/2296"}],"wp:attachment":[{"href":"https:\/\/mascoweb.com.ar\/tienda\/wp-json\/wp\/v2\/media?parent=1112"}],"wp:term":[{"taxonomy":"product_brand","embeddable":true,"href":"https:\/\/mascoweb.com.ar\/tienda\/wp-json\/wp\/v2\/product_brand?post=1112"},{"taxonomy":"product_cat","embeddable":true,"href":"https:\/\/mascoweb.com.ar\/tienda\/wp-json\/wp\/v2\/product_cat?post=1112"},{"taxonomy":"product_tag","embeddable":true,"href":"https:\/\/mascoweb.com.ar\/tienda\/wp-json\/wp\/v2\/product_tag?post=1112"}],"curies":[{"name":"wp","href":"https:\/\/api.w.org\/{rel}","templated":true}]}}