{"id":1114,"date":"2025-02-20T17:23:19","date_gmt":"2025-02-20T20:23:19","guid":{"rendered":"https:\/\/mascoweb.com.ar\/tienda\/?post_type=product&#038;p=1114"},"modified":"2026-05-11T22:31:34","modified_gmt":"2026-05-12T01:31:34","slug":"agility-gatos-urinary-x-10-kg","status":"publish","type":"product","link":"https:\/\/mascoweb.com.ar\/tienda\/producto\/agility-gatos-urinary-x-10-kg\/","title":{"rendered":"Agility Gatos Urinary x 10 kg"},"content":{"rendered":"<div class=\"et_pb_module et_pb_text et_pb_text_2 et_pb_text_align_left et_pb_bg_layout_light\">\n<div class=\"et_pb_text_inner\">\n<h5>Agility Gatos Urinary x 10 kg<\/h5>\n<\/div>\n<\/div>\n<div class=\"et_pb_module et_pb_text et_pb_text_3 et_pb_text_align_left et_pb_bg_layout_light\">\n<div class=\"et_pb_text_inner\">\n<p><em><strong>12 Meses o m\u00e1s<\/strong><\/em><\/p>\n<\/div>\n<\/div>\n<div class=\"et_pb_module et_pb_text et_pb_text_4 et_pb_text_align_left et_pb_bg_layout_light\">\n<div class=\"et_pb_text_inner\">\n<p>Los gatos adultos con<strong>\u00a0tendencia a alteraciones urinarias<\/strong>\u00a0necesitan de una alimentaci\u00f3n<strong>\u00a0completa y equilibrada<\/strong>\u00a0que cubra sus requerimientos nutricionales y les brinde\u00a0<strong>salud y vitalidad<\/strong>.<\/p>\n<p>Agility Cats Urinary es una f\u00f3rmula exclusivamente dise\u00f1ada con ingredientes de alta calidad, basada en la<strong>\u00a0tecnolog\u00eda Active Health<\/strong>: una \u00f3ptima combinaci\u00f3n de nutrientes minuciosamente establecidos que\u00a0<strong>ayudan a controlar el ph urinario, reducir la formaci\u00f3n de c\u00e1lculos y mantenener la salud del tracto urinario inferior<\/strong>.<\/p>\n<\/div>\n<\/div>\n<div class=\"et_pb_module et_pb_text et_pb_text_5 et_pb_text_align_left et_pb_bg_layout_light\">\n<div class=\"et_pb_text_inner\">\n<div class=\"et_pb_module et_pb_text et_pb_text_10 et_pb_text_align_left et_pb_bg_layout_light\">\n<div class=\"et_pb_text_inner\">\n<div><\/div>\n<div><b>Salud urinaria<\/b><br \/>\nLa inclusi\u00f3n de nutrientes espec\u00edficos ayuda a controlar el pH Urinario y reducir la formaci\u00f3n de cristales en la orina, favoreciendo el \u00f3ptimo funcionamiento del tracto urinario inferior.<\/div>\n<div><\/div>\n<\/div>\n<\/div>\n<div class=\"et_pb_module et_pb_text et_pb_text_11 et_pb_text_align_left et_pb_bg_layout_light\">\n<div class=\"et_pb_text_inner\"><b>Control de pH urinario<\/b><br \/>\nEl aporte de nutrientes espec\u00edficos ayuda a controlar el pH Urinario contribuyendo a la salud del tracto urinario inferior.<\/div>\n<div><\/div>\n<\/div>\n<div class=\"et_pb_module et_pb_text et_pb_text_12 et_pb_text_align_left et_pb_bg_layout_light\">\n<div class=\"et_pb_text_inner\"><b>BIENESTAR INTEGRAL<\/b><br \/>\nEl balance adecuado de prote\u00ednas, grasa, fibra, vitaminas y minerales promueve el correcto funcionamiento de las funciones vitales del organismo.<\/div>\n<div><\/div>\n<\/div>\n<div class=\"et_pb_module et_pb_text et_pb_text_13 et_pb_text_align_left et_pb_bg_layout_light\">\n<div class=\"et_pb_text_inner\"><b>Piel y pelaje saludables<\/b><br \/>\nLa inclusi\u00f3n de \u00e1cidos grasos Omega 3 y 6 promueven la salud de la piel y el brillo del pelaje.<\/div>\n<\/div>\n<\/div>\n<h5>Contenido Nutricional<\/h5>\n<div>\n<table class=\"table\">\n<thead>\n<tr>\n<th scope=\"col\">Adultos<\/th>\n<th scope=\"col\">%<\/th>\n<\/tr>\n<\/thead>\n<tbody>\n<tr>\n<td>Prote\u00edna bruta (M\u00edn.)<\/td>\n<td>30%<\/td>\n<\/tr>\n<tr>\n<td>Extracto et\u00e9reo (M\u00edn.)<\/td>\n<td>10%<\/td>\n<\/tr>\n<tr>\n<td>Fibra cruda (M\u00e1x.)<\/td>\n<td>3%<\/td>\n<\/tr>\n<tr>\n<td>Minerales totales (M\u00e1x.)<\/td>\n<td>6%<\/td>\n<\/tr>\n<tr>\n<td>Humedad (M\u00e1x.)<\/td>\n<td>10%<\/td>\n<\/tr>\n<tr>\n<td>Calcio (M\u00edn.)<\/td>\n<td>1%<\/td>\n<\/tr>\n<tr>\n<td>Calcio (M\u00e1x.)<\/td>\n<td>1,5%<\/td>\n<\/tr>\n<tr>\n<td>F\u00f3sforo (M\u00edn.)<\/td>\n<td>0.9%<\/td>\n<\/tr>\n<tr>\n<td>F\u00f3sforo (M\u00e1x.)<\/td>\n<td>1,2%<\/td>\n<\/tr>\n<tr>\n<td>Magnesio (m\u00e1x)<\/td>\n<td>0,1%<\/td>\n<\/tr>\n<tr>\n<td>Energ\u00eda metabolizable<\/td>\n<td>3.590 Kcal\/kg<\/td>\n<\/tr>\n<\/tbody>\n<\/table>\n<\/div>\n<\/div>\n","protected":false},"excerpt":{"rendered":"<div class=\"et_pb_module et_pb_text et_pb_text_2 et_pb_text_align_left et_pb_bg_layout_light\">\n<div class=\"et_pb_text_inner\">\n<h5>Agility Gatos Urinary x 10 kg<\/h5>\n<\/div>\n<\/div>\n<div class=\"et_pb_module et_pb_text et_pb_text_3 et_pb_text_align_left et_pb_bg_layout_light\">\n<div class=\"et_pb_text_inner\">\n<p><em><strong>12 Meses o m\u00e1s<\/strong><\/em><\/p>\n<\/div>\n<\/div>\n<div class=\"et_pb_module et_pb_text et_pb_text_4 et_pb_text_align_left et_pb_bg_layout_light\">\n<div class=\"et_pb_text_inner\">\n<p>Los gatos adultos con<strong>\u00a0tendencia a alteraciones urinarias<\/strong>\u00a0necesitan de una alimentaci\u00f3n<strong>\u00a0completa y equilibrada<\/strong>\u00a0que cubra sus requerimientos nutricionales y les brinde\u00a0<strong>salud y vitalidad<\/strong>.<\/p>\n<p>Agility Cats Urinary es una f\u00f3rmula exclusivamente dise\u00f1ada con ingredientes de alta calidad, basada en la<strong>\u00a0tecnolog\u00eda Active Health<\/strong>: una \u00f3ptima combinaci\u00f3n de nutrientes minuciosamente establecidos que\u00a0<strong>ayudan a controlar el ph urinario, reducir la formaci\u00f3n de c\u00e1lculos y mantenener la salud del tracto urinario inferior<\/strong>.<\/p>\n<\/div>\n<\/div>\n<div class=\"et_pb_module et_pb_text et_pb_text_5 et_pb_text_align_left et_pb_bg_layout_light\">\n<div class=\"et_pb_text_inner\"><strong>30% PROTE\u00cdNAS<\/strong><\/div>\n<\/div>\n<div class=\"et_pb_text_inner\">\n<p><strong>10% GRASA<\/strong><\/p>\n<\/div>\n<div class=\"et_pb_with_border et_pb_module et_pb_text et_pb_text_8 et_pb_text_align_left et_pb_bg_layout_light\">\n<div class=\"et_pb_text_inner\"><strong><em>SIN COLORANTES NI CONSERVANTES ARTIFICIALES<\/em><\/strong><\/div>\n<\/div>\n","protected":false},"featured_media":2295,"template":"","meta":{"_gspb_post_css":"","_joinchat":[]},"product_brand":[95],"product_cat":[144,30,147],"product_tag":[46,32,64,60],"class_list":{"0":"post-1114","1":"product","2":"type-product","3":"status-publish","4":"has-post-thumbnail","6":"product_brand-agility","7":"product_cat-gatosadultos","8":"product_cat-alimentoparagatos","9":"product_cat-urinary","10":"product_tag-10kg","11":"product_tag-adultos","12":"product_tag-premium","13":"product_tag-urinario","15":"first","16":"instock","17":"purchasable","18":"product-type-simple"},"jetpack_sharing_enabled":true,"_links":{"self":[{"href":"https:\/\/mascoweb.com.ar\/tienda\/wp-json\/wp\/v2\/product\/1114","targetHints":{"allow":["GET"]}}],"collection":[{"href":"https:\/\/mascoweb.com.ar\/tienda\/wp-json\/wp\/v2\/product"}],"about":[{"href":"https:\/\/mascoweb.com.ar\/tienda\/wp-json\/wp\/v2\/types\/product"}],"wp:featuredmedia":[{"embeddable":true,"href":"https:\/\/mascoweb.com.ar\/tienda\/wp-json\/wp\/v2\/media\/2295"}],"wp:attachment":[{"href":"https:\/\/mascoweb.com.ar\/tienda\/wp-json\/wp\/v2\/media?parent=1114"}],"wp:term":[{"taxonomy":"product_brand","embeddable":true,"href":"https:\/\/mascoweb.com.ar\/tienda\/wp-json\/wp\/v2\/product_brand?post=1114"},{"taxonomy":"product_cat","embeddable":true,"href":"https:\/\/mascoweb.com.ar\/tienda\/wp-json\/wp\/v2\/product_cat?post=1114"},{"taxonomy":"product_tag","embeddable":true,"href":"https:\/\/mascoweb.com.ar\/tienda\/wp-json\/wp\/v2\/product_tag?post=1114"}],"curies":[{"name":"wp","href":"https:\/\/api.w.org\/{rel}","templated":true}]}}