{"id":1124,"date":"2025-02-22T19:09:38","date_gmt":"2025-02-22T22:09:38","guid":{"rendered":"https:\/\/mascoweb.com.ar\/tienda\/?post_type=product&#038;p=1124"},"modified":"2026-04-20T16:44:25","modified_gmt":"2026-04-20T19:44:25","slug":"eukanuba-adulto-large-x-15-kg","status":"publish","type":"product","link":"https:\/\/mascoweb.com.ar\/tienda\/producto\/eukanuba-adulto-large-x-15-kg\/","title":{"rendered":"Eukanuba Adulto Large x 15 kg"},"content":{"rendered":"<h5>Eukanuba Adulto Large Breed x 15 kg<\/h5>\n<p>Eukanuba Adult Large Breed es un alimento balanceado completo para perros adultos de m\u00e1s de 12 meses de edad en el caso de razas grandes o 24 meses para razas gigantes. Recomendado para perros adultos de : Labrador Retriever, Ovejero Alem\u00e1n, Golden Retriever, Boyero de Berna, Cane Corso, Dogo de Burdeos, Bullmastiff y otras razas o perros mestizos que en su etapa adulta pesan m\u00e1s de 25 kg (razas grandes) o m\u00e1s de 50 kg (razas gigantes).<\/p>\n<div class=\"euka-column euka-padding-top--none--desktop\">\n<div class=\"euka-template__benefit-item euka-margin-x--none euka-padding-bottom--md--desktop euka-padding-bottom--md--mobile euka-padding-x--none--desktop\">\n<div class=\"euka-padding-x--none--mobile \"><\/div>\n<\/div>\n<\/div>\n<div class=\"euka-column euka-padding-top--none--desktop\">\n<div class=\"euka-template__benefit-item euka-margin-x--none euka-padding-bottom--md--desktop euka-padding-bottom--md--mobile euka-padding-x--none--desktop\">\n<div class=\"euka-padding-x--none--mobile \">\n<p class=\"euka-margin-y--none\">Ingredientes:<\/p>\n<p class=\"euka-margin-y--none\">Harina de subproductos de pollo (fuente natural de glucosamina), harina de ma\u00edz, trigo integral molido, sorgo integral molido, cebada integral molida, grasa de pollo, harina de pescado, pulpa de remolacha seca, sabor natural a cerdo y\/o pollo (hidrolizado de subproductos de cerdo y\/o pollo), producto de huevo seco, cloruro de potasio, sal, politrifosfato de sodio, vitaminas (suplemento de vitamina E, \u00e1cido asc\u00f3rbico, beta caroteno, acetato de vitamina A, pantotenato de calcio, biotina, suplemento de vitamina B12, mononitrato de tiamina (fuente de vitamina B1), niacina, suplemento de riboflavina (fuente de vitamina B2), hidrocloruro de piridoxina (fuente de vitamina B6), suplemento de vitamina D3, \u00e1cido f\u00f3lico), minerales (sulfato ferroso, \u00f3xido de zinc, sulfato de manganeso, sulfato de cobre, \u00f3xido manganoso, iodato de calcio, carbonato de cobalto), semillas de lino molidas, cloruro de colina, antioxidantes (BHA y BHT), fructooligosac\u00e1ridos, DL-metionina.<\/p>\n<p class=\"euka-margin-y--none\">An\u00e1lisis Garantizado:<\/p>\n<p class=\"euka-margin-y--none\">Prote\u00edna Cruda (m\u00edn.): 22%; Extracto Et\u00e9reo (m\u00edn.): 12%; Fibra Cruda (m\u00e1x.): 5%; Minerales (m\u00e1x.): 8,5%; Humedad (m\u00e1x.): 10%; Calcio (m\u00edn.): 0,9%, (m\u00e1x.): 1,5%; F\u00f3sforo (m\u00edn.): 0,7%, (m\u00e1x.): 1,2%. Valor Energ\u00e9tico promedio: 3.567,7 kcal\/kg.<\/p>\n<\/div>\n<\/div>\n<\/div>\n","protected":false},"excerpt":{"rendered":"<h5>Eukanuba Adulto Large Breed x 15 kg<\/h5>\n<p>Eukanuba Adult Large Breed es un alimento balanceado completo para perros adultos de m\u00e1s de 12 meses de edad en el caso de razas grandes o 24 meses para razas gigantes. Recomendado para perros adultos de : Labrador Retriever, Ovejero Alem\u00e1n, Golden Retriever, Boyero de Berna, Cane Corso, Dogo de Burdeos, Bullmastiff y otras razas o perros mestizos que en su etapa adulta pesan m\u00e1s de 25 kg (razas grandes) o m\u00e1s de 50 kg (razas gigantes).<\/p>\n<div class=\"euka-column euka-padding-top--none--desktop\">\n<div class=\"euka-template__benefit-item euka-margin-x--none euka-padding-bottom--md--desktop euka-padding-bottom--md--mobile euka-padding-x--none--desktop\">\n<div class=\"euka-padding-x--none--mobile \"><\/div>\n<\/div>\n<\/div>\n<div class=\"euka-column euka-padding-top--none--desktop\">\n<div class=\"euka-template__benefit-item euka-margin-x--none euka-padding-bottom--md--desktop euka-padding-bottom--md--mobile euka-padding-x--none--desktop\">\n<div class=\"euka-padding-x--none--mobile \">\n<p class=\"euka-margin-y--none\">\n<\/div>\n<\/div>\n<\/div>\n","protected":false},"featured_media":1125,"template":"","meta":{"_gspb_post_css":"","_joinchat":[]},"product_brand":[97],"product_cat":[137,29],"product_tag":[44,32,63],"class_list":{"0":"post-1124","1":"product","2":"type-product","3":"status-publish","4":"has-post-thumbnail","6":"product_brand-eukanuba","7":"product_cat-perrosadultos","8":"product_cat-alimentoparaperros","9":"product_tag-15kg","10":"product_tag-adultos","11":"product_tag-superpremium","13":"first","14":"instock","15":"purchasable","16":"product-type-simple"},"jetpack_sharing_enabled":true,"_links":{"self":[{"href":"https:\/\/mascoweb.com.ar\/tienda\/wp-json\/wp\/v2\/product\/1124","targetHints":{"allow":["GET"]}}],"collection":[{"href":"https:\/\/mascoweb.com.ar\/tienda\/wp-json\/wp\/v2\/product"}],"about":[{"href":"https:\/\/mascoweb.com.ar\/tienda\/wp-json\/wp\/v2\/types\/product"}],"wp:featuredmedia":[{"embeddable":true,"href":"https:\/\/mascoweb.com.ar\/tienda\/wp-json\/wp\/v2\/media\/1125"}],"wp:attachment":[{"href":"https:\/\/mascoweb.com.ar\/tienda\/wp-json\/wp\/v2\/media?parent=1124"}],"wp:term":[{"taxonomy":"product_brand","embeddable":true,"href":"https:\/\/mascoweb.com.ar\/tienda\/wp-json\/wp\/v2\/product_brand?post=1124"},{"taxonomy":"product_cat","embeddable":true,"href":"https:\/\/mascoweb.com.ar\/tienda\/wp-json\/wp\/v2\/product_cat?post=1124"},{"taxonomy":"product_tag","embeddable":true,"href":"https:\/\/mascoweb.com.ar\/tienda\/wp-json\/wp\/v2\/product_tag?post=1124"}],"curies":[{"name":"wp","href":"https:\/\/api.w.org\/{rel}","templated":true}]}}