{"id":1126,"date":"2025-02-22T19:13:44","date_gmt":"2025-02-22T22:13:44","guid":{"rendered":"https:\/\/mascoweb.com.ar\/tienda\/?post_type=product&#038;p=1126"},"modified":"2026-04-20T16:44:13","modified_gmt":"2026-04-20T19:44:13","slug":"eukanuba-adulto-medium-x-15-kg","status":"publish","type":"product","link":"https:\/\/mascoweb.com.ar\/tienda\/producto\/eukanuba-adulto-medium-x-15-kg\/","title":{"rendered":"Eukanuba Adulto Medium x 15 kg"},"content":{"rendered":"<h5>Eukanuba Adulto Medium Breed<\/h5>\n<p>Eukanuba Adult Medium Breed es un alimento balanceado completo para perros adultos mayores a 12 meses de edad y de razas medianas como Bulldog Franc\u00e9s, Beagle, Bret\u00f3n, Cocker, Boxer, Schnauzer Standard y otras razas o perros mestizos que pesan entre 10 y 25 kg.<\/p>\n<p>Ingredientes:<\/p>\n<p>Harina de subproductos de pollo, trigo integral molido, harina de ma\u00edz, sorgo integral molido, grasa de pollo, harina de pescado, cebada integral molida, pulpa de remolacha seca, sabor natural a cerdo y\/o pollo (hidrolizado de subproductos de cerdo y\/o pollo), producto de huevo seco, cloruro de potasio, sal, politrifosfato de sodio, vitaminas (suplemento de vitamina E, \u00e1cido asc\u00f3rbico, beta caroteno, acetato de vitamina A, pantotenato de calcio, biotina, suplemento de vitamina B12, mononitrato de tiamina (fuente de vitamina B1), niacina, suplemento de riboflavina (fuente de vitamina B2), hidrocloruro de piridoxina (fuente de vitamina B6), suplemento de vitamina D3, \u00e1cido f\u00f3lico), minerales (sulfato ferroso, \u00f3xido de zinc, sulfato de manganeso, sulfato de cobre, \u00f3xido manganoso, iodato de calcio, carbonato de cobalto), semillas de lino molidas, antioxidantes (BHA y BHT), fructooligosac\u00e1ridos, cloruro de colina, DL-metionina.<\/p>\n<p>An\u00e1lisis Garantizado:<\/p>\n<p>Prote\u00edna Cruda (m\u00edn.): 25%; Extracto Et\u00e9reo (m\u00edn.): 14%; Fibra Cruda (m\u00e1x.): 5%; Minerales (m\u00e1x.): 8%; Humedad (m\u00e1x.): 10%; Calcio (m\u00edn.): 0,9%, (m\u00e1x.): 1,5%; F\u00f3sforo (m\u00edn.): 0,8%, (m\u00e1x.): 1,3%. Valor Energ\u00e9tico promedio: 3.688,7 kcal\/kg.<\/p>\n","protected":false},"excerpt":{"rendered":"<p>Eukanuba Adult Medium Breed es un alimento balanceado completo para perros adultos mayores a 12 meses de edad y de razas medianas como Bulldog Franc\u00e9s, Beagle, Bret\u00f3n, Cocker, Boxer, Schnauzer Standard y otras razas o perros mestizos que pesan entre 10 y 25 kg.<\/p>\n","protected":false},"featured_media":1127,"template":"","meta":{"_gspb_post_css":"","_joinchat":[]},"product_brand":[97],"product_cat":[137,29],"product_tag":[44,32,63],"class_list":{"0":"post-1126","1":"product","2":"type-product","3":"status-publish","4":"has-post-thumbnail","6":"product_brand-eukanuba","7":"product_cat-perrosadultos","8":"product_cat-alimentoparaperros","9":"product_tag-15kg","10":"product_tag-adultos","11":"product_tag-superpremium","13":"first","14":"instock","15":"purchasable","16":"product-type-simple"},"jetpack_sharing_enabled":true,"_links":{"self":[{"href":"https:\/\/mascoweb.com.ar\/tienda\/wp-json\/wp\/v2\/product\/1126","targetHints":{"allow":["GET"]}}],"collection":[{"href":"https:\/\/mascoweb.com.ar\/tienda\/wp-json\/wp\/v2\/product"}],"about":[{"href":"https:\/\/mascoweb.com.ar\/tienda\/wp-json\/wp\/v2\/types\/product"}],"wp:featuredmedia":[{"embeddable":true,"href":"https:\/\/mascoweb.com.ar\/tienda\/wp-json\/wp\/v2\/media\/1127"}],"wp:attachment":[{"href":"https:\/\/mascoweb.com.ar\/tienda\/wp-json\/wp\/v2\/media?parent=1126"}],"wp:term":[{"taxonomy":"product_brand","embeddable":true,"href":"https:\/\/mascoweb.com.ar\/tienda\/wp-json\/wp\/v2\/product_brand?post=1126"},{"taxonomy":"product_cat","embeddable":true,"href":"https:\/\/mascoweb.com.ar\/tienda\/wp-json\/wp\/v2\/product_cat?post=1126"},{"taxonomy":"product_tag","embeddable":true,"href":"https:\/\/mascoweb.com.ar\/tienda\/wp-json\/wp\/v2\/product_tag?post=1126"}],"curies":[{"name":"wp","href":"https:\/\/api.w.org\/{rel}","templated":true}]}}