{"id":1128,"date":"2025-02-22T19:18:43","date_gmt":"2025-02-22T22:18:43","guid":{"rendered":"https:\/\/mascoweb.com.ar\/tienda\/?post_type=product&#038;p=1128"},"modified":"2026-04-20T16:44:01","modified_gmt":"2026-04-20T19:44:01","slug":"eukanuba-adulto-small-x-15-kg","status":"publish","type":"product","link":"https:\/\/mascoweb.com.ar\/tienda\/producto\/eukanuba-adulto-small-x-15-kg\/","title":{"rendered":"Eukanuba Adulto Small x 15 kg"},"content":{"rendered":"<h5>Eukanuba Adult Small Breed x 15 kg<\/h5>\n<p>Eukanuba Adult Small Breed es un alimento balanceado completo para perros adultos mayores a 12 meses de edad y de razas peque\u00f1as como Caniche, Yorkshire Terrier, Chihuahua, Daschund, Maltes y otras razas o perros mestizos que pesan menos de 10 kg.<\/p>\n<p>Ingredientes:<\/p>\n<p>Harina de subproductos de pollo, trigo integral molido, grasa de pollo, harina de ma\u00edz, sorgo integral molido, arroz de cervecer\u00eda, cebada integral molida, harina de pescado, pulpa de remolacha seca, sabor natural a cerdo y\/o pollo (hidrolizado de subproductos de cerdo y\/o pollo), producto de huevo seco, semillas de lino molidas, sal, cloruro de potasio, politrifosfato de sodio, vitaminas (suplemento de vitamina E, \u00e1cido asc\u00f3rbico, beta caroteno, acetato de vitamina A, pantotenato de calcio, biotina, suplemento de vitamina B12, mononitrato de tiamina (fuente de vitamina B1), niacina, suplemento de riboflavina (fuente de vitamina B2), hidrocloruro de piridoxina (fuente de vitamina B6), suplemento de vitamina D3 \u00e1cido f\u00f3lico), minerales (sulfato ferroso, \u00f3xido de zinc, sulfato de manganeso, sulfato de cobre, \u00f3xido manganoso, iodato de calcio, carbonato de cobalto), DL-metionina, antioxidantes (BHA y BHT), fructooligosac\u00e1ridos, cloruro de colina.<\/p>\n<p>An\u00e1lisis Garantizado:<\/p>\n<p>Prote\u00edna Cruda (m\u00edn.): 27%; Extracto Et\u00e9reo (m\u00edn.): 17%; Fibra Cruda (m\u00e1x.): 4%; Minerales (m\u00e1x.): 8%; Humedad (m\u00e1x.): 10%; Calcio (m\u00edn.): 0,9%, (m\u00e1x.): 1,6%; F\u00f3sforo (m\u00edn.): 0,8%, (m\u00e1x.): 1,4%. Valor Energ\u00e9tico promedio: 3.858 kcal\/kg.<\/p>\n","protected":false},"excerpt":{"rendered":"<p>Eukanuba Adult Small Breed es un alimento balanceado completo para perros adultos mayores a 12 meses de edad y de razas peque\u00f1as como Caniche, Yorkshire Terrier, Chihuahua, Daschund, Maltes y otras razas o perros mestizos que pesan menos de 10 kg.<\/p>\n","protected":false},"featured_media":1129,"template":"","meta":{"_gspb_post_css":"","_joinchat":[]},"product_brand":[97],"product_cat":[137,29,140],"product_tag":[44,32,34,63],"class_list":{"0":"post-1128","1":"product","2":"type-product","3":"status-publish","4":"has-post-thumbnail","6":"product_brand-eukanuba","7":"product_cat-perrosadultos","8":"product_cat-alimentoparaperros","9":"product_cat-mordidapequenia","10":"product_tag-15kg","11":"product_tag-adultos","12":"product_tag-mordida-pequena","13":"product_tag-superpremium","15":"first","16":"instock","17":"purchasable","18":"product-type-simple"},"jetpack_sharing_enabled":true,"_links":{"self":[{"href":"https:\/\/mascoweb.com.ar\/tienda\/wp-json\/wp\/v2\/product\/1128","targetHints":{"allow":["GET"]}}],"collection":[{"href":"https:\/\/mascoweb.com.ar\/tienda\/wp-json\/wp\/v2\/product"}],"about":[{"href":"https:\/\/mascoweb.com.ar\/tienda\/wp-json\/wp\/v2\/types\/product"}],"wp:featuredmedia":[{"embeddable":true,"href":"https:\/\/mascoweb.com.ar\/tienda\/wp-json\/wp\/v2\/media\/1129"}],"wp:attachment":[{"href":"https:\/\/mascoweb.com.ar\/tienda\/wp-json\/wp\/v2\/media?parent=1128"}],"wp:term":[{"taxonomy":"product_brand","embeddable":true,"href":"https:\/\/mascoweb.com.ar\/tienda\/wp-json\/wp\/v2\/product_brand?post=1128"},{"taxonomy":"product_cat","embeddable":true,"href":"https:\/\/mascoweb.com.ar\/tienda\/wp-json\/wp\/v2\/product_cat?post=1128"},{"taxonomy":"product_tag","embeddable":true,"href":"https:\/\/mascoweb.com.ar\/tienda\/wp-json\/wp\/v2\/product_tag?post=1128"}],"curies":[{"name":"wp","href":"https:\/\/api.w.org\/{rel}","templated":true}]}}