{"id":1130,"date":"2025-02-22T19:22:31","date_gmt":"2025-02-22T22:22:31","guid":{"rendered":"https:\/\/mascoweb.com.ar\/tienda\/?post_type=product&#038;p=1130"},"modified":"2026-04-20T16:43:36","modified_gmt":"2026-04-20T19:43:36","slug":"eukanuba-puppy-large-x-15-kg","status":"publish","type":"product","link":"https:\/\/mascoweb.com.ar\/tienda\/producto\/eukanuba-puppy-large-x-15-kg\/","title":{"rendered":"Eukanuba Puppy Large x 15 kg"},"content":{"rendered":"<h5>Eukanuba Puppy Large Breed x 15 kg<\/h5>\n<p>Eukanuba Puppy Large Breed es un alimento balanceado completo para cachorros entre 1 y 12 meses de edad en el caso de razas grandes o hasta los 24 meses en el caso de razas gigantes. Recomendado para cachorros de razas grandes o perros mestizos que en su etapa adulta pesan m\u00e1s de 25 kg (razas grandes) o m\u00e1s de 50 kg (razas gigantes).<\/p>\n<p>Ingredientes:<\/p>\n<p>Harina de subproductos de pollo, harina de ma\u00edz, trigo integral molido, sorgo integral molido, grasa de pollo, arroz de cervecer\u00eda, pulpa de remolacha seca, producto de huevo seco, sabor natural a cerdo y\/o pollo (hidrolizado de subproductos de cerdo y\/o pollo), aceite de pescado, levadura de cerveza seca, sal, cloruro de potasio, vitaminas (suplemento de vitamina E, \u00e1cido asc\u00f3rbico, beta caroteno, acetato de vitamina A, pantotenato de calcio, biotina, suplemento de vitamina B12, mononitrato de tiamina (fuente de vitamina B1), niacina, suplemento de riboflavina (fuente de vitamina B2), hidrocloruro de piridoxina (fuente de vitamina B6), suplemento de vitamina D3, \u00e1cido f\u00f3lico), minerales (sulfato ferroso, \u00f3xido de zinc, sulfato de manganeso, sulfato de cobre, \u00f3xido manganoso, iodato de calcio, carbonato de cobalto), DL-metionina, antioxidantes (BHA y BHT), fructooligosac\u00e1ridos, cloruro de colina, fosfato dic\u00e1lcico, lute\u00edna.<\/p>\n<p>An\u00e1lisis Garantizado:<\/p>\n<p>Prote\u00edna Cruda (m\u00edn.): 25%; Extracto Et\u00e9reo (m\u00edn.): 13%; Fibra Cruda (m\u00e1x.): 5%; Minerales (m\u00e1x.): 7%; Humedad (m\u00e1x.): 10%; Calcio (m\u00edn.): 1,08%, (m\u00e1x.): 1,2%; F\u00f3sforo (m\u00edn.): 0,9%, (m\u00e1x.): 1%. Valor Energ\u00e9tico promedio: 3.665 kcal\/kg<\/p>\n","protected":false},"excerpt":{"rendered":"<p>Eukanuba Puppy Large Breed es un alimento balanceado completo para cachorros entre 1 y 12 meses de edad en el caso de razas grandes o hasta los 24 meses en el caso de razas gigantes. Recomendado para cachorros de razas grandes o perros mestizos que en su etapa adulta pesan m\u00e1s de 25 kg (razas grandes) o m\u00e1s de 50 kg (razas gigantes).<\/p>\n<p>&nbsp;<\/p>\n","protected":false},"featured_media":1131,"template":"","meta":{"_gspb_post_css":"","_joinchat":[]},"product_brand":[97],"product_cat":[29,138],"product_tag":[44,33,63],"class_list":{"0":"post-1130","1":"product","2":"type-product","3":"status-publish","4":"has-post-thumbnail","6":"product_brand-eukanuba","7":"product_cat-alimentoparaperros","8":"product_cat-perroscachorros","9":"product_tag-15kg","10":"product_tag-cachorros","11":"product_tag-superpremium","13":"first","14":"instock","15":"purchasable","16":"product-type-simple"},"jetpack_sharing_enabled":true,"_links":{"self":[{"href":"https:\/\/mascoweb.com.ar\/tienda\/wp-json\/wp\/v2\/product\/1130","targetHints":{"allow":["GET"]}}],"collection":[{"href":"https:\/\/mascoweb.com.ar\/tienda\/wp-json\/wp\/v2\/product"}],"about":[{"href":"https:\/\/mascoweb.com.ar\/tienda\/wp-json\/wp\/v2\/types\/product"}],"wp:featuredmedia":[{"embeddable":true,"href":"https:\/\/mascoweb.com.ar\/tienda\/wp-json\/wp\/v2\/media\/1131"}],"wp:attachment":[{"href":"https:\/\/mascoweb.com.ar\/tienda\/wp-json\/wp\/v2\/media?parent=1130"}],"wp:term":[{"taxonomy":"product_brand","embeddable":true,"href":"https:\/\/mascoweb.com.ar\/tienda\/wp-json\/wp\/v2\/product_brand?post=1130"},{"taxonomy":"product_cat","embeddable":true,"href":"https:\/\/mascoweb.com.ar\/tienda\/wp-json\/wp\/v2\/product_cat?post=1130"},{"taxonomy":"product_tag","embeddable":true,"href":"https:\/\/mascoweb.com.ar\/tienda\/wp-json\/wp\/v2\/product_tag?post=1130"}],"curies":[{"name":"wp","href":"https:\/\/api.w.org\/{rel}","templated":true}]}}