{"id":1135,"date":"2025-02-22T19:29:24","date_gmt":"2025-02-22T22:29:24","guid":{"rendered":"https:\/\/mascoweb.com.ar\/tienda\/?post_type=product&#038;p=1135"},"modified":"2026-04-20T16:43:04","modified_gmt":"2026-04-20T19:43:04","slug":"eukanuba-puppy-small-x-15-kg","status":"publish","type":"product","link":"https:\/\/mascoweb.com.ar\/tienda\/producto\/eukanuba-puppy-small-x-15-kg\/","title":{"rendered":"Eukanuba Puppy Small x 15 kg"},"content":{"rendered":"<h5>Eukanuba Puppy Small Breed x 15 kg<\/h5>\n<p>Eukanuba Puppy Small Breed es un alimento balanceado completo para cachorros entre 1 y 12 meses de edad y de razas peque\u00f1as como Caniche, Yorkshire Terrier, Chihuahua, Daschund, Maltes y otras razas o perros mestizos que en su etapa adulta pesen menos de 10 kg.<\/p>\n<p>Ingredientes:<\/p>\n<p>Harina de subproductos de pollo, harina de ma\u00edz, trigo integral molido, grasa de pollo, arroz de\u00a0 cervecer\u00eda, pulpa de remolacha seca, producto de huevo seco, sabor natural a cerdo y\/o pollo\u00a0 (hidrolizado de subproductos de cerdo y\/o pollo), aceite de pescado, levadura de cerveza seca, harina de\u00a0 pescado, sal, cloruro de potasio, vitaminas (suplemento de vitamina E, \u00e1cido asc\u00f3rbico, beta caroteno, acetato de vitamina A, pantotenato de calcio, biotina, suplemento de vitamina B12, mononitrato de\u00a0 tiamina (fuente de vitamina B1), niacina, suplemento de riboflavina (fuente de vitamina B2),\u00a0 hidrocloruro de piridoxina (fuente de vitamina B6), suplemento de vitamina D3, \u00e1cido f\u00f3lico), minerales\u00a0 (sulfato ferroso, \u00f3xido de zinc, sulfato de manganeso, sulfato de cobre, \u00f3xido manganoso, iodato de\u00a0 calcio, carbonato de cobalto), DL-metionina, antioxidantes (BHA y BHT), fructooligosac\u00e1ridos, cloruro de\u00a0 colina, lute\u00edna.<\/p>\n<p>An\u00e1lisis Garantizado:<\/p>\n<p>Prote\u00edna Cruda (m\u00edn.): 31%; Extracto Et\u00e9reo (m\u00edn.): 20%; Fibra Cruda (m\u00e1x.): 5%; Minerales (m\u00e1x.): 8,5%; Humedad (m\u00e1x.): 10%; Calcio (m\u00edn.): 1,08%, (m\u00e1x.): 1,75%; F\u00f3sforo (m\u00edn.): 0,9%, (m\u00e1x.): 1,3%. Valor Energ\u00e9tico promedio: 4.011,5 kcal\/kg.<\/p>\n","protected":false},"excerpt":{"rendered":"<p>Eukanuba Puppy Small Breed es un alimento balanceado completo para cachorros entre 1 y 12 meses de edad y de razas peque\u00f1as como Caniche, Yorkshire Terrier, Chihuahua, Daschund, Maltes y otras razas o perros mestizos que en su etapa adulta pesen menos de 10 kg.<\/p>\n","protected":false},"featured_media":1136,"template":"","meta":{"_gspb_post_css":"","_joinchat":[]},"product_brand":[97],"product_cat":[29,138,140],"product_tag":[44,33,34,63],"class_list":{"0":"post-1135","1":"product","2":"type-product","3":"status-publish","4":"has-post-thumbnail","6":"product_brand-eukanuba","7":"product_cat-alimentoparaperros","8":"product_cat-perroscachorros","9":"product_cat-mordidapequenia","10":"product_tag-15kg","11":"product_tag-cachorros","12":"product_tag-mordida-pequena","13":"product_tag-superpremium","15":"first","16":"instock","17":"purchasable","18":"product-type-simple"},"jetpack_sharing_enabled":true,"_links":{"self":[{"href":"https:\/\/mascoweb.com.ar\/tienda\/wp-json\/wp\/v2\/product\/1135","targetHints":{"allow":["GET"]}}],"collection":[{"href":"https:\/\/mascoweb.com.ar\/tienda\/wp-json\/wp\/v2\/product"}],"about":[{"href":"https:\/\/mascoweb.com.ar\/tienda\/wp-json\/wp\/v2\/types\/product"}],"wp:featuredmedia":[{"embeddable":true,"href":"https:\/\/mascoweb.com.ar\/tienda\/wp-json\/wp\/v2\/media\/1136"}],"wp:attachment":[{"href":"https:\/\/mascoweb.com.ar\/tienda\/wp-json\/wp\/v2\/media?parent=1135"}],"wp:term":[{"taxonomy":"product_brand","embeddable":true,"href":"https:\/\/mascoweb.com.ar\/tienda\/wp-json\/wp\/v2\/product_brand?post=1135"},{"taxonomy":"product_cat","embeddable":true,"href":"https:\/\/mascoweb.com.ar\/tienda\/wp-json\/wp\/v2\/product_cat?post=1135"},{"taxonomy":"product_tag","embeddable":true,"href":"https:\/\/mascoweb.com.ar\/tienda\/wp-json\/wp\/v2\/product_tag?post=1135"}],"curies":[{"name":"wp","href":"https:\/\/api.w.org\/{rel}","templated":true}]}}