{"id":1139,"date":"2025-02-23T13:54:56","date_gmt":"2025-02-23T16:54:56","guid":{"rendered":"https:\/\/mascoweb.com.ar\/tienda\/?post_type=product&#038;p=1139"},"modified":"2026-04-20T16:30:41","modified_gmt":"2026-04-20T19:30:41","slug":"royal-canin-kitten-x1-5kg","status":"publish","type":"product","link":"https:\/\/mascoweb.com.ar\/tienda\/producto\/royal-canin-kitten-x1-5kg\/","title":{"rendered":"Royal Canin Kitten x 1.5 kg"},"content":{"rendered":"<p><strong>Salud digestiva<\/strong><br \/>\nTolerancia digestiva reforzada gracias a prote\u00ednas altamente digestibles (L.I.P.*) y prebi\u00f3ticos (incluyendo FOS). *Prote\u00ednas seleccionadas por su elevada digestibilidad.<\/p>\n<p><strong>Refuerzo del sistema inmunol\u00f3gico<\/strong><br \/>\nDurante este per\u00edodo clave, el sistema inmunol\u00f3gico del gatito se desarrolla progresivamente. Kitten ayuda a reforzar las defensas naturales del gatito en su segunda etapa de crecimiento, gracias en particular a un complejo patentado de antioxidantes, que incluye vitamina E.<\/p>\n<p><strong>Crecimiento saludable<\/strong><br \/>\nContenido adaptado de prote\u00ednas, vitaminas y minerales incluyendo vitamina D y calcio. Elevado contenido energ\u00e9tico para adaptarse a este per\u00edodo de crecimiento intenso.<\/p>\n<p>&nbsp;<\/p>\n","protected":false},"excerpt":{"rendered":"<div class=\"sc-esYiGF bzHMvG\">\n<div class=\"ShowMoreLess-module_wrapper__o7OmT ShowMoreLess-module_clamped__MOcCz\">\n<p>Alimento para gatos, especial para gatitos en su segunda etapa de crecimiento. Desde los 4 hasta los 12 meses de edad.<br \/>\n<strong><br \/>\nRoyal Canin Kitten<\/strong> brinda una tolerancia digestiva reforzada, ayuda a reforzar el sistema inmunol\u00f3gico del gatito y contribuye a un crecimiento saludable.<\/p>\n<\/div>\n<\/div>\n","protected":false},"featured_media":1138,"template":"","meta":{"_gspb_post_css":"","_joinchat":[]},"product_brand":[98],"product_cat":[30,145],"product_tag":[33,99,54,63],"class_list":{"0":"post-1139","1":"product","2":"type-product","3":"status-publish","4":"has-post-thumbnail","6":"product_brand-royal-canin","7":"product_cat-alimentoparagatos","8":"product_cat-kitten","9":"product_tag-cachorros","10":"product_tag-gatitos","11":"product_tag-kitten","12":"product_tag-superpremium","14":"first","15":"instock","16":"purchasable","17":"product-type-simple"},"jetpack_sharing_enabled":true,"_links":{"self":[{"href":"https:\/\/mascoweb.com.ar\/tienda\/wp-json\/wp\/v2\/product\/1139","targetHints":{"allow":["GET"]}}],"collection":[{"href":"https:\/\/mascoweb.com.ar\/tienda\/wp-json\/wp\/v2\/product"}],"about":[{"href":"https:\/\/mascoweb.com.ar\/tienda\/wp-json\/wp\/v2\/types\/product"}],"wp:featuredmedia":[{"embeddable":true,"href":"https:\/\/mascoweb.com.ar\/tienda\/wp-json\/wp\/v2\/media\/1138"}],"wp:attachment":[{"href":"https:\/\/mascoweb.com.ar\/tienda\/wp-json\/wp\/v2\/media?parent=1139"}],"wp:term":[{"taxonomy":"product_brand","embeddable":true,"href":"https:\/\/mascoweb.com.ar\/tienda\/wp-json\/wp\/v2\/product_brand?post=1139"},{"taxonomy":"product_cat","embeddable":true,"href":"https:\/\/mascoweb.com.ar\/tienda\/wp-json\/wp\/v2\/product_cat?post=1139"},{"taxonomy":"product_tag","embeddable":true,"href":"https:\/\/mascoweb.com.ar\/tienda\/wp-json\/wp\/v2\/product_tag?post=1139"}],"curies":[{"name":"wp","href":"https:\/\/api.w.org\/{rel}","templated":true}]}}