{"id":1152,"date":"2025-02-23T14:07:35","date_gmt":"2025-02-23T17:07:35","guid":{"rendered":"https:\/\/mascoweb.com.ar\/tienda\/?post_type=product&#038;p=1152"},"modified":"2026-04-20T16:28:15","modified_gmt":"2026-04-20T19:28:15","slug":"royal-canin-indoor-x1-5kg","status":"publish","type":"product","link":"https:\/\/mascoweb.com.ar\/tienda\/producto\/royal-canin-indoor-x1-5kg\/","title":{"rendered":"Royal Canin Indoor x 1.5 kg"},"content":{"rendered":"<p><strong>Reducci\u00f3n del olor y la cantidad de las heces<\/strong><br \/>\nLa falta de ejercicio puede conducir a un tr\u00e1nsito intestinal m\u00e1s lento, y dar lugar a una mala calidad de heces muy olorosas. Indoor contiene prote\u00ednas de alta digestibilidad (L.I.P.*) para ayudar a reducir la cantidad y el olor fecal.<\/p>\n<p><strong>Calor\u00edas moderadas<\/strong><br \/>\nUn tenor moderado de grasa ayuda a mantener un peso saludable, adaptado a las necesidades de los gatos con niveles bajos de actividad que viven en el interior del hogar.<\/p>\n<p><strong>Reducci\u00f3n de bolas de pelo<\/strong><br \/>\nIndoor ayuda a estimular el tr\u00e1nsito intestinal y a eliminar los pelos ingeridos, gracias a fibras espec\u00edficas.<\/p>\n","protected":false},"excerpt":{"rendered":"<div class=\"sc-gEvEer fmTtUN\" data-qa=\"product-description\">\n<div class=\"ShowMoreLess-module_wrapper__o7OmT ShowMoreLess-module_clamped__MOcCz\">\n<p>Alimento para gatos adultos que viven en el interior del hogar &#8211; A partir del a\u00f1o de edad.<\/p>\n<\/div>\n<\/div>\n<div class=\"sc-koXPp cLgjcc\" data-qa=\"existing-formats\">\n<div class=\"sc-esYiGF bzHMvG\">\n<div class=\"ShowMoreLess-module_wrapper__o7OmT ShowMoreLess-module_clamped__MOcCz\">\n<p><strong>Royal Canin Indoor<\/strong> ayuda a reducir el olor y la cantidad de las heces, a mantener un peso saludable, y a estimular el tr\u00e1nsito intestinal y eliminar los pelos ingeridos.<\/p>\n<\/div>\n<\/div>\n<\/div>\n","protected":false},"featured_media":1147,"template":"","meta":{"_gspb_post_css":"","_joinchat":[]},"product_brand":[98],"product_cat":[144,30,23],"product_tag":[100,32,101,63],"class_list":{"0":"post-1152","1":"product","2":"type-product","3":"status-publish","4":"has-post-thumbnail","6":"product_brand-royal-canin","7":"product_cat-gatosadultos","8":"product_cat-alimentoparagatos","9":"product_cat-alimentosbalanceados","10":"product_tag-1-5kg","11":"product_tag-adultos","12":"product_tag-gatos","13":"product_tag-superpremium","15":"first","16":"instock","17":"purchasable","18":"product-type-simple"},"jetpack_sharing_enabled":true,"_links":{"self":[{"href":"https:\/\/mascoweb.com.ar\/tienda\/wp-json\/wp\/v2\/product\/1152","targetHints":{"allow":["GET"]}}],"collection":[{"href":"https:\/\/mascoweb.com.ar\/tienda\/wp-json\/wp\/v2\/product"}],"about":[{"href":"https:\/\/mascoweb.com.ar\/tienda\/wp-json\/wp\/v2\/types\/product"}],"wp:featuredmedia":[{"embeddable":true,"href":"https:\/\/mascoweb.com.ar\/tienda\/wp-json\/wp\/v2\/media\/1147"}],"wp:attachment":[{"href":"https:\/\/mascoweb.com.ar\/tienda\/wp-json\/wp\/v2\/media?parent=1152"}],"wp:term":[{"taxonomy":"product_brand","embeddable":true,"href":"https:\/\/mascoweb.com.ar\/tienda\/wp-json\/wp\/v2\/product_brand?post=1152"},{"taxonomy":"product_cat","embeddable":true,"href":"https:\/\/mascoweb.com.ar\/tienda\/wp-json\/wp\/v2\/product_cat?post=1152"},{"taxonomy":"product_tag","embeddable":true,"href":"https:\/\/mascoweb.com.ar\/tienda\/wp-json\/wp\/v2\/product_tag?post=1152"}],"curies":[{"name":"wp","href":"https:\/\/api.w.org\/{rel}","templated":true}]}}