{"id":1157,"date":"2025-02-23T14:14:40","date_gmt":"2025-02-23T17:14:40","guid":{"rendered":"https:\/\/mascoweb.com.ar\/tienda\/?post_type=product&#038;p=1157"},"modified":"2026-04-20T16:27:08","modified_gmt":"2026-04-20T19:27:08","slug":"royal-canin-urinary-care-x7-5kg","status":"publish","type":"product","link":"https:\/\/mascoweb.com.ar\/tienda\/producto\/royal-canin-urinary-care-x7-5kg\/","title":{"rendered":"Royal Canin Urinary Care x 7.5 kg"},"content":{"rendered":"<p><strong>Ayuda a mantener la salud del tracto uninario<\/strong><br \/>\nAyuda a mantener una concentraci\u00f3n urinaria saludable al regular el balance de minerales as\u00ed como a mantener un PH bajo, lo que produce una orina menos concentrada. La exclusiva f\u00f3rmula de Urinary Care ayuda a promover un ambiente urinario menos favorable para la formaci\u00f3n de c\u00e1lculos urinarios.<\/p>\n<p><strong>Resultados comprobados<\/strong><br \/>\nEl uso exclusivo de Urinary Care produce efectos a partir de los 10 d\u00edas: 2x* reducci\u00f3n del riesgo de formaci\u00f3n de c\u00e1lculos urinarios. *Estudio interno de Royal Canin, 2014 &#8211; Comparado con un alimento de mantenimiento para gatos. Especialmente comprobado para los cristales (c\u00e1lculos) de estruvita.<\/p>\n","protected":false},"excerpt":{"rendered":"<div class=\"sc-gEvEer fmTtUN\" data-qa=\"product-description\">\n<div class=\"ShowMoreLess-module_wrapper__o7OmT ShowMoreLess-module_clamped__MOcCz\">\n<p>Alimento para gatos adultos recomendado para ayudar a mantener la salud del tracto urinario.<\/p>\n<\/div>\n<\/div>\n<div class=\"sc-koXPp cLgjcc\" data-qa=\"existing-formats\">\n<div class=\"sc-esYiGF bzHMvG\">\n<div class=\"ShowMoreLess-module_wrapper__o7OmT ShowMoreLess-module_clamped__MOcCz\">\n<p><strong>Royal Canin Urinary Care<\/strong> ayuda a mantener una concentraci\u00f3n urinaria saludable y a promover un ambiente urinario menos favorable para la formaci\u00f3n de c\u00e1lculos urinarios.<\/p>\n<\/div>\n<\/div>\n<\/div>\n","protected":false},"featured_media":1151,"template":"","meta":{"_gspb_post_css":"","_joinchat":[]},"product_brand":[98],"product_cat":[144,30,23,147],"product_tag":[55,32,101,63,60],"class_list":{"0":"post-1157","1":"product","2":"type-product","3":"status-publish","4":"has-post-thumbnail","6":"product_brand-royal-canin","7":"product_cat-gatosadultos","8":"product_cat-alimentoparagatos","9":"product_cat-alimentosbalanceados","10":"product_cat-urinary","11":"product_tag-7-5kg","12":"product_tag-adultos","13":"product_tag-gatos","14":"product_tag-superpremium","15":"product_tag-urinario","17":"first","18":"instock","19":"purchasable","20":"product-type-simple"},"jetpack_sharing_enabled":true,"_links":{"self":[{"href":"https:\/\/mascoweb.com.ar\/tienda\/wp-json\/wp\/v2\/product\/1157","targetHints":{"allow":["GET"]}}],"collection":[{"href":"https:\/\/mascoweb.com.ar\/tienda\/wp-json\/wp\/v2\/product"}],"about":[{"href":"https:\/\/mascoweb.com.ar\/tienda\/wp-json\/wp\/v2\/types\/product"}],"wp:featuredmedia":[{"embeddable":true,"href":"https:\/\/mascoweb.com.ar\/tienda\/wp-json\/wp\/v2\/media\/1151"}],"wp:attachment":[{"href":"https:\/\/mascoweb.com.ar\/tienda\/wp-json\/wp\/v2\/media?parent=1157"}],"wp:term":[{"taxonomy":"product_brand","embeddable":true,"href":"https:\/\/mascoweb.com.ar\/tienda\/wp-json\/wp\/v2\/product_brand?post=1157"},{"taxonomy":"product_cat","embeddable":true,"href":"https:\/\/mascoweb.com.ar\/tienda\/wp-json\/wp\/v2\/product_cat?post=1157"},{"taxonomy":"product_tag","embeddable":true,"href":"https:\/\/mascoweb.com.ar\/tienda\/wp-json\/wp\/v2\/product_tag?post=1157"}],"curies":[{"name":"wp","href":"https:\/\/api.w.org\/{rel}","templated":true}]}}