{"id":1159,"date":"2025-02-23T14:17:55","date_gmt":"2025-02-23T17:17:55","guid":{"rendered":"https:\/\/mascoweb.com.ar\/tienda\/?post_type=product&#038;p=1159"},"modified":"2026-04-20T16:26:14","modified_gmt":"2026-04-20T19:26:14","slug":"royal-canin-weight-care-x7-5kg","status":"publish","type":"product","link":"https:\/\/mascoweb.com.ar\/tienda\/producto\/royal-canin-weight-care-x7-5kg\/","title":{"rendered":"Royal Canin Cat Weight Care x 7.5 kg"},"content":{"rendered":"<p><strong>Ayuda a limitar la ganancia de peso<\/strong><br \/>\nEs una f\u00f3rmula nutricional espec\u00edficamente desarrollada que ayuda a mantener una condici\u00f3n f\u00edsica saludable con varias acciones: Una mezcla de fibras diarias para mantener la sensaci\u00f3n de saciedad. Contenido adaptado de prote\u00ednas para ayudar a mantener la masa muscular y alcanzar un peso saludable. Enriquecido con L-carnitina que participa en el metabolismo de las grasas. Alimento muy palatable, satisface el apetito, formulado para ayudar a mantener a tu gato en forma.<\/p>\n<p><strong>Resultados comprobados<\/strong><br \/>\nCon el uso exclusivo de Weight Care, m\u00e1s del 90% de los gatos con leve sobrepeso, alcanzaron un peso m\u00e1s saludable en 8 semanas*. *Estudio interno de Royal Canin.<\/p>\n","protected":false},"excerpt":{"rendered":"<div class=\"sc-gEvEer fmTtUN\" data-qa=\"product-description\">\n<div class=\"ShowMoreLess-module_wrapper__o7OmT ShowMoreLess-module_clamped__MOcCz\">\n<p>Alimento para gatos adultos con tendencia al sobrepeso.<\/p>\n<\/div>\n<\/div>\n<div class=\"sc-koXPp cLgjcc\" data-qa=\"existing-formats\">\n<div class=\"sc-esYiGF bzHMvG\">\n<div class=\"ShowMoreLess-module_wrapper__o7OmT ShowMoreLess-module_clamped__MOcCz\">\n<p><strong>Royal Canin Weight Care<\/strong> es un alimento para gatos adultos con tendencia al sobrepeso que ayuda a limitar la ganancia de peso y presenta resultados comprobados, ya que con su uso exclusivo, m\u00e1s del 90% de los gatos con leve sobrepeso, alcanzaron un peso m\u00e1s saludable en 8 semanas*. *Estudio interno de Royal Canin.<\/p>\n<\/div>\n<\/div>\n<\/div>\n","protected":false},"featured_media":1155,"template":"","meta":{"_gspb_post_css":"","_joinchat":[]},"product_brand":[98],"product_cat":[144,30,23,146],"product_tag":[55,32,36,63],"class_list":{"0":"post-1159","1":"product","2":"type-product","3":"status-publish","4":"has-post-thumbnail","6":"product_brand-royal-canin","7":"product_cat-gatosadultos","8":"product_cat-alimentoparagatos","9":"product_cat-alimentosbalanceados","10":"product_cat-lightcastrados","11":"product_tag-7-5kg","12":"product_tag-adultos","13":"product_tag-light","14":"product_tag-superpremium","16":"first","17":"instock","18":"purchasable","19":"product-type-simple"},"jetpack_sharing_enabled":true,"_links":{"self":[{"href":"https:\/\/mascoweb.com.ar\/tienda\/wp-json\/wp\/v2\/product\/1159","targetHints":{"allow":["GET"]}}],"collection":[{"href":"https:\/\/mascoweb.com.ar\/tienda\/wp-json\/wp\/v2\/product"}],"about":[{"href":"https:\/\/mascoweb.com.ar\/tienda\/wp-json\/wp\/v2\/types\/product"}],"wp:featuredmedia":[{"embeddable":true,"href":"https:\/\/mascoweb.com.ar\/tienda\/wp-json\/wp\/v2\/media\/1155"}],"wp:attachment":[{"href":"https:\/\/mascoweb.com.ar\/tienda\/wp-json\/wp\/v2\/media?parent=1159"}],"wp:term":[{"taxonomy":"product_brand","embeddable":true,"href":"https:\/\/mascoweb.com.ar\/tienda\/wp-json\/wp\/v2\/product_brand?post=1159"},{"taxonomy":"product_cat","embeddable":true,"href":"https:\/\/mascoweb.com.ar\/tienda\/wp-json\/wp\/v2\/product_cat?post=1159"},{"taxonomy":"product_tag","embeddable":true,"href":"https:\/\/mascoweb.com.ar\/tienda\/wp-json\/wp\/v2\/product_tag?post=1159"}],"curies":[{"name":"wp","href":"https:\/\/api.w.org\/{rel}","templated":true}]}}