{"id":1370,"date":"2025-03-01T15:38:52","date_gmt":"2025-03-01T18:38:52","guid":{"rendered":"https:\/\/mascoweb.com.ar\/tienda\/?post_type=product&#038;p=1370"},"modified":"2026-03-25T16:43:35","modified_gmt":"2026-03-25T19:43:35","slug":"excellent-puppy-formula-x20kg","status":"publish","type":"product","link":"https:\/\/mascoweb.com.ar\/tienda\/producto\/excellent-puppy-formula-x20kg\/","title":{"rendered":"Excellent Puppy Crecimiento Formula x 20 kg"},"content":{"rendered":"<h5>Excellent Puppy Crecimiento Formula x 20 kg<\/h5>\n<p>Con el sistema SMART NUTRITION BY PURINA\u00ae, que aporta m\u00faltiples beneficios cient\u00edficamente comprobados, que mantienen a tu cachorro con un excelente estado de salud.<\/p>\n<p><strong>Contribuye al desarrollo \u00f3ptimo de m\u00fasculos fuertes<\/strong><br \/>\nCon el balance adecuado de prote\u00ednas de alta calidad, para ayudarle a formar sus m\u00fasculos fuertes y sanos.<\/p>\n<p><strong>Ayuda al desarrollo saludable de dientes y huesos<\/strong><br \/>\nEl aporte de minerales clave como calcio y f\u00f3sforo en proporciones adecuadas ayuda al desarrollo saludable de dientes y huesos.<\/p>\n<p><strong>Favorece a una piel y pelaje saludables<\/strong><br \/>\nLa combinaci\u00f3n de los \u00e1cidos grasos Omega 6 y 3 junto a vitaminas y minerales favorecen una piel y pelaje saludables.<\/p>\n<p><strong>Promueve una \u00f3ptima absorci\u00f3n de nutrientes<\/strong><br \/>\nLa calidad de sus ingredientes de alta digestibilidad ayuda a garantizar un \u00f3ptimo aprovechamiento de los nutrientes, generando heces firmes.<\/p>\n","protected":false},"excerpt":{"rendered":"<h5>Excellent Puppy Crecimiento Formula x 20 kg<\/h5>\n<p>PURINA\u00ae EXCELLENT\u2122 le ofrece una f\u00f3rmula con un \u00f3ptimo balance nutricional para ayudar al desarrollo de una condici\u00f3n corporal saludable.<\/p>\n","protected":false},"featured_media":1888,"template":"","meta":{"_gspb_post_css":"","_joinchat":[]},"product_brand":[58],"product_cat":[29,23,138],"product_tag":[41,33,63],"class_list":{"0":"post-1370","1":"product","2":"type-product","3":"status-publish","4":"has-post-thumbnail","6":"product_brand-excellent","7":"product_cat-alimentoparaperros","8":"product_cat-alimentosbalanceados","9":"product_cat-perroscachorros","10":"product_tag-20kg","11":"product_tag-cachorros","12":"product_tag-superpremium","14":"first","15":"instock","16":"purchasable","17":"product-type-simple"},"jetpack_sharing_enabled":true,"_links":{"self":[{"href":"https:\/\/mascoweb.com.ar\/tienda\/wp-json\/wp\/v2\/product\/1370","targetHints":{"allow":["GET"]}}],"collection":[{"href":"https:\/\/mascoweb.com.ar\/tienda\/wp-json\/wp\/v2\/product"}],"about":[{"href":"https:\/\/mascoweb.com.ar\/tienda\/wp-json\/wp\/v2\/types\/product"}],"wp:featuredmedia":[{"embeddable":true,"href":"https:\/\/mascoweb.com.ar\/tienda\/wp-json\/wp\/v2\/media\/1888"}],"wp:attachment":[{"href":"https:\/\/mascoweb.com.ar\/tienda\/wp-json\/wp\/v2\/media?parent=1370"}],"wp:term":[{"taxonomy":"product_brand","embeddable":true,"href":"https:\/\/mascoweb.com.ar\/tienda\/wp-json\/wp\/v2\/product_brand?post=1370"},{"taxonomy":"product_cat","embeddable":true,"href":"https:\/\/mascoweb.com.ar\/tienda\/wp-json\/wp\/v2\/product_cat?post=1370"},{"taxonomy":"product_tag","embeddable":true,"href":"https:\/\/mascoweb.com.ar\/tienda\/wp-json\/wp\/v2\/product_tag?post=1370"}],"curies":[{"name":"wp","href":"https:\/\/api.w.org\/{rel}","templated":true}]}}