{"id":1389,"date":"2025-03-01T15:56:26","date_gmt":"2025-03-01T18:56:26","guid":{"rendered":"https:\/\/mascoweb.com.ar\/tienda\/?post_type=product&#038;p=1389"},"modified":"2026-04-13T13:07:52","modified_gmt":"2026-04-13T16:07:52","slug":"excellent-adulto-small-x15kg","status":"publish","type":"product","link":"https:\/\/mascoweb.com.ar\/tienda\/producto\/excellent-adulto-small-x15kg\/","title":{"rendered":"Excellent Adulto Peque\u00f1o Small x 15 kg"},"content":{"rendered":"<p>Con el sistema SMART NUTRITION BY PURINA\u00ae, que aporta m\u00faltiples beneficios cient\u00edficamente comprobados, que mantienen a tu perro adulto con un excelente estado de salud.<\/p>\n<p><strong>Promueve un sistema inmune sano<\/strong><br \/>\nCon antioxidantes y prote\u00edna de alta digestibilidad que contribuyen a fortalecer las defensas y a mantener un sistema inmune saludable.<\/p>\n<p><strong>Favorece a una piel y pelaje saludables<\/strong><br \/>\nLa combinaci\u00f3n de los \u00e1cidos grasos Omega 6 y 3 junto a vitaminas y minerales favorecen una piel y pelaje saludables.<\/p>\n<p><strong>Contribuye con el equilibrio intestinal y una \u00f3ptima absorci\u00f3n de nutrientes<\/strong><br \/>\nLa inclusi\u00f3n del prebi\u00f3tico natural ayuda a optimizar el equilibrio intestinal. F\u00f3rmula que colabora con una buena salud digestiva y una \u00f3ptima absorci\u00f3n de nutrientes. Con zeolita (fuente mineral) y fibra natural que ayudan a producir heces firmes.<\/p>\n<p><strong>Colabora con la salud oral<\/strong><br \/>\nCroqueta que ayuda a evitar la acumulaci\u00f3n del sarro.<\/p>\n","protected":false},"excerpt":{"rendered":"<p>PURINA\u00ae EXCELLENT\u2122 le ofrece a tu perro una nutrici\u00f3n que lo mantenga sano y activo. Con prote\u00ednas de alta calidad y antioxidantes como la vitamina E y selenio, que contribuyen a fortalecer las defensas y a mantener un sistema inmune saludable.<\/p>\n","protected":false},"featured_media":1378,"template":"","meta":{"_gspb_post_css":"","_joinchat":[]},"product_brand":[58],"product_cat":[137,29,23,140],"product_tag":[44,32,34,63],"class_list":{"0":"post-1389","1":"product","2":"type-product","3":"status-publish","4":"has-post-thumbnail","6":"product_brand-excellent","7":"product_cat-perrosadultos","8":"product_cat-alimentoparaperros","9":"product_cat-alimentosbalanceados","10":"product_cat-mordidapequenia","11":"product_tag-15kg","12":"product_tag-adultos","13":"product_tag-mordida-pequena","14":"product_tag-superpremium","16":"first","17":"instock","18":"purchasable","19":"product-type-simple"},"jetpack_sharing_enabled":true,"_links":{"self":[{"href":"https:\/\/mascoweb.com.ar\/tienda\/wp-json\/wp\/v2\/product\/1389","targetHints":{"allow":["GET"]}}],"collection":[{"href":"https:\/\/mascoweb.com.ar\/tienda\/wp-json\/wp\/v2\/product"}],"about":[{"href":"https:\/\/mascoweb.com.ar\/tienda\/wp-json\/wp\/v2\/types\/product"}],"wp:featuredmedia":[{"embeddable":true,"href":"https:\/\/mascoweb.com.ar\/tienda\/wp-json\/wp\/v2\/media\/1378"}],"wp:attachment":[{"href":"https:\/\/mascoweb.com.ar\/tienda\/wp-json\/wp\/v2\/media?parent=1389"}],"wp:term":[{"taxonomy":"product_brand","embeddable":true,"href":"https:\/\/mascoweb.com.ar\/tienda\/wp-json\/wp\/v2\/product_brand?post=1389"},{"taxonomy":"product_cat","embeddable":true,"href":"https:\/\/mascoweb.com.ar\/tienda\/wp-json\/wp\/v2\/product_cat?post=1389"},{"taxonomy":"product_tag","embeddable":true,"href":"https:\/\/mascoweb.com.ar\/tienda\/wp-json\/wp\/v2\/product_tag?post=1389"}],"curies":[{"name":"wp","href":"https:\/\/api.w.org\/{rel}","templated":true}]}}