{"id":1391,"date":"2025-03-01T15:58:48","date_gmt":"2025-03-01T18:58:48","guid":{"rendered":"https:\/\/mascoweb.com.ar\/tienda\/?post_type=product&#038;p=1391"},"modified":"2026-03-25T16:41:23","modified_gmt":"2026-03-25T19:41:23","slug":"excellent-skin-care-x15kg","status":"publish","type":"product","link":"https:\/\/mascoweb.com.ar\/tienda\/producto\/excellent-skin-care-x15kg\/","title":{"rendered":"Excellent Skin Care x 15 kg"},"content":{"rendered":"<p>Con el sistema SMART NUTRITION BY PURINA\u00ae, que aporta m\u00faltiples beneficios cient\u00edficamente comprobados, que mantienen a tu perro adulto con un excelente estado de salud.<\/p>\n<p><strong>Prote\u00edna alternativa para piel sensible<\/strong><br \/>\nCon fuente de prote\u00edna alternativa de elevada digestibilidad como el cordero, que aporta amino\u00e1cidos esenciales y contribuye a la salud de la piel.<\/p>\n<p><strong>Favorece a una piel y pelaje saludables*<\/strong><br \/>\nLa combinaci\u00f3n de los \u00e1cidos grasos omega 6 y 3, vitaminas A y E, zinc y selenio favorecen la salud de la piel reforzando la barrera cut\u00e1nea.<\/p>\n<p><strong>Promueve un sistema inmune sano<\/strong><br \/>\nSu f\u00f3rmula contiene antioxidantes como la vitamina E y selenio, adem\u00e1s de prote\u00edna de alta digestibilidad que contribuyen a fortalecer las defensas y a mantener un sistema inmune saludable.<\/p>\n","protected":false},"excerpt":{"rendered":"<p>PURINA\u00ae EXCELLENT\u2122 le ofrece una f\u00f3rmula con fuente de prote\u00edna alternativa de elevada digestibilidad como el cordero, que aporta amino\u00e1cidos esenciales y contribuye a la salud de la piel.<\/p>\n","protected":false},"featured_media":1386,"template":"","meta":{"_gspb_post_css":"","_joinchat":[]},"product_brand":[58],"product_cat":[29,23,142],"product_tag":[44,32,59,63],"class_list":{"0":"post-1391","1":"product","2":"type-product","3":"status-publish","4":"has-post-thumbnail","6":"product_brand-excellent","7":"product_cat-alimentoparaperros","8":"product_cat-alimentosbalanceados","9":"product_cat-perrospielsensible","10":"product_tag-15kg","11":"product_tag-adultos","12":"product_tag-piel-sensible","13":"product_tag-superpremium","15":"first","16":"instock","17":"purchasable","18":"product-type-simple"},"jetpack_sharing_enabled":true,"_links":{"self":[{"href":"https:\/\/mascoweb.com.ar\/tienda\/wp-json\/wp\/v2\/product\/1391","targetHints":{"allow":["GET"]}}],"collection":[{"href":"https:\/\/mascoweb.com.ar\/tienda\/wp-json\/wp\/v2\/product"}],"about":[{"href":"https:\/\/mascoweb.com.ar\/tienda\/wp-json\/wp\/v2\/types\/product"}],"wp:featuredmedia":[{"embeddable":true,"href":"https:\/\/mascoweb.com.ar\/tienda\/wp-json\/wp\/v2\/media\/1386"}],"wp:attachment":[{"href":"https:\/\/mascoweb.com.ar\/tienda\/wp-json\/wp\/v2\/media?parent=1391"}],"wp:term":[{"taxonomy":"product_brand","embeddable":true,"href":"https:\/\/mascoweb.com.ar\/tienda\/wp-json\/wp\/v2\/product_brand?post=1391"},{"taxonomy":"product_cat","embeddable":true,"href":"https:\/\/mascoweb.com.ar\/tienda\/wp-json\/wp\/v2\/product_cat?post=1391"},{"taxonomy":"product_tag","embeddable":true,"href":"https:\/\/mascoweb.com.ar\/tienda\/wp-json\/wp\/v2\/product_tag?post=1391"}],"curies":[{"name":"wp","href":"https:\/\/api.w.org\/{rel}","templated":true}]}}