{"id":1420,"date":"2025-03-01T17:54:29","date_gmt":"2025-03-01T20:54:29","guid":{"rendered":"https:\/\/mascoweb.com.ar\/tienda\/?post_type=product&#038;p=1420"},"modified":"2026-05-04T12:31:04","modified_gmt":"2026-05-04T15:31:04","slug":"pacha-cocktail-perro-adulto-x-22kg","status":"publish","type":"product","link":"https:\/\/mascoweb.com.ar\/tienda\/producto\/pacha-cocktail-perro-adulto-x-22kg\/","title":{"rendered":"Pacha Cocktail Perro Adulto x 22+2 kg"},"content":{"rendered":"<p>Ingredientes.<br \/>\nHarina de carne y hueso, harina de pollo, harina de pollo, harina de pescado, trigo, arroz, ma\u00edz, gluten de ma\u00edz, germen de ma\u00edz, germen de ma\u00edz desgrasado,germen de trigo, centeno, harinas de soja, man\u00ed, man\u00ed desgrasado, sorgo, cebada, avena, salvado de avena, levadura de cerveza, sal, grasa de pollo, grasa vacuna, aceite vegetal, conchilla, gluten feed, fibras de ma\u00edz, sal, cloruro de potasio, pulpa de remolacha, pulpa de citrus, zeolitas, leche en polvo, huevo en polvo, fructo-oligosacr\u00e1ridos, extracto de yucca shidigera; saborizantes: hidrolizado de v\u00edceras de ave e hidrolizado de menudencias porcinas, Colorantes: caramelo, eritrocina, tartrazina, indigotina, amarillo-anaranjado; antioxidantes: BHT, BHA, TBHQ, acido c\u00edtrico, galato de propilo;? antif\u00fangicos:dipropionato de armonio, \u00e1cido propi\u00f3nico; n\u00facleo vitaminico mineral: vitaminas A, D3, E, K B1, B2, B6, B12, \u00e1cido f\u00f3lico, \u00e1cido nicot\u00ednico, pantotenato de calcio, biotina, colina; minerales: cobre, hierro, zinc, yodo, magnesio, selenio. Minerales: zinc, hierro, cobre, yodo, magneso y selenio.<\/p>\n","protected":false},"excerpt":{"rendered":"<p>Alimento balanceado para perros adultos, sabor cocktail de sabores, de calidad econ\u00f3mica.<\/p>\n","protected":false},"featured_media":1413,"template":"","meta":{"_gspb_post_css":"","_joinchat":[]},"product_brand":[107],"product_cat":[137,29,23,62],"product_tag":[38,32,66],"class_list":{"0":"post-1420","1":"product","2":"type-product","3":"status-publish","4":"has-post-thumbnail","6":"product_brand-pacha","7":"product_cat-perrosadultos","8":"product_cat-alimentoparaperros","9":"product_cat-alimentosbalanceados","10":"product_cat-kilos-de-regalo","11":"product_tag-24kg","12":"product_tag-adultos","13":"product_tag-lineamediaeconomica","15":"first","16":"instock","17":"sale","18":"shipping-taxable","19":"purchasable","20":"product-type-simple"},"jetpack_sharing_enabled":true,"_links":{"self":[{"href":"https:\/\/mascoweb.com.ar\/tienda\/wp-json\/wp\/v2\/product\/1420","targetHints":{"allow":["GET"]}}],"collection":[{"href":"https:\/\/mascoweb.com.ar\/tienda\/wp-json\/wp\/v2\/product"}],"about":[{"href":"https:\/\/mascoweb.com.ar\/tienda\/wp-json\/wp\/v2\/types\/product"}],"wp:featuredmedia":[{"embeddable":true,"href":"https:\/\/mascoweb.com.ar\/tienda\/wp-json\/wp\/v2\/media\/1413"}],"wp:attachment":[{"href":"https:\/\/mascoweb.com.ar\/tienda\/wp-json\/wp\/v2\/media?parent=1420"}],"wp:term":[{"taxonomy":"product_brand","embeddable":true,"href":"https:\/\/mascoweb.com.ar\/tienda\/wp-json\/wp\/v2\/product_brand?post=1420"},{"taxonomy":"product_cat","embeddable":true,"href":"https:\/\/mascoweb.com.ar\/tienda\/wp-json\/wp\/v2\/product_cat?post=1420"},{"taxonomy":"product_tag","embeddable":true,"href":"https:\/\/mascoweb.com.ar\/tienda\/wp-json\/wp\/v2\/product_tag?post=1420"}],"curies":[{"name":"wp","href":"https:\/\/api.w.org\/{rel}","templated":true}]}}