{"id":1440,"date":"2025-03-01T18:29:26","date_gmt":"2025-03-01T21:29:26","guid":{"rendered":"https:\/\/mascoweb.com.ar\/tienda\/?post_type=product&#038;p=1440"},"modified":"2026-05-04T12:02:13","modified_gmt":"2026-05-04T15:02:13","slug":"dog-selection-adulto-criadores-raza-pequena-x-15kg","status":"publish","type":"product","link":"https:\/\/mascoweb.com.ar\/tienda\/producto\/dog-selection-adulto-criadores-raza-pequena-x-15kg\/","title":{"rendered":"Dog Selection Adultos Criadores Razas Peque\u00f1as x 15 kg"},"content":{"rendered":"<div class=\"has_eae_slider elementor-element elementor-element-19f6792 e-con-full e-flex e-con e-child\" data-id=\"19f6792\" data-element_type=\"container\">\n<div class=\"has_eae_slider elementor-element elementor-element-71aca71 e-con-full e-flex e-con e-child\" data-id=\"71aca71\" data-element_type=\"container\">\n<div class=\"elementor-element elementor-element-8bf01d0 elementor-widget elementor-widget-heading\" data-id=\"8bf01d0\" data-element_type=\"widget\" data-widget_type=\"heading.default\">\n<div class=\"elementor-widget-container\">\n<h5>Dog Selection Adultos Criadores Razas Peque\u00f1as x 15 kg<\/h5>\n<\/div>\n<\/div>\n<div class=\"elementor-element elementor-element-1a4c71b elementor-widget elementor-widget-text-editor\" data-id=\"1a4c71b\" data-element_type=\"widget\" data-widget_type=\"text-editor.default\">\n<div class=\"elementor-widget-container\">Las croquetas de CRIADORES RAZAS PEQUE\u00d1AS est\u00e1n especialmente ADAPTADAS a la MORDIDA de los perros m\u00e1s peque\u00f1os generando una \u00d3PTIMA DIGESTIBILIDAD.<\/div>\n<\/div>\n<\/div>\n<\/div>\n<div class=\"has_eae_slider elementor-element elementor-element-cfbbdd3 e-con-full e-flex e-con e-child\" data-id=\"cfbbdd3\" data-element_type=\"container\">\n<div class=\"elementor-element elementor-element-c942dc9 elementor-widget elementor-widget-heading\" data-id=\"c942dc9\" data-element_type=\"widget\" data-widget_type=\"heading.default\">\n<div class=\"elementor-widget-container\">\n<p class=\"elementor-heading-title elementor-size-default\">Ingredientes:<\/p>\n<\/div>\n<\/div>\n<div class=\"elementor-element elementor-element-58bee4b elementor-widget elementor-widget-text-editor\" data-id=\"58bee4b\" data-element_type=\"widget\" data-widget_type=\"text-editor.default\">\n<div class=\"elementor-widget-container\">Harina de carne y hueso de cerdo y\/o pollo, arroz integral, arveja, gluten de ma\u00edz, germen de ma\u00edz, zapallo deshidratado, aceite de pollo y\/o vacuno, hidrolizado de v\u00edsceras de cerdo y\/o pollo, levadura de cerveza, probi\u00f3ticos (Saccharomyces cerevisiae, Enterococcus faecium, Lactobacillus plantarum, Bacillus subtilis), extracto de Cynara scolymus, zanahoria deshidratada, aceite desodorizado de pescado, pulpa de remolacha, DL metionina, L-Lisina extracto de Yucca Schidigera, manano-oligosac\u00e1ridos, L-\u00e1cido glut\u00e1mico, L-Glutamina, arginina, niacina, carnitina pirofosfato \u00e1cido de sodio, \u00e1cido c\u00edtrico, cloruro de sodio, col\u00e1geno hidrolizado, \u00e1cido propi\u00f3nico, extracto de romero, tocoferoles, betacaroteno, vitaminas A, C, D3, E, K, B1, B2, B6, B12, \u00e1cido f\u00f3lico, pantotenato de calcio, biotina, colina, minerales: hierro, zinc, cobre, selenio, manganeso, calcio, yodo.<\/div>\n<div><\/div>\n<div>\n<table class=\"analisis nutricional\">\n<tbody>\n<tr>\n<td>Prote\u00edna<\/td>\n<td>M\u00edn.<\/td>\n<td>24%<\/td>\n<\/tr>\n<tr>\n<td><\/td>\n<td><\/td>\n<td><\/td>\n<\/tr>\n<tr>\n<td>Grasa<\/td>\n<td>M\u00edn.<\/td>\n<td>9%<\/td>\n<\/tr>\n<tr>\n<td><\/td>\n<td><\/td>\n<td><\/td>\n<\/tr>\n<tr>\n<td>Fibra cruda<\/td>\n<td>M\u00e1x.<\/td>\n<td>5%<\/td>\n<\/tr>\n<tr>\n<td><\/td>\n<td><\/td>\n<td><\/td>\n<\/tr>\n<tr>\n<td>Minerales totales<\/td>\n<td>M\u00e1x.<\/td>\n<td>10%<\/td>\n<\/tr>\n<tr>\n<td><\/td>\n<td><\/td>\n<td><\/td>\n<\/tr>\n<tr>\n<td>Humedad<\/td>\n<td>M\u00e1x.<\/td>\n<td>12%<\/td>\n<\/tr>\n<tr>\n<td><\/td>\n<td><\/td>\n<td><\/td>\n<\/tr>\n<tr>\n<td>Calcio<\/td>\n<td>M\u00edn.<\/td>\n<td>1%<\/td>\n<\/tr>\n<tr>\n<td><\/td>\n<td>M\u00e1x.<\/td>\n<td>2%<\/td>\n<\/tr>\n<tr>\n<td>F\u00f3sforo<\/td>\n<td>M\u00edn.<\/td>\n<td>0,6%<\/td>\n<\/tr>\n<tr>\n<td><\/td>\n<td>M\u00e1x.<\/td>\n<td>1,2%<\/td>\n<\/tr>\n<tr>\n<td>Energ\u00eda metab\u00f3lica<\/td>\n<td>M\u00edn.<\/td>\n<td>3416 kcal\/ kg M.S.<\/td>\n<\/tr>\n<tr>\n<td><\/td>\n<td><\/td>\n<td><\/td>\n<\/tr>\n<\/tbody>\n<\/table>\n<\/div>\n<\/div>\n<\/div>\n","protected":false},"excerpt":{"rendered":"<div class=\"elementor-element elementor-element-8bf01d0 elementor-widget elementor-widget-heading\" data-id=\"8bf01d0\" data-element_type=\"widget\" data-widget_type=\"heading.default\">\n<div class=\"elementor-widget-container\">\n<h5>Dog Selection Adultos Criadores Razas Peque\u00f1as x 15 kg<\/h5>\n<\/div>\n<\/div>\n<div class=\"elementor-element elementor-element-1a4c71b elementor-widget elementor-widget-text-editor\" data-id=\"1a4c71b\" data-element_type=\"widget\" data-widget_type=\"text-editor.default\">\n<div class=\"elementor-widget-container\">Las croquetas de CRIADORES RAZAS PEQUE\u00d1AS est\u00e1n especialmente ADAPTADAS a la MORDIDA de los perros m\u00e1s peque\u00f1os generando una \u00d3PTIMA DIGESTIBILIDAD.<\/div>\n<\/div>\n","protected":false},"featured_media":2358,"template":"","meta":{"_gspb_post_css":"","_joinchat":[]},"product_brand":[106],"product_cat":[137,29,23,140],"product_tag":[44,32,34,64],"class_list":{"0":"post-1440","1":"product","2":"type-product","3":"status-publish","4":"has-post-thumbnail","6":"product_brand-dog-selection","7":"product_cat-perrosadultos","8":"product_cat-alimentoparaperros","9":"product_cat-alimentosbalanceados","10":"product_cat-mordidapequenia","11":"product_tag-15kg","12":"product_tag-adultos","13":"product_tag-mordida-pequena","14":"product_tag-premium","16":"first","17":"instock","18":"shipping-taxable","19":"purchasable","20":"product-type-simple"},"jetpack_sharing_enabled":true,"_links":{"self":[{"href":"https:\/\/mascoweb.com.ar\/tienda\/wp-json\/wp\/v2\/product\/1440","targetHints":{"allow":["GET"]}}],"collection":[{"href":"https:\/\/mascoweb.com.ar\/tienda\/wp-json\/wp\/v2\/product"}],"about":[{"href":"https:\/\/mascoweb.com.ar\/tienda\/wp-json\/wp\/v2\/types\/product"}],"wp:featuredmedia":[{"embeddable":true,"href":"https:\/\/mascoweb.com.ar\/tienda\/wp-json\/wp\/v2\/media\/2358"}],"wp:attachment":[{"href":"https:\/\/mascoweb.com.ar\/tienda\/wp-json\/wp\/v2\/media?parent=1440"}],"wp:term":[{"taxonomy":"product_brand","embeddable":true,"href":"https:\/\/mascoweb.com.ar\/tienda\/wp-json\/wp\/v2\/product_brand?post=1440"},{"taxonomy":"product_cat","embeddable":true,"href":"https:\/\/mascoweb.com.ar\/tienda\/wp-json\/wp\/v2\/product_cat?post=1440"},{"taxonomy":"product_tag","embeddable":true,"href":"https:\/\/mascoweb.com.ar\/tienda\/wp-json\/wp\/v2\/product_tag?post=1440"}],"curies":[{"name":"wp","href":"https:\/\/api.w.org\/{rel}","templated":true}]}}