{"id":1443,"date":"2025-03-01T18:32:56","date_gmt":"2025-03-01T21:32:56","guid":{"rendered":"https:\/\/mascoweb.com.ar\/tienda\/?post_type=product&#038;p=1443"},"modified":"2026-05-04T12:01:48","modified_gmt":"2026-05-04T15:01:48","slug":"dog-selection-criadores-senior-light-x-15-kg","status":"publish","type":"product","link":"https:\/\/mascoweb.com.ar\/tienda\/producto\/dog-selection-criadores-senior-light-x-15-kg\/","title":{"rendered":"Dog Selection Criadores Senior Light x 15 Kg"},"content":{"rendered":"<h5>Dog Selection Criadores Senior Light x 15 Kg<\/h5>\n<p>Alimento especialmente dise\u00f1ado para perritos en edad senior y que necesiten controlar su peso. 23% de prote\u00ednas de alta calidad, con 80% de las mismas de origen animal.<\/p>\n<p>La c\u00farcuma alivia el dolor articular, combate los radicales libres y colabora en la adhesi\u00f3n del calcio en los huesos, entre otros beneficios. La espirulina mejora la salud gastrointestinal fortaleciendo el sistema inmunol\u00f3gico.<\/p>\n<p>Ingredientes:<\/p>\n<p>Arroz integral y\/o trigo integral, harina de cerdo y\/o pollo y\/o vacuno, arveja y\/o lenteja, gluten de ma\u00edz, germen de ma\u00edz, c\u00farcuma, espirulina, zapallo deshidratado, zanahoria deshidratada, aceite de pollo y\/o vacuno, hidrolizado de cerdo y\/o pollo, prote\u00edna hidrolizada de soja, levadura de cerveza, probi\u00f3ticos (Saccharomyces cerevisiae, Enterococcus faecium, Lactobacillus plantarum, Bacillus subtilis), extracto de Cynara scolymus, aceite desodorizado de pescado, aceite vegetal, pulpa de remolacha, DL metionina, extracto de Yucca Schidigera, manano-oligosac\u00e1ridos, L-Glutamina, lisina, metionina, pirofosfato, \u00e1cido de sodio, glucosamina, \u00e1cido c\u00edtrico, col\u00e1geno hidrolizado, \u00e1cido propi\u00f3nico, extracto de romero, tocoferoles, betacaroteno, vitaminas A, C, D3, E, K, B1, B2, B6, B12, \u00e1cido f\u00f3lico, pantotenato de calcio, biotina, colina, niacina, minerales: zinc, calcio, hierro, manganeso, cobre, yodo, selenio.<\/p>\n","protected":false},"excerpt":{"rendered":"<h5>Dog Selection Criadores Senior Light x 15 Kg<\/h5>\n<p>Alimento especialmente dise\u00f1ado para perritos en edad senior y que necesiten controlar su peso. 23% de prote\u00ednas de alta calidad, con 80% de las mismas de origen animal.<\/p>\n<p>La c\u00farcuma alivia el dolor articular, combate los radicales libres y colabora en la adhesi\u00f3n del calcio en los huesos, entre otros beneficios. La espirulina mejora la salud gastrointestinal fortaleciendo el sistema inmunol\u00f3gico.<\/p>\n","protected":false},"featured_media":2858,"template":"","meta":{"_gspb_post_css":"","_joinchat":[]},"product_brand":[106],"product_cat":[29,23,141,139],"product_tag":[44,32,36,64,35],"class_list":{"0":"post-1443","1":"product","2":"type-product","3":"status-publish","4":"has-post-thumbnail","6":"product_brand-dog-selection","7":"product_cat-alimentoparaperros","8":"product_cat-alimentosbalanceados","9":"product_cat-perroslight","10":"product_cat-perrossenior","11":"product_tag-15kg","12":"product_tag-adultos","13":"product_tag-light","14":"product_tag-premium","15":"product_tag-senior","17":"first","18":"instock","19":"shipping-taxable","20":"purchasable","21":"product-type-simple"},"jetpack_sharing_enabled":true,"_links":{"self":[{"href":"https:\/\/mascoweb.com.ar\/tienda\/wp-json\/wp\/v2\/product\/1443","targetHints":{"allow":["GET"]}}],"collection":[{"href":"https:\/\/mascoweb.com.ar\/tienda\/wp-json\/wp\/v2\/product"}],"about":[{"href":"https:\/\/mascoweb.com.ar\/tienda\/wp-json\/wp\/v2\/types\/product"}],"wp:featuredmedia":[{"embeddable":true,"href":"https:\/\/mascoweb.com.ar\/tienda\/wp-json\/wp\/v2\/media\/2858"}],"wp:attachment":[{"href":"https:\/\/mascoweb.com.ar\/tienda\/wp-json\/wp\/v2\/media?parent=1443"}],"wp:term":[{"taxonomy":"product_brand","embeddable":true,"href":"https:\/\/mascoweb.com.ar\/tienda\/wp-json\/wp\/v2\/product_brand?post=1443"},{"taxonomy":"product_cat","embeddable":true,"href":"https:\/\/mascoweb.com.ar\/tienda\/wp-json\/wp\/v2\/product_cat?post=1443"},{"taxonomy":"product_tag","embeddable":true,"href":"https:\/\/mascoweb.com.ar\/tienda\/wp-json\/wp\/v2\/product_tag?post=1443"}],"curies":[{"name":"wp","href":"https:\/\/api.w.org\/{rel}","templated":true}]}}