{"id":1450,"date":"2025-03-01T18:37:40","date_gmt":"2025-03-01T21:37:40","guid":{"rendered":"https:\/\/mascoweb.com.ar\/tienda\/?post_type=product&#038;p=1450"},"modified":"2026-05-04T12:01:30","modified_gmt":"2026-05-04T15:01:30","slug":"dog-selection-criadores-hipoalergenico-15kg","status":"publish","type":"product","link":"https:\/\/mascoweb.com.ar\/tienda\/producto\/dog-selection-criadores-hipoalergenico-15kg\/","title":{"rendered":"Dog Selection Criadores Hipoalerg\u00e9nico x 15 kg"},"content":{"rendered":"<div class=\"has_eae_slider elementor-element elementor-element-cfbbdd3 e-con-full e-flex e-con e-child\" data-id=\"cfbbdd3\" data-element_type=\"container\">\n<div class=\"elementor-element elementor-element-c942dc9 elementor-widget elementor-widget-heading\" data-id=\"c942dc9\" data-element_type=\"widget\" data-widget_type=\"heading.default\">\n<div class=\"elementor-widget-container\">\n<h5>Dog Selection Criadores Hipoalerg\u00e9nico x 15 kg<\/h5>\n<p class=\"elementor-heading-title elementor-size-default\">Estimula y refuerza el sistema inmunol\u00f3gico.<\/p>\n<\/div>\n<\/div>\n<div class=\"elementor-element elementor-element-58bee4b elementor-widget elementor-widget-text-editor\" data-id=\"58bee4b\" data-element_type=\"widget\" data-widget_type=\"text-editor.default\">\n<div class=\"elementor-widget-container\">DOG SELECTION CRIADORES ADULTOS HIPOALERG\u00c9NICO est\u00e1 desarrollado sin soja, sin colorantes y con<strong> 24% de prote\u00ednas<\/strong> de las cuales un 80% es de origen animal: cordero y\/cerdo. Con componentes que estimulan y refuerzan su sistema inmunol\u00f3gico, protegen los sistemas nervioso y cardiovascular, mejoran las articulaciones y cuidan la barrera intestinal<\/div>\n<\/div>\n<\/div>\n<div class=\"has_eae_slider dce-visibility-event elementor-element elementor-element-a5f15a9 e-con-full e-flex e-con e-child dce-visibility-event-initialized\" data-id=\"a5f15a9\" data-element_type=\"container\" data-settings=\"{&quot;enabled_visibility&quot;:&quot;yes&quot;,&quot;dce_visibility_selected&quot;:&quot;hide&quot;}\">\n<div class=\"has_eae_slider elementor-element elementor-element-ca5f2e5 e-con-full e-flex e-con e-child\" data-id=\"ca5f2e5\" data-element_type=\"container\">\n<div class=\"elementor-element elementor-element-0d87834 elementor-widget elementor-widget-image\" data-id=\"0d87834\" data-element_type=\"widget\" data-widget_type=\"image.default\">\n<div class=\"elementor-widget-container\"><img decoding=\"async\" title=\"\" data-src=\"https:\/\/www.dog-selection.com.ar\/wp-content\/uploads\/2024\/06\/icon-00001.png\" alt=\"\" src=\"data:image\/svg+xml;base64,PHN2ZyB3aWR0aD0iMSIgaGVpZ2h0PSIxIiB4bWxucz0iaHR0cDovL3d3dy53My5vcmcvMjAwMC9zdmciPjwvc3ZnPg==\" class=\"lazyload\" \/><\/div>\n<\/div>\n<div class=\"elementor-element elementor-element-414490c elementor-widget elementor-widget-heading\" data-id=\"414490c\" data-element_type=\"widget\" data-widget_type=\"heading.default\">\n<div class=\"elementor-widget-container\">\n<p>OMEGA 3 Y 6<\/p>\n<p>Poder antiinflamatorio. Ayudan a la circulaci\u00f3n y al coraz\u00f3n.<\/p>\n<\/div>\n<\/div>\n<\/div>\n<div class=\"has_eae_slider elementor-element elementor-element-b6d1f3e e-con-full e-flex e-con e-child\" data-id=\"b6d1f3e\" data-element_type=\"container\">\n<div class=\"elementor-element elementor-element-d2a2e98 elementor-widget elementor-widget-image\" data-id=\"d2a2e98\" data-element_type=\"widget\" data-widget_type=\"image.default\">\n<div class=\"elementor-widget-container\"><img decoding=\"async\" title=\"\" data-src=\"https:\/\/www.dog-selection.com.ar\/wp-content\/uploads\/2024\/06\/icon-00002.png\" alt=\"\" src=\"data:image\/svg+xml;base64,PHN2ZyB3aWR0aD0iMSIgaGVpZ2h0PSIxIiB4bWxucz0iaHR0cDovL3d3dy53My5vcmcvMjAwMC9zdmciPjwvc3ZnPg==\" class=\"lazyload\" \/><\/div>\n<\/div>\n<div class=\"elementor-element elementor-element-22736c8 elementor-widget elementor-widget-heading\" data-id=\"22736c8\" data-element_type=\"widget\" data-widget_type=\"heading.default\">\n<div class=\"elementor-widget-container\">\n<p>COL\u00c1GENO HIDROLIZADO<\/p>\n<p>Aporta flexibilidad y resistencia.<\/p>\n<\/div>\n<\/div>\n<\/div>\n<div class=\"has_eae_slider elementor-element elementor-element-4eeb21f e-con-full e-flex e-con e-child\" data-id=\"4eeb21f\" data-element_type=\"container\">\n<div class=\"elementor-element elementor-element-4858628 elementor-widget elementor-widget-image\" data-id=\"4858628\" data-element_type=\"widget\" data-widget_type=\"image.default\">\n<div class=\"elementor-widget-container\"><img decoding=\"async\" title=\"\" data-src=\"https:\/\/www.dog-selection.com.ar\/wp-content\/uploads\/2024\/06\/icon-00003.png\" alt=\"\" src=\"data:image\/svg+xml;base64,PHN2ZyB3aWR0aD0iMSIgaGVpZ2h0PSIxIiB4bWxucz0iaHR0cDovL3d3dy53My5vcmcvMjAwMC9zdmciPjwvc3ZnPg==\" class=\"lazyload\" \/><\/div>\n<\/div>\n<div class=\"elementor-element elementor-element-af2c7d5 elementor-widget elementor-widget-heading\" data-id=\"af2c7d5\" data-element_type=\"widget\" data-widget_type=\"heading.default\">\n<div class=\"elementor-widget-container\">\n<p>L-CARNITINA<\/p>\n<p>Protege los sistemas nervioso, cardiovascular e inmunol\u00f3gico.<\/p>\n<\/div>\n<\/div>\n<\/div>\n<div class=\"has_eae_slider elementor-element elementor-element-c6ce2d6 e-con-full e-flex e-con e-child\" data-id=\"c6ce2d6\" data-element_type=\"container\">\n<div class=\"elementor-element elementor-element-bdf8318 elementor-widget elementor-widget-image\" data-id=\"bdf8318\" data-element_type=\"widget\" data-widget_type=\"image.default\">\n<div class=\"elementor-widget-container\"><img decoding=\"async\" title=\"\" data-src=\"https:\/\/www.dog-selection.com.ar\/wp-content\/uploads\/2024\/06\/icon-00004.png\" alt=\"\" src=\"data:image\/svg+xml;base64,PHN2ZyB3aWR0aD0iMSIgaGVpZ2h0PSIxIiB4bWxucz0iaHR0cDovL3d3dy53My5vcmcvMjAwMC9zdmciPjwvc3ZnPg==\" class=\"lazyload\" \/><\/div>\n<\/div>\n<div class=\"elementor-element elementor-element-6bcd102 elementor-widget elementor-widget-heading\" data-id=\"6bcd102\" data-element_type=\"widget\" data-widget_type=\"heading.default\">\n<div class=\"elementor-widget-container\">\n<p>MANANO-OLIGOSAC\u00c1R IDOS (MOS)<\/p>\n<p>Refuerza la barrera intestinal estimulando el sistema inmunol\u00f3gico.<\/p>\n<\/div>\n<\/div>\n<\/div>\n<\/div>\n<div class=\"has_eae_slider elementor-element elementor-element-8094422 e-con-full e-flex e-con e-child\" data-id=\"8094422\" data-element_type=\"container\">\n<div class=\"elementor-element elementor-element-9395fc9 elementor-widget elementor-widget-heading\" data-id=\"9395fc9\" data-element_type=\"widget\" data-widget_type=\"heading.default\">\n<div class=\"elementor-widget-container\">\n<p class=\"elementor-heading-title elementor-size-default\">Ingredientes<\/p>\n<\/div>\n<\/div>\n<div class=\"elementor-element elementor-element-0b50883 elementor-widget elementor-widget-text-editor\" data-id=\"0b50883\" data-element_type=\"widget\" data-widget_type=\"text-editor.default\">\n<div class=\"elementor-widget-container\">Harina de carne y hueso de cordero y\/o cerdo, arroz Integral, gluten de ma\u00edz, arveja, hidrolizado de menudencias de cerdo y\/o pollo, germen de ma\u00edz, zapallo deshidratado, aceite de pollo y\/o vacuno, levadura de cerveza, probi\u00f3ticos (Saccharomyces cerevisiae, Enterococcus faecium, Lactobacillus plantarum, Bacillus subtilis), extracto de Cynara scolymus, zanahoria deshidratada, aceite desodorizado de pescado, pulpa de remolacha, DL metionina, L-lisina, extracto de Yucca Schidigera, manano-oligosac\u00e1ridos, L-\u00e1cido glut\u00e1mico, L-Glutamina, arginina, niacina, carnitina, pirofosfato \u00e1cido de sodio, \u00e1cido c\u00edtrico, cloruro de sodio, col\u00e1geno hidrolizado, \u00e1cido propi\u00f3nico, extracto de romero, tocoferoles, beta caroteno, vitaminas A, C, D3, E, K, B1, B2, B6, B12, \u00e1cido f\u00f3lico, pantotenato de calcio, biotina, colina, minerales: zinc, calcio, hierro, manganeso, cobre, yodo, selenio.<\/div>\n<div><\/div>\n<div>\n<div class=\"elementor-element elementor-element-a3d081f elementor-widget elementor-widget-shortcode\" data-id=\"a3d081f\" data-element_type=\"widget\" data-widget_type=\"shortcode.default\">\n<div class=\"elementor-widget-container\">\n<div class=\"elementor-shortcode\">\n<table class=\"analisis nutricional\">\n<tbody>\n<tr>\n<td>Prote\u00edna<\/td>\n<td>M\u00edn.<\/td>\n<td>24%<\/td>\n<\/tr>\n<tr>\n<td><\/td>\n<td><\/td>\n<td><\/td>\n<\/tr>\n<tr>\n<td>Grasa<\/td>\n<td>M\u00edn.<\/td>\n<td>11%<\/td>\n<\/tr>\n<tr>\n<td><\/td>\n<td><\/td>\n<td><\/td>\n<\/tr>\n<tr>\n<td>Fibra cruda<\/td>\n<td>M\u00e1x.<\/td>\n<td>4%<\/td>\n<\/tr>\n<tr>\n<td><\/td>\n<td><\/td>\n<td><\/td>\n<\/tr>\n<tr>\n<td>Minerales totales<\/td>\n<td>M\u00e1x.<\/td>\n<td>10%<\/td>\n<\/tr>\n<tr>\n<td><\/td>\n<td><\/td>\n<td><\/td>\n<\/tr>\n<tr>\n<td>Humedad<\/td>\n<td>M\u00e1x.<\/td>\n<td>12%<\/td>\n<\/tr>\n<tr>\n<td><\/td>\n<td><\/td>\n<td><\/td>\n<\/tr>\n<tr>\n<td>Calcio<\/td>\n<td>M\u00edn.<\/td>\n<td>1%<\/td>\n<\/tr>\n<tr>\n<td><\/td>\n<td>M\u00e1x.<\/td>\n<td>2%<\/td>\n<\/tr>\n<tr>\n<td>F\u00f3sforo<\/td>\n<td>M\u00edn.<\/td>\n<td>0,6%<\/td>\n<\/tr>\n<tr>\n<td><\/td>\n<td>M\u00e1x.<\/td>\n<td>1,2%<\/td>\n<\/tr>\n<tr>\n<td>Energ\u00eda metab\u00f3lica<\/td>\n<td>M\u00edn.<\/td>\n<td>3528 kcal\/ kg M.S.<\/td>\n<\/tr>\n<tr>\n<td><\/td>\n<td><\/td>\n<td><\/td>\n<\/tr>\n<\/tbody>\n<\/table>\n<\/div>\n<\/div>\n<\/div>\n<\/div>\n<\/div>\n<\/div>\n","protected":false},"excerpt":{"rendered":"<p>CRIADORES ADULTOS HIPOALERG\u00c9NICO est\u00e1 desarrollado sin soja, sin colorantes y con 24% de prote\u00ednas de las cuales un 80% es de origen animal: cordero y\/cerdo. Con componentes que estimulan y refuerzan su sistema inmunol\u00f3gico, protegen los sistemas nervioso y cardiovascular, mejoran las articulaciones y cuidan la barrera intestinal<\/p>\n","protected":false},"featured_media":2354,"template":"","meta":{"_gspb_post_css":"","_joinchat":[]},"product_brand":[106],"product_cat":[29,23,142],"product_tag":[44,32,59,64],"class_list":{"0":"post-1450","1":"product","2":"type-product","3":"status-publish","4":"has-post-thumbnail","6":"product_brand-dog-selection","7":"product_cat-alimentoparaperros","8":"product_cat-alimentosbalanceados","9":"product_cat-perrospielsensible","10":"product_tag-15kg","11":"product_tag-adultos","12":"product_tag-piel-sensible","13":"product_tag-premium","15":"first","16":"instock","17":"shipping-taxable","18":"purchasable","19":"product-type-simple"},"jetpack_sharing_enabled":true,"_links":{"self":[{"href":"https:\/\/mascoweb.com.ar\/tienda\/wp-json\/wp\/v2\/product\/1450","targetHints":{"allow":["GET"]}}],"collection":[{"href":"https:\/\/mascoweb.com.ar\/tienda\/wp-json\/wp\/v2\/product"}],"about":[{"href":"https:\/\/mascoweb.com.ar\/tienda\/wp-json\/wp\/v2\/types\/product"}],"wp:featuredmedia":[{"embeddable":true,"href":"https:\/\/mascoweb.com.ar\/tienda\/wp-json\/wp\/v2\/media\/2354"}],"wp:attachment":[{"href":"https:\/\/mascoweb.com.ar\/tienda\/wp-json\/wp\/v2\/media?parent=1450"}],"wp:term":[{"taxonomy":"product_brand","embeddable":true,"href":"https:\/\/mascoweb.com.ar\/tienda\/wp-json\/wp\/v2\/product_brand?post=1450"},{"taxonomy":"product_cat","embeddable":true,"href":"https:\/\/mascoweb.com.ar\/tienda\/wp-json\/wp\/v2\/product_cat?post=1450"},{"taxonomy":"product_tag","embeddable":true,"href":"https:\/\/mascoweb.com.ar\/tienda\/wp-json\/wp\/v2\/product_tag?post=1450"}],"curies":[{"name":"wp","href":"https:\/\/api.w.org\/{rel}","templated":true}]}}