{"id":1463,"date":"2025-03-01T18:45:00","date_gmt":"2025-03-01T21:45:00","guid":{"rendered":"https:\/\/mascoweb.com.ar\/tienda\/?post_type=product&#038;p=1463"},"modified":"2026-03-25T17:01:46","modified_gmt":"2026-03-25T20:01:46","slug":"proplan-adulto-mediano-x15kg","status":"publish","type":"product","link":"https:\/\/mascoweb.com.ar\/tienda\/producto\/proplan-adulto-mediano-x15kg\/","title":{"rendered":"Pro Plan Adulto Mediano x 15 kg"},"content":{"rendered":"<p><strong>Ingredientes: <\/strong>Carne de Pollo congelada, ma\u00edz, harina de subproductos de pollo, trigo, arroz, gluten de ma\u00edz , aceite de pollo y\/o grasa vacuna preservados con tocoferoles (fuente de vitamina E), hidrolizado a base de subproductos de pollo y\/o cerdo, sal, carbonato y\/o fosfato c\u00e1lcico, pulpa de remolacha, cloruro de potasio, zeolita, aceite de pescado y\/o harina de alga (schizochytrium sp.) suplemento vitam\u00ednico antioxidante (A,D3, E, K3, B1, B2, B3, B5, B6, B7, B9, B12, BHT), sorbato de potasio, spirulina (Arthrospira platensis), cloruro de colina, suplementos minerales , levadura seca (Saccharomyces cerevisiae ssp.), L-lisina, DL-metionina, \u00e1cido asc\u00f3rbico (fuente de vitamina C).<\/p>\n<h3>Beneficios<\/h3>\n<ul>\n<li>Refuerza el sistema inmune.<\/li>\n<li>Vitamina A y E, que ayuda a mantener las defensas naturales del sistema inmunol\u00f3gico, asegurando una mejor respuesta a los desafios externos.<\/li>\n<li>Fortalece la microflora intestinal.<\/li>\n<li>Ayuda a optimizar la absorci\u00f3n de nutrientes clave, fortaleciendo y estabilizando la microflora intestinal y, por lo tanto, mejorando la salud del sistema digestivo.<\/li>\n<li>Refuerza la barrera cut\u00e1nea.<\/li>\n<li>Contiene \u00e1cidos grasos Omega 6 y vitamina A, que sumados a \u00e1cidos grasos Omega 3 y minerales, promueven una piel flexible y un pelaje resistente y brillante, actuando como la primera linea de defensa que tiene un perro contra amenazas externas.<\/li>\n<\/ul>\n","protected":false},"excerpt":{"rendered":"<p>Provee nutrici\u00f3n de avanzada que ayuda a los perros de razas medianas de 1 a 7 a\u00f1os de edad a mantenerse fuertes y llenos de vitalidad.<\/p>\n<p>Con carne de pollo como ingrediente #1, fuente de prote\u00edna de alto valor biol\u00f3gico y elevada digestibilidad que entrega un \u00f3ptimo nivel de nutrientes de manera eficaz.<\/p>\n<p>Con Optihealth. Tecnolog\u00eda exclusiva compuesto por una mezcla de nutrientes que incluye spirulina, una microalga natural con beneficiosas propiedades para la salud general de los perros, cuya eficacia ha sido cient\u00edficamente probada.<\/p>\n","protected":false},"featured_media":1456,"template":"","meta":{"_gspb_post_css":"","_joinchat":[]},"product_brand":[109],"product_cat":[137,29,23,61],"product_tag":[44,32,63],"class_list":{"0":"post-1463","1":"product","2":"type-product","3":"status-publish","4":"has-post-thumbnail","6":"product_brand-proplan","7":"product_cat-perrosadultos","8":"product_cat-alimentoparaperros","9":"product_cat-alimentosbalanceados","10":"product_cat-promociones","11":"product_tag-15kg","12":"product_tag-adultos","13":"product_tag-superpremium","15":"first","16":"instock","17":"purchasable","18":"product-type-simple"},"jetpack_sharing_enabled":true,"_links":{"self":[{"href":"https:\/\/mascoweb.com.ar\/tienda\/wp-json\/wp\/v2\/product\/1463","targetHints":{"allow":["GET"]}}],"collection":[{"href":"https:\/\/mascoweb.com.ar\/tienda\/wp-json\/wp\/v2\/product"}],"about":[{"href":"https:\/\/mascoweb.com.ar\/tienda\/wp-json\/wp\/v2\/types\/product"}],"wp:featuredmedia":[{"embeddable":true,"href":"https:\/\/mascoweb.com.ar\/tienda\/wp-json\/wp\/v2\/media\/1456"}],"wp:attachment":[{"href":"https:\/\/mascoweb.com.ar\/tienda\/wp-json\/wp\/v2\/media?parent=1463"}],"wp:term":[{"taxonomy":"product_brand","embeddable":true,"href":"https:\/\/mascoweb.com.ar\/tienda\/wp-json\/wp\/v2\/product_brand?post=1463"},{"taxonomy":"product_cat","embeddable":true,"href":"https:\/\/mascoweb.com.ar\/tienda\/wp-json\/wp\/v2\/product_cat?post=1463"},{"taxonomy":"product_tag","embeddable":true,"href":"https:\/\/mascoweb.com.ar\/tienda\/wp-json\/wp\/v2\/product_tag?post=1463"}],"curies":[{"name":"wp","href":"https:\/\/api.w.org\/{rel}","templated":true}]}}