{"id":1464,"date":"2025-03-01T18:47:02","date_gmt":"2025-03-01T21:47:02","guid":{"rendered":"https:\/\/mascoweb.com.ar\/tienda\/?post_type=product&#038;p=1464"},"modified":"2026-03-25T17:01:36","modified_gmt":"2026-03-25T20:01:36","slug":"proplan-reducido-en-calorias-mediano-x12kg","status":"publish","type":"product","link":"https:\/\/mascoweb.com.ar\/tienda\/producto\/proplan-reducido-en-calorias-mediano-x12kg\/","title":{"rendered":"Pro Plan Reducido en Calorias Mediano x 12 kg"},"content":{"rendered":"<p><strong>Ingredientes:<\/strong><\/p>\n<p>Ma\u00edz, harina de subproductos de pollo, trigo, gluten de ma\u00edz, fibra de soja, arroz, pulpa de remolacha, hidrolizado a base de subproductos de pollo y\/o cerdo, carbonato y\/o fosfato c\u00e1lcico, sal, aceite de pollo y\/o grasa vacuna preservados con tocoferoles (fuente de vitamina E), harina de pescado y\/o harina de alga (Schizochytrium sp.), fibra de ca\u00f1a de az\u00facar y\/o celulosa, cloruro de potasio, sorbato de potasio, suplemento vitam\u00ednico antioxidante (A, D3, E, K3, B1, B2, B3, B5, B6, B7, B9, B12, BHT), cloruro de colina, suplementos minerales , levadura seca (Saccharomyces cerevisiae ssp.), L-lisina, \u00e1cido asc\u00f3rbico (fuente de vitamina C), DL-metionina.<\/p>\n<h2>Beneficios<\/h2>\n<ul>\n<li>Facilita una p\u00e9rdida de peso saludable.<\/li>\n<li>Contiene 20% menos calor\u00edas, que un alimento de mantenimiento para perros adultos, para facilitar el adelgazamiento en forma saludable.<\/li>\n<li>Mantiene la masa muscular.<\/li>\n<li>Formulado con un alto contenido de prote\u00ednas para ayudar a mantener la masa muscular mientras se reduce la grasa corporal asegurando una nutrici\u00f3n \u00f3ptima.<\/li>\n<li>Satisface el apetito.<\/li>\n<li>Contiene fuente natural de tres tipos de fibras que sacian el apetito manteniendo a los perros satisfechos.<\/li>\n<\/ul>\n","protected":false},"excerpt":{"rendered":"<p>F\u00f3rmula de vanguardia que ayuda a lograr un peso corporal ideal, facilita la p\u00e9rdida de peso en forma sana y protege a largo plazo la salud general.<\/p>\n<p>Un peso corporal saludable y una condici\u00f3n corporal magra son de vital importancia para mejorar la salud y aumentar la longevidad de tu perro. PRO PLAN\u00ae Reduced Calorie con OptiFit\u00ae proporciona nutrici\u00f3n con tecnolog\u00eda de vanguardia para el manejo de un peso saludable.<\/p>\n","protected":false},"featured_media":1460,"template":"","meta":{"_gspb_post_css":"","_joinchat":[]},"product_brand":[109],"product_cat":[29,23,141],"product_tag":[45,32,36,63],"class_list":{"0":"post-1464","1":"product","2":"type-product","3":"status-publish","4":"has-post-thumbnail","6":"product_brand-proplan","7":"product_cat-alimentoparaperros","8":"product_cat-alimentosbalanceados","9":"product_cat-perroslight","10":"product_tag-12kg","11":"product_tag-adultos","12":"product_tag-light","13":"product_tag-superpremium","15":"first","16":"instock","17":"purchasable","18":"product-type-simple"},"jetpack_sharing_enabled":true,"_links":{"self":[{"href":"https:\/\/mascoweb.com.ar\/tienda\/wp-json\/wp\/v2\/product\/1464","targetHints":{"allow":["GET"]}}],"collection":[{"href":"https:\/\/mascoweb.com.ar\/tienda\/wp-json\/wp\/v2\/product"}],"about":[{"href":"https:\/\/mascoweb.com.ar\/tienda\/wp-json\/wp\/v2\/types\/product"}],"wp:featuredmedia":[{"embeddable":true,"href":"https:\/\/mascoweb.com.ar\/tienda\/wp-json\/wp\/v2\/media\/1460"}],"wp:attachment":[{"href":"https:\/\/mascoweb.com.ar\/tienda\/wp-json\/wp\/v2\/media?parent=1464"}],"wp:term":[{"taxonomy":"product_brand","embeddable":true,"href":"https:\/\/mascoweb.com.ar\/tienda\/wp-json\/wp\/v2\/product_brand?post=1464"},{"taxonomy":"product_cat","embeddable":true,"href":"https:\/\/mascoweb.com.ar\/tienda\/wp-json\/wp\/v2\/product_cat?post=1464"},{"taxonomy":"product_tag","embeddable":true,"href":"https:\/\/mascoweb.com.ar\/tienda\/wp-json\/wp\/v2\/product_tag?post=1464"}],"curies":[{"name":"wp","href":"https:\/\/api.w.org\/{rel}","templated":true}]}}