{"id":1476,"date":"2025-03-01T19:03:41","date_gmt":"2025-03-01T22:03:41","guid":{"rendered":"https:\/\/mascoweb.com.ar\/tienda\/?post_type=product&#038;p=1476"},"modified":"2025-12-22T11:14:31","modified_gmt":"2025-12-22T14:14:31","slug":"proplan-kitten-gatitos-x7-5kg","status":"publish","type":"product","link":"https:\/\/mascoweb.com.ar\/tienda\/producto\/proplan-kitten-gatitos-x7-5kg\/","title":{"rendered":"Pro Plan Kitten Gatitos x 7.5 kg"},"content":{"rendered":"<div class=\"wysiwyg py-md-3 px-md-0 p-2 py-4\">\n<div>\n<p><strong>Ingredientes:<\/strong> Carne de pollo, harina de subproductos de pollo, gluten de ma\u00edz, arroz, ma\u00edz, aceite de pollo y\/o grasa vacuna preservados con tocoferoles (fuente de vitamina E), gluten de trigo, hidrolizado a base de subproductos de pollo y\/o cerdo, harina de pescado y\/o harina de alga (Schizochytrium sp.), \u00e1cido fosf\u00f3rico y\/o bisulfato de sodio, cloruro de potasio, suplementos minerales [(sulfatos: magnesio, zinc, hierro, manganeso, cobre), (proteinatos: zinc, hierro, manganeso, cobre, selenio), yodato de calcio, selenito de sodio], L-lisina, aceite de pescado, suplemento vitam\u00ednico antioxidante (A, D3, E, K3, B1, B2, B3, B5, B6, B7, B9, B12, BHT), pirofosfato tetras\u00f3dico, cloruro de colina, sal, calostro vacuno (fuente natural de anticuerpos), taurina, levadura seca (Saccharomyces cerevisiae ssp.), \u00e1cido asc\u00f3rbico (fuente de vitamina C), carbonato y\/o fosfato c\u00e1lcico, DL-metionina.<\/p>\n<\/div>\n<\/div>\n<div class=\"wysiwyg py-md-3 px-md-0 p-2 py-4\">\n<div>\n<h2><strong>Beneficios:<\/strong><\/h2>\n<ul>\n<li>Tecnolog\u00eda Optistart, contiene anticuerpos naturales del calostro y otras prote\u00ednas de calidad, vitaminas y antioxidantes que ayudan a desarrollar y fortalecer el sistema inmunol\u00f3gico inmaduro de tu gatito y a extender la protecci\u00f3n durante su primer a\u00f1o formativo de vida.<\/li>\n<li>Incluye DHA que estimula el desarrollo del cerebro y la retina de los gatitos. La Vitamina A y la Taurina tambi\u00e9n aportan a un desarrollo \u00f3ptimo de la visi\u00f3n.<\/li>\n<li>Formulado con calostro, contiene prebi\u00f3ticos y anticuerpos naturales que promueven un sistema digestivo estable, para que el cachorro pueda absorber una mayor cantidad de nutrientes.<\/li>\n<li>La inclusi\u00f3n de minerales quelados ayuda a asegurar una \u00f3ptima disponibilidad y absorci\u00f3n de nutrientes clave para el crecimiento saludable.<\/li>\n<\/ul>\n<\/div>\n<\/div>\n","protected":false},"excerpt":{"rendered":"<p>Alimento balanceado para gatitos en crecimiento de hasta 12 meses de edad y hembras gestantes o lactantes.<\/p>\n<p>Formulado con una mezcla innovadora de nutrientes, como el calostro rico en anticuerpos naturales. Esta mezcla \u00fanica ayuda a extender la protecci\u00f3n que empez\u00f3 con la leche materna, reforzando la salud intestinal del gatito y ayudando a reducir el riesgo de trastornos digestivos.<\/p>\n","protected":false},"featured_media":1472,"template":"","meta":{"_gspb_post_css":"","_joinchat":[]},"product_brand":[109],"product_cat":[30,23,145],"product_tag":[55,33,99,54,63],"class_list":{"0":"post-1476","1":"product","2":"type-product","3":"status-publish","4":"has-post-thumbnail","6":"product_brand-proplan","7":"product_cat-alimentoparagatos","8":"product_cat-alimentosbalanceados","9":"product_cat-kitten","10":"product_tag-7-5kg","11":"product_tag-cachorros","12":"product_tag-gatitos","13":"product_tag-kitten","14":"product_tag-superpremium","16":"first","17":"instock","18":"purchasable","19":"product-type-simple"},"jetpack_sharing_enabled":true,"_links":{"self":[{"href":"https:\/\/mascoweb.com.ar\/tienda\/wp-json\/wp\/v2\/product\/1476","targetHints":{"allow":["GET"]}}],"collection":[{"href":"https:\/\/mascoweb.com.ar\/tienda\/wp-json\/wp\/v2\/product"}],"about":[{"href":"https:\/\/mascoweb.com.ar\/tienda\/wp-json\/wp\/v2\/types\/product"}],"wp:featuredmedia":[{"embeddable":true,"href":"https:\/\/mascoweb.com.ar\/tienda\/wp-json\/wp\/v2\/media\/1472"}],"wp:attachment":[{"href":"https:\/\/mascoweb.com.ar\/tienda\/wp-json\/wp\/v2\/media?parent=1476"}],"wp:term":[{"taxonomy":"product_brand","embeddable":true,"href":"https:\/\/mascoweb.com.ar\/tienda\/wp-json\/wp\/v2\/product_brand?post=1476"},{"taxonomy":"product_cat","embeddable":true,"href":"https:\/\/mascoweb.com.ar\/tienda\/wp-json\/wp\/v2\/product_cat?post=1476"},{"taxonomy":"product_tag","embeddable":true,"href":"https:\/\/mascoweb.com.ar\/tienda\/wp-json\/wp\/v2\/product_tag?post=1476"}],"curies":[{"name":"wp","href":"https:\/\/api.w.org\/{rel}","templated":true}]}}