{"id":1477,"date":"2025-03-01T19:05:10","date_gmt":"2025-03-01T22:05:10","guid":{"rendered":"https:\/\/mascoweb.com.ar\/tienda\/?post_type=product&#038;p=1477"},"modified":"2025-12-22T11:14:14","modified_gmt":"2025-12-22T14:14:14","slug":"proplan-gato-adulto-x7-5kg","status":"publish","type":"product","link":"https:\/\/mascoweb.com.ar\/tienda\/producto\/proplan-gato-adulto-x7-5kg\/","title":{"rendered":"Pro Plan Gato Adulto x 7.5 kg"},"content":{"rendered":"<div class=\"wysiwyg py-md-3 px-md-0 p-2 py-4\">\n<div>\n<p><strong>Ingredientes:<\/strong> Carne de pollo, ma\u00edz, harina de subproductos de pollo, gluten de ma\u00edz, trigo, aceite de pollo y\/o grasa vacuna preservados con tocoferoles (fuente de vitamina E), hidrolizado a base de subproductos de pollo y\/o cerdo, inulina, sal, harina de pescado y\/o harina de alga (Schizochytrium sp.), cloruro de potasio, arroz, gluten de trigo, \u00e1cido fosf\u00f3rico y\/o bisulfato de sodio, aceite de pescado, pirofosfato tetras\u00f3dico, suplemento vitam\u00ednico antioxidante (A, D3, E, K3, B1, B2, B3, B5, B6, B7, B9, B12, BHT), cloruro de colina, suplementos minerales [(sulfatos: zinc, hierro, manganeso, cobre), (proteinatos: zinc, hierro, manganeso, cobre, selenio), yodato de calcio, selenito de sodio], levadura seca (Saccharomyces cerevisiae ssp.), taurina, DL-metionina, \u00e1cido asc\u00f3rbico (fuente de vitamina C), carbonato y\/o fosfato c\u00e1lcico, L-lisina.<\/p>\n<\/div>\n<\/div>\n<div class=\"wysiwyg py-md-3 px-md-0 p-2 py-4\">\n<div>\n<h2><strong>Beneficios:<\/strong><\/h2>\n<ul>\n<li>Tecnolog\u00eda OptiPrebio\u00ae. Optimiza la absorci\u00f3n de nutrientes.<\/li>\n<li>Incluye prebi\u00f3ticos naturales que estabilizan la flora intestinal ayudando a optimizar la digesti\u00f3n y la absorci\u00f3n de nutrientes clave para una mejor salud digestiva.<\/li>\n<li>Tecnolog\u00eda STONE NEUTRAL combinacion exclusiva de nutrientes que ayuda a prevenir la formaci\u00f3n de cristales de estruvita y oxalato, manteniendo y protegiendo la salud del tracto urinario inferior de los gatos adultos.<\/li>\n<li>Tecnolog\u00eda TARTAR CONTROL que ayuda a reducir el sarro dental en un 41% con respecto a f\u00f3rmula PRO PLAN\u00ae Adult Cat sin pirofosfato tetras\u00f3dico, promoviendo dientes saludables y m\u00e1s fuertes.<\/li>\n<\/ul>\n<\/div>\n<\/div>\n","protected":false},"excerpt":{"rendered":"<p>Alimento completo y balanceado para gatos adultos de todas las razas.<\/p>\n<p><em>Es una tecnolog\u00eda exclusiva, con una combinaci\u00f3n de prebi\u00f3ticos y antioxidantes naturales, que ayudan a optimizar la digesti\u00f3n y a mantener fuertes las defensas naturales de tu gato, protegiendo su sistema inmunol\u00f3gico contra las amenazas externas.<\/em><\/p>\n","protected":false},"featured_media":1468,"template":"","meta":{"_gspb_post_css":"","_joinchat":[]},"product_brand":[109],"product_cat":[144,30,23],"product_tag":[55,32,101,63],"class_list":{"0":"post-1477","1":"product","2":"type-product","3":"status-publish","4":"has-post-thumbnail","6":"product_brand-proplan","7":"product_cat-gatosadultos","8":"product_cat-alimentoparagatos","9":"product_cat-alimentosbalanceados","10":"product_tag-7-5kg","11":"product_tag-adultos","12":"product_tag-gatos","13":"product_tag-superpremium","15":"first","16":"instock","17":"purchasable","18":"product-type-simple"},"jetpack_sharing_enabled":true,"_links":{"self":[{"href":"https:\/\/mascoweb.com.ar\/tienda\/wp-json\/wp\/v2\/product\/1477","targetHints":{"allow":["GET"]}}],"collection":[{"href":"https:\/\/mascoweb.com.ar\/tienda\/wp-json\/wp\/v2\/product"}],"about":[{"href":"https:\/\/mascoweb.com.ar\/tienda\/wp-json\/wp\/v2\/types\/product"}],"wp:featuredmedia":[{"embeddable":true,"href":"https:\/\/mascoweb.com.ar\/tienda\/wp-json\/wp\/v2\/media\/1468"}],"wp:attachment":[{"href":"https:\/\/mascoweb.com.ar\/tienda\/wp-json\/wp\/v2\/media?parent=1477"}],"wp:term":[{"taxonomy":"product_brand","embeddable":true,"href":"https:\/\/mascoweb.com.ar\/tienda\/wp-json\/wp\/v2\/product_brand?post=1477"},{"taxonomy":"product_cat","embeddable":true,"href":"https:\/\/mascoweb.com.ar\/tienda\/wp-json\/wp\/v2\/product_cat?post=1477"},{"taxonomy":"product_tag","embeddable":true,"href":"https:\/\/mascoweb.com.ar\/tienda\/wp-json\/wp\/v2\/product_tag?post=1477"}],"curies":[{"name":"wp","href":"https:\/\/api.w.org\/{rel}","templated":true}]}}