{"id":1480,"date":"2025-03-01T19:09:07","date_gmt":"2025-03-01T22:09:07","guid":{"rendered":"https:\/\/mascoweb.com.ar\/tienda\/?post_type=product&#038;p=1480"},"modified":"2025-12-22T11:13:29","modified_gmt":"2025-12-22T14:13:29","slug":"proplan-urinary-x15kg","status":"publish","type":"product","link":"https:\/\/mascoweb.com.ar\/tienda\/producto\/proplan-urinary-x15kg\/","title":{"rendered":"Pro Plan Urinary Cat x 15 kg"},"content":{"rendered":"<div class=\"wysiwyg py-md-3 px-md-0 p-2 py-4\">\n<div>\n<p><strong>Ingredientes:<\/strong> Harina de subproductos de pollo, arroz, carne de salm\u00f3n, harina de soja, gluten de ma\u00edz, fibra de soja, gluten de trigo, harina de pescado y\/o harina de alga (Schizochytrium sp.), aceite de pollo y\/o grasa vacuna preservados con tocoferoles (fuente de vitamina E), hidrolizado a base de subproductos de pollo y\/o cerdo, inulina, \u00e1cido fosf\u00f3rico y\/o bisulfato de sodio, fibra de ca\u00f1a de az\u00facar y\/o celulosa, cloruro de potasio, sal, aceite de pescado, suplemento vitam\u00ednico antioxidante (A, D3, E, K3, B1, B2, B3, B5, B6, B7, B9, B12, BHT), suplementos minerales [(sulfatos: zinc, hierro, manganeso, cobre), (proteinatos: zinc, hierro, manganeso, cobre, selenio), yodato de calcio, selenito de sodio], cloruro de colina, DL-metionina, taurina, L-arginina, levadura seca (Saccharomyces cerevisiae ssp.), \u00e1cido asc\u00f3rbico (fuente de vitamina C), carbonato y\/o fosfato c\u00e1lcico, L-lisina, beta-caroteno.<\/p>\n<\/div>\n<\/div>\n<div class=\"wysiwyg py-md-3 px-md-0 p-2 py-4\">\n<div>\n<h2><strong>Beneficios:<\/strong><\/h2>\n<ul>\n<li>Tecnolog\u00eda OptiRenal\u00ae, una mezcla exclusiva de nutrientes incluyendo antioxidantes, amino\u00e1cidos y \u00e1cidos grasos omega 3 y 6 que ayudan a mantener un funcionamiento renal \u00f3ptimo.<\/li>\n<li>Altos niveles de prote\u00ednas y fibras naturales adem\u00e1s de niveles reducidos en grasas, que ayudan a reducir las calor\u00edas y a mantener la condici\u00f3n corporal ideal.<\/li>\n<li>Con fuentes de fibras naturales de la soya y de la celulosa que ayudan a controlar la formaci\u00f3n de bolas de pelo.<\/li>\n<li>La inclusi\u00f3n de minerales quelados ayuda a asegurar una \u00f3ptima absorci\u00f3n y disponibilidad de nutrientes clave para la salud.<\/li>\n<\/ul>\n<\/div>\n<\/div>\n","protected":false},"excerpt":{"rendered":"<p>Alimento completo y balanceado para gatos adultos castrados o esterilizados.<\/p>\n<p><em>La esterilizaci\u00f3n y\/o castraci\u00f3n conduce a cambios que pueden predisponer a un aumento de peso. OptiRenal<sup>\u00ae\u00a0<\/sup>ayuda\u00a0a mantener el estado\u00a0corporal \u00f3ptimo.<\/em><\/p>\n","protected":false},"featured_media":1474,"template":"","meta":{"_gspb_post_css":"","_joinchat":[]},"product_brand":[109],"product_cat":[144,30,23,61,147],"product_tag":[44,32,63,60],"class_list":{"0":"post-1480","1":"product","2":"type-product","3":"status-publish","4":"has-post-thumbnail","6":"product_brand-proplan","7":"product_cat-gatosadultos","8":"product_cat-alimentoparagatos","9":"product_cat-alimentosbalanceados","10":"product_cat-promociones","11":"product_cat-urinary","12":"product_tag-15kg","13":"product_tag-adultos","14":"product_tag-superpremium","15":"product_tag-urinario","17":"first","18":"instock","19":"purchasable","20":"product-type-simple"},"jetpack_sharing_enabled":true,"_links":{"self":[{"href":"https:\/\/mascoweb.com.ar\/tienda\/wp-json\/wp\/v2\/product\/1480","targetHints":{"allow":["GET"]}}],"collection":[{"href":"https:\/\/mascoweb.com.ar\/tienda\/wp-json\/wp\/v2\/product"}],"about":[{"href":"https:\/\/mascoweb.com.ar\/tienda\/wp-json\/wp\/v2\/types\/product"}],"wp:featuredmedia":[{"embeddable":true,"href":"https:\/\/mascoweb.com.ar\/tienda\/wp-json\/wp\/v2\/media\/1474"}],"wp:attachment":[{"href":"https:\/\/mascoweb.com.ar\/tienda\/wp-json\/wp\/v2\/media?parent=1480"}],"wp:term":[{"taxonomy":"product_brand","embeddable":true,"href":"https:\/\/mascoweb.com.ar\/tienda\/wp-json\/wp\/v2\/product_brand?post=1480"},{"taxonomy":"product_cat","embeddable":true,"href":"https:\/\/mascoweb.com.ar\/tienda\/wp-json\/wp\/v2\/product_cat?post=1480"},{"taxonomy":"product_tag","embeddable":true,"href":"https:\/\/mascoweb.com.ar\/tienda\/wp-json\/wp\/v2\/product_tag?post=1480"}],"curies":[{"name":"wp","href":"https:\/\/api.w.org\/{rel}","templated":true}]}}