{"id":1481,"date":"2025-03-01T19:10:26","date_gmt":"2025-03-01T22:10:26","guid":{"rendered":"https:\/\/mascoweb.com.ar\/tienda\/?post_type=product&#038;p=1481"},"modified":"2026-04-16T13:57:51","modified_gmt":"2026-04-16T16:57:51","slug":"proplan-esterilizado-x7-5kg","status":"publish","type":"product","link":"https:\/\/mascoweb.com.ar\/tienda\/producto\/proplan-esterilizado-x7-5kg\/","title":{"rendered":"Pro Plan Cat Sterilized x 7.5 kg"},"content":{"rendered":"<div class=\"wysiwyg py-md-3 px-md-0 p-2 py-4\">\n<h5>Pro Plan Cat Sterilized x 7,5 kg<\/h5>\n<p>Alimento completo y balanceado para gatos adultos castrados o esterilizados.<\/p>\n<p><strong>Beneficios:<\/strong><\/p>\n<ul>\n<li>Especialmente formulado para obtener un pH en la orina ligeramente m\u00e1s \u00e1cido para ayudar a disolver los c\u00e1lculos de estruvita.<\/li>\n<li>Con una proporci\u00f3n adecuada de sodio para fomentar el consumo de agua, lo que ayuda a reducir la formaci\u00f3n de cristales urinarios de estruvita y oxalato.<\/li>\n<li>Con Tecnolog\u00eda Optitract with Dual Stone Protection. Es una combinaci\u00f3n exclusiva de nutrientes que ayuda a prevenir la formaci\u00f3n de cristales de estruvita y oxalato, manteniendo y protegiendo la salud del tracto urinario inferior de los gatos adultos.<\/li>\n<li>La inclusi\u00f3n de minerales quelatados ayuda a asegurar una \u00f3ptima absorci\u00f3n y disponibilidad de micro-minerales clave para la salud.<\/li>\n<\/ul>\n<p><strong>Ingredientes:<\/strong> Gluten de ma\u00edz, arroz, harina de subproductos de pollo, carne de pollo, ma\u00edz, aceite de pollo y\/o grasa vacuna preservados con tocoferoles (fuente de vitamina E), trigo, hidrolizado a base de subproductos de pollo y\/o cerdo, \u00e1cido fosf\u00f3rico y\/o bisulfato de sodio, fibra de soja, sal, carbonato y\/o fosfato c\u00e1lcico, cloruro de potasio, pirofosfato tetras\u00f3dico, cloruro de colina, aceite de pescado y\/o harina de alga (Schizochytrium sp.), suplemento vitam\u00ednico antioxidante (A, D3, E, K3, B1, B2, B3, B5, B6, B7, B9, B12, BHT), taurina, levadura seca (Saccharomyces cerevisiae ssp.), suplementos minerales [(sulfatos: zinc, hierro, manganeso, cobre), (proteinatos: zinc, hierro, manganeso, cobre, selenio), yodato de calcio, selenito de sodio], L-lisina, DL-metionina, \u00e1cido asc\u00f3rbico (fuente de vitamina C).<\/p>\n<table class=\"table striped internal-products-section-accordion-body-table\">\n<thead>\n<tr>\n<th scope=\"col\">Nutriente<\/th>\n<th scope=\"col\">M\u00edn.<\/th>\n<th scope=\"col\">M\u00e1x.<\/th>\n<\/tr>\n<\/thead>\n<tbody>\n<tr>\n<td class=\"p-2\">Prote\u00edna bruta (m\u00edn.)<\/td>\n<td class=\"p-2\">40,0%<\/td>\n<td class=\"p-2\">&#8211;<\/td>\n<\/tr>\n<tr>\n<td class=\"p-2\">Extracto et\u00e9reo \/ Grasa bruta (m\u00edn.\/m\u00e1x.)<\/td>\n<td class=\"p-2\">12,0%<\/td>\n<td class=\"p-2\">15,0%<\/td>\n<\/tr>\n<tr>\n<td class=\"p-2\">Fibra bruta (m\u00e1x.)<\/td>\n<td class=\"p-2\">5,5%<\/td>\n<td class=\"p-2\">&#8211;<\/td>\n<\/tr>\n<tr>\n<td class=\"p-2\">Humedad (m\u00e1x.)<\/td>\n<td class=\"p-2\">12,0%<\/td>\n<td class=\"p-2\">&#8211;<\/td>\n<\/tr>\n<tr>\n<td class=\"p-2\">Minerales\/Cenizas (m\u00e1x.)<\/td>\n<td class=\"p-2\">8,5%<\/td>\n<td class=\"p-2\">&#8211;<\/td>\n<\/tr>\n<tr>\n<td class=\"p-2\">Calcio (m\u00edn.\/m\u00e1x.)<\/td>\n<td class=\"p-2\">0,90%<\/td>\n<td class=\"p-2\">1,5%<\/td>\n<\/tr>\n<tr>\n<td class=\"p-2\">F\u00f3sforo (m\u00edn.\/m\u00e1x.)<\/td>\n<td class=\"p-2\">0,90%<\/td>\n<td class=\"p-2\">1,5%<\/td>\n<\/tr>\n<\/tbody>\n<\/table>\n<p>&nbsp;<\/p>\n<\/div>\n","protected":false},"excerpt":{"rendered":"<h5>Pro Plan Cat Sterilized x 7,5 kg<\/h5>\n<p>Alimento completo y balanceado para gatos adultos castrados o esterilizados.<\/p>\n<p>Es una tecnolog\u00eda exclusiva, que incluye una combinaci\u00f3n de nutrientes que ayuda a prevenir la formaci\u00f3n de cristales de estruvita y de oxalato, manteniendo y protegiendo la salud del tracto urinario inferior de los gatos adultos.<\/p>\n","protected":false},"featured_media":1876,"template":"","meta":{"_gspb_post_css":"","_joinchat":[]},"product_brand":[109],"product_cat":[144,30,23,146],"product_tag":[55,32,53,101,36,63],"class_list":{"0":"post-1481","1":"product","2":"type-product","3":"status-publish","4":"has-post-thumbnail","6":"product_brand-proplan","7":"product_cat-gatosadultos","8":"product_cat-alimentoparagatos","9":"product_cat-alimentosbalanceados","10":"product_cat-lightcastrados","11":"product_tag-7-5kg","12":"product_tag-adultos","13":"product_tag-castrados","14":"product_tag-gatos","15":"product_tag-light","16":"product_tag-superpremium","18":"first","19":"instock","20":"purchasable","21":"product-type-simple"},"jetpack_sharing_enabled":true,"_links":{"self":[{"href":"https:\/\/mascoweb.com.ar\/tienda\/wp-json\/wp\/v2\/product\/1481","targetHints":{"allow":["GET"]}}],"collection":[{"href":"https:\/\/mascoweb.com.ar\/tienda\/wp-json\/wp\/v2\/product"}],"about":[{"href":"https:\/\/mascoweb.com.ar\/tienda\/wp-json\/wp\/v2\/types\/product"}],"wp:featuredmedia":[{"embeddable":true,"href":"https:\/\/mascoweb.com.ar\/tienda\/wp-json\/wp\/v2\/media\/1876"}],"wp:attachment":[{"href":"https:\/\/mascoweb.com.ar\/tienda\/wp-json\/wp\/v2\/media?parent=1481"}],"wp:term":[{"taxonomy":"product_brand","embeddable":true,"href":"https:\/\/mascoweb.com.ar\/tienda\/wp-json\/wp\/v2\/product_brand?post=1481"},{"taxonomy":"product_cat","embeddable":true,"href":"https:\/\/mascoweb.com.ar\/tienda\/wp-json\/wp\/v2\/product_cat?post=1481"},{"taxonomy":"product_tag","embeddable":true,"href":"https:\/\/mascoweb.com.ar\/tienda\/wp-json\/wp\/v2\/product_tag?post=1481"}],"curies":[{"name":"wp","href":"https:\/\/api.w.org\/{rel}","templated":true}]}}