{"id":1518,"date":"2025-03-01T21:23:04","date_gmt":"2025-03-02T00:23:04","guid":{"rendered":"https:\/\/mascoweb.com.ar\/tienda\/?post_type=product&#038;p=1518"},"modified":"2026-05-04T12:27:54","modified_gmt":"2026-05-04T15:27:54","slug":"dog-selection-etiqueta-negra-senior-ligth-x-15-kg","status":"publish","type":"product","link":"https:\/\/mascoweb.com.ar\/tienda\/producto\/dog-selection-etiqueta-negra-senior-ligth-x-15-kg\/","title":{"rendered":"Dog Selection Etiqueta Negra Senior Light x 15 kg"},"content":{"rendered":"<div class=\"has_eae_slider dce-visibility-event elementor-element elementor-element-bd31636 e-con-full e-flex e-con e-child dce-visibility-event-initialized\" data-id=\"bd31636\" data-element_type=\"container\" data-settings=\"{&quot;background_background&quot;:&quot;classic&quot;,&quot;enabled_visibility&quot;:&quot;yes&quot;,&quot;dce_visibility_selected&quot;:&quot;hide&quot;}\">\n<div class=\"has_eae_slider elementor-element elementor-element-4a0bf3e e-con-full e-flex e-con e-child\" data-id=\"4a0bf3e\" data-element_type=\"container\">\n<h5 class=\"elementor-element elementor-element-6f65d93 elementor-widget elementor-widget-image\" data-id=\"6f65d93\" data-element_type=\"widget\" data-widget_type=\"image.default\">Dog Selection Etiqueta Negra Senior Light x 15 kg<\/h5>\n<p>Alimento S\u00faper Premium con 25% de prote\u00ednas, formulado especialmente para perritos en edad senior y con tendencia al sobrepeso.<\/p>\n<p>OMEGA 3 Y 6<\/p>\n<\/div>\n<div class=\"has_eae_slider elementor-element elementor-element-4a0bf3e e-con-full e-flex e-con e-child\" data-id=\"4a0bf3e\" data-element_type=\"container\">Favorece Inhibici\u00f3n de procesos inflamatorios.<\/div>\n<div data-id=\"4a0bf3e\" data-element_type=\"container\"><\/div>\n<div class=\"elementor-widget-container\">VITAMINA C<\/div>\n<div class=\"elementor-widget-container\">Capacidad antioxidante.<\/div>\n<div><\/div>\n<div class=\"elementor-element elementor-element-d27fcfc elementor-widget elementor-widget-image\" data-id=\"d27fcfc\" data-element_type=\"widget\" data-widget_type=\"image.default\">\n<div class=\"elementor-widget-container\">\n<div class=\"elementor-widget-container\">PROBI\u00d3TICOS y MOS<\/div>\n<div class=\"elementor-widget-container\">Fortalecen la barrera intestinal<\/div>\n<div><\/div>\n<\/div>\n<\/div>\n<div class=\"elementor-element elementor-element-0f7d15c elementor-widget__width-initial elementor-widget elementor-widget-heading\" data-id=\"0f7d15c\" data-element_type=\"widget\" data-widget_type=\"heading.default\">\n<div class=\"elementor-widget-container\">CYNARA SCOLYMUS<\/div>\n<div class=\"elementor-widget-container\">Favorece la funci\u00f3n hep\u00e1tica.<\/div>\n<\/div>\n<div class=\"has_eae_slider elementor-element elementor-element-435abf7 e-con-full e-flex e-con e-child\" data-id=\"435abf7\" data-element_type=\"container\">\n<div class=\"elementor-widget-container\"><\/div>\n<div class=\"elementor-element elementor-element-b5f7cc5 elementor-widget__width-initial elementor-widget elementor-widget-heading\" data-id=\"b5f7cc5\" data-element_type=\"widget\" data-widget_type=\"heading.default\">\n<div class=\"elementor-widget-container\">L-CARNITINA<\/div>\n<div class=\"elementor-widget-container\">Refuerza el sistema nervioso, cardiovascular e inmunol\u00f3gico.<\/div>\n<\/div>\n<\/div>\n<\/div>\n<div class=\"has_eae_slider elementor-element elementor-element-19f6792 e-con-full e-flex e-con e-child\" data-id=\"19f6792\" data-element_type=\"container\">\n<div class=\"has_eae_slider elementor-element elementor-element-71aca71 e-con-full e-flex e-con e-child\" data-id=\"71aca71\" data-element_type=\"container\"><\/div>\n<\/div>\n<div class=\"has_eae_slider elementor-element elementor-element-cfbbdd3 e-con-full e-flex e-con e-child\" data-id=\"cfbbdd3\" data-element_type=\"container\">\n<div class=\"elementor-element elementor-element-c942dc9 elementor-widget elementor-widget-heading\" data-id=\"c942dc9\" data-element_type=\"widget\" data-widget_type=\"heading.default\">\n<div class=\"elementor-widget-container\">\n<p class=\"elementor-heading-title elementor-size-default\"><strong>Ingredientes:<\/strong><\/p>\n<\/div>\n<\/div>\n<\/div>\n<p>Arroz integral y\/o trigo integral, harina de carne y hueso de cerdo y\/o vacuno y\/o v\u00edsceras de pollo, arveja y\/o lenteja, gluten de ma\u00edz, germen de ma\u00edz, c\u00farcuma, spirulina, zapallo deshidratado, zanahoria deshidratada, espinaca deshidratada, aceite de pollo y\/o vacuno, hidrolizado de v\u00edsceras de cerdo y\/o pollo, harina de soja, levadura de cerveza, probi\u00f3ticos (Saccharomyces cerevisiae, Enterococcus faecium, Lactobacillus plantarum, Bacillus subtilis), extracto de Cynara scolymus, aceite desodorizado de pescado, aceite vegetal (soja), pulpa de remolacha, extracto de Yucca Schidigera, manano-oligosac\u00e1ridos, L-Glutamina, L-Glutaminaarginina, niasina, lisina, metionina, pirofosfato \u00e1cido de sodio, glucosamina, \u00e1cido c\u00edtrico, \u00e1cido propi\u00f3nico, extracto de romero, tocoferoles, betacaroteno, vitaminas A, C, D3, E, K, B1, B2, B6, B12, \u00e1cido f\u00f3lico, pantotenato de calcio, biotina, colina, minerales: zinc, calcio, hierro, manganeso, cobre, yodo, selenio.<\/p>\n<div class=\"elementor-element elementor-element-5a6434c elementor-widget elementor-widget-heading\" data-id=\"5a6434c\" data-element_type=\"widget\" data-widget_type=\"heading.default\">\n<div class=\"elementor-widget-container\">\n<p class=\"elementor-heading-title elementor-size-default\"><strong>AN\u00c1LISIS NUTRICIONAL<\/strong><\/p>\n<\/div>\n<\/div>\n<div class=\"elementor-element elementor-element-7675e0c elementor-widget-divider--view-line elementor-widget elementor-widget-divider\" data-id=\"7675e0c\" data-element_type=\"widget\" data-widget_type=\"divider.default\">\n<div class=\"elementor-widget-container\">\n<div class=\"elementor-divider\"><\/div>\n<\/div>\n<\/div>\n<div class=\"elementor-element elementor-element-a3d081f elementor-widget elementor-widget-shortcode\" data-id=\"a3d081f\" data-element_type=\"widget\" data-widget_type=\"shortcode.default\">\n<div class=\"elementor-widget-container\">\n<div class=\"elementor-shortcode\">\n<table class=\"analisis nutricional\">\n<tbody>\n<tr>\n<td>Prote\u00edna<\/td>\n<td>M\u00edn<\/td>\n<td>25%<\/td>\n<\/tr>\n<tr>\n<td><\/td>\n<td><\/td>\n<td><\/td>\n<\/tr>\n<tr>\n<td>Grasa<\/td>\n<td>M\u00edn<\/td>\n<td>6%<\/td>\n<\/tr>\n<tr>\n<td><\/td>\n<td><\/td>\n<td><\/td>\n<\/tr>\n<tr>\n<td>Fibra cruda<\/td>\n<td>M\u00e1x<\/td>\n<td>9%<\/td>\n<\/tr>\n<tr>\n<td><\/td>\n<td><\/td>\n<td><\/td>\n<\/tr>\n<tr>\n<td>Minerales totales<\/td>\n<td>M\u00e1x<\/td>\n<td>8%<\/td>\n<\/tr>\n<tr>\n<td><\/td>\n<td><\/td>\n<td><\/td>\n<\/tr>\n<tr>\n<td>Humedad<\/td>\n<td>M\u00e1x<\/td>\n<td>12%<\/td>\n<\/tr>\n<tr>\n<td><\/td>\n<td><\/td>\n<td><\/td>\n<\/tr>\n<tr>\n<td>Calcio<\/td>\n<td>M\u00edn<\/td>\n<td>1%<\/td>\n<\/tr>\n<tr>\n<td><\/td>\n<td>M\u00e1x<\/td>\n<td>2%<\/td>\n<\/tr>\n<tr>\n<td>F\u00f3sforo<\/td>\n<td>M\u00edn<\/td>\n<td>0,8%<\/td>\n<\/tr>\n<tr>\n<td><\/td>\n<td>M\u00e1x<\/td>\n<td>1,6%<\/td>\n<\/tr>\n<tr>\n<td>Energ\u00eda metab\u00f3lica<\/td>\n<td>M\u00edn<\/td>\n<td>3165 kcal\/kg M.S.<\/td>\n<\/tr>\n<tr>\n<td><\/td>\n<td><\/td>\n<td><\/td>\n<\/tr>\n<\/tbody>\n<\/table>\n<\/div>\n<\/div>\n<\/div>\n","protected":false},"excerpt":{"rendered":"<h5 class=\"elementor-element elementor-element-6f65d93 elementor-widget elementor-widget-image\" data-id=\"6f65d93\" data-element_type=\"widget\" data-widget_type=\"image.default\">Dog Selection Etiqueta Negra Senior Light x 15 kg<\/h5>\n<p>Alimento S\u00faper Premium con 25% de prote\u00ednas, formulado especialmente para perritos en edad senior y con tendencia al sobrepeso.<\/p>\n","protected":false},"featured_media":1953,"template":"","meta":{"_gspb_post_css":"","_joinchat":[]},"product_brand":[111],"product_cat":[29,23,141,139],"product_tag":[44,32,36,35,63],"class_list":{"0":"post-1518","1":"product","2":"type-product","3":"status-publish","4":"has-post-thumbnail","6":"product_brand-etiqueta-negra","7":"product_cat-alimentoparaperros","8":"product_cat-alimentosbalanceados","9":"product_cat-perroslight","10":"product_cat-perrossenior","11":"product_tag-15kg","12":"product_tag-adultos","13":"product_tag-light","14":"product_tag-senior","15":"product_tag-superpremium","17":"first","18":"instock","19":"shipping-taxable","20":"purchasable","21":"product-type-simple"},"jetpack_sharing_enabled":true,"_links":{"self":[{"href":"https:\/\/mascoweb.com.ar\/tienda\/wp-json\/wp\/v2\/product\/1518","targetHints":{"allow":["GET"]}}],"collection":[{"href":"https:\/\/mascoweb.com.ar\/tienda\/wp-json\/wp\/v2\/product"}],"about":[{"href":"https:\/\/mascoweb.com.ar\/tienda\/wp-json\/wp\/v2\/types\/product"}],"wp:featuredmedia":[{"embeddable":true,"href":"https:\/\/mascoweb.com.ar\/tienda\/wp-json\/wp\/v2\/media\/1953"}],"wp:attachment":[{"href":"https:\/\/mascoweb.com.ar\/tienda\/wp-json\/wp\/v2\/media?parent=1518"}],"wp:term":[{"taxonomy":"product_brand","embeddable":true,"href":"https:\/\/mascoweb.com.ar\/tienda\/wp-json\/wp\/v2\/product_brand?post=1518"},{"taxonomy":"product_cat","embeddable":true,"href":"https:\/\/mascoweb.com.ar\/tienda\/wp-json\/wp\/v2\/product_cat?post=1518"},{"taxonomy":"product_tag","embeddable":true,"href":"https:\/\/mascoweb.com.ar\/tienda\/wp-json\/wp\/v2\/product_tag?post=1518"}],"curies":[{"name":"wp","href":"https:\/\/api.w.org\/{rel}","templated":true}]}}