{"id":1651,"date":"2025-03-05T13:55:06","date_gmt":"2025-03-05T16:55:06","guid":{"rendered":"https:\/\/mascoweb.com.ar\/tienda\/?post_type=product&#038;p=1651"},"modified":"2026-04-20T11:52:21","modified_gmt":"2026-04-20T14:52:21","slug":"old-prince-cordero-adulto-pequenos-x7-5kg","status":"publish","type":"product","link":"https:\/\/mascoweb.com.ar\/tienda\/producto\/old-prince-cordero-adulto-pequenos-x7-5kg\/","title":{"rendered":"Old Prince Cordero y Arroz Adultos Peque\u00f1os x 7.5 kg"},"content":{"rendered":"<div class=\"elementor-element elementor-element-fa966c3 elementor-widget elementor-widget-text-editor\" data-id=\"fa966c3\" data-element_type=\"widget\" data-widget_type=\"text-editor.default\">\n<div class=\"elementor-widget-container\">\n<h5>Old Prince Cordero y Arroz Adultos Peque\u00f1os x 7.5 kg<\/h5>\n<p>Harina de cordero, arroz integral, arveja, gluten de ma\u00edz, germen de ma\u00edz desgrasado, grasa animal (pollo), aceite de salm\u00f3n (fuente de omega 3 y 6), hidrolizado proteico de menudencias vacunas, porcinas y aviares, pulpa de remolacha (fuente de fructooligosac\u00e1ridos \u2013 FOS), levadura de cerveza, zeolita, sal, extracto de yucca schidigera, manano-oligosac\u00e1ridos \u2013 MOS, nucle\u00f3tidos de levadura, carbonato de calcio, dipropionato de amonio, \u00e1cido propi\u00f3nico, acetato de zinc, pirofosfato \u00e1cido de sodio, glucosamina, condroitin sulfato, col\u00e1geno hidrolizado, ascorbato de manganeso, metionina, antioxidantes naturales: extracto de romero, vitamina C, betacaroteno, \u00e1cido c\u00edtrico, tocoferoles, licopeno, lute\u00edna, polifenoles, taurina, vitaminas: A, D3, E, K, B1, B2, B6, B12, \u00e1cido f\u00f3lico, \u00e1cido nicot\u00ednico, \u00e1cido pantot\u00e9nico, biotina, colina, minerales: zinc, hierro, cobre, yodo, selenio.<\/p>\n<\/div>\n<\/div>\n<div class=\"elementor-element elementor-element-d8230e4 elementor-widget elementor-widget-heading\" data-id=\"d8230e4\" data-element_type=\"widget\" data-widget_type=\"heading.default\">\n<div class=\"elementor-widget-container\"><\/div>\n<\/div>\n","protected":false},"excerpt":{"rendered":"<h5>Old Prince Cordero y Arroz Adultos Peque\u00f1os x 7.5 kg<\/h5>\n<p>Old Prince Novel es un alimento balanceado y completo para perros adultos de razas peque\u00f1as. Completamente natural con: 0% de soja, 0% de tacc y 32% de prote\u00ednas compuestas de cordero y arroz integral, minimizando las probabilidades de alergias alimentarias y cut\u00e1neas. Sus ingredientes naturales favorece la salud bucal, reduce la intolerancia alimentaria, mejora la piel y el pelo.<\/p>\n","protected":false},"featured_media":1862,"template":"","meta":{"_gspb_post_css":"","_joinchat":[]},"product_brand":[112],"product_cat":[137,29,23,140,142],"product_tag":[55,32,34,59,63],"class_list":{"0":"post-1651","1":"product","2":"type-product","3":"status-publish","4":"has-post-thumbnail","6":"product_brand-old-prince","7":"product_cat-perrosadultos","8":"product_cat-alimentoparaperros","9":"product_cat-alimentosbalanceados","10":"product_cat-mordidapequenia","11":"product_cat-perrospielsensible","12":"product_tag-7-5kg","13":"product_tag-adultos","14":"product_tag-mordida-pequena","15":"product_tag-piel-sensible","16":"product_tag-superpremium","18":"first","19":"instock","20":"purchasable","21":"product-type-simple"},"jetpack_sharing_enabled":true,"_links":{"self":[{"href":"https:\/\/mascoweb.com.ar\/tienda\/wp-json\/wp\/v2\/product\/1651","targetHints":{"allow":["GET"]}}],"collection":[{"href":"https:\/\/mascoweb.com.ar\/tienda\/wp-json\/wp\/v2\/product"}],"about":[{"href":"https:\/\/mascoweb.com.ar\/tienda\/wp-json\/wp\/v2\/types\/product"}],"wp:featuredmedia":[{"embeddable":true,"href":"https:\/\/mascoweb.com.ar\/tienda\/wp-json\/wp\/v2\/media\/1862"}],"wp:attachment":[{"href":"https:\/\/mascoweb.com.ar\/tienda\/wp-json\/wp\/v2\/media?parent=1651"}],"wp:term":[{"taxonomy":"product_brand","embeddable":true,"href":"https:\/\/mascoweb.com.ar\/tienda\/wp-json\/wp\/v2\/product_brand?post=1651"},{"taxonomy":"product_cat","embeddable":true,"href":"https:\/\/mascoweb.com.ar\/tienda\/wp-json\/wp\/v2\/product_cat?post=1651"},{"taxonomy":"product_tag","embeddable":true,"href":"https:\/\/mascoweb.com.ar\/tienda\/wp-json\/wp\/v2\/product_tag?post=1651"}],"curies":[{"name":"wp","href":"https:\/\/api.w.org\/{rel}","templated":true}]}}