{"id":1653,"date":"2025-03-05T13:56:56","date_gmt":"2025-03-05T16:56:56","guid":{"rendered":"https:\/\/mascoweb.com.ar\/tienda\/?post_type=product&#038;p=1653"},"modified":"2026-04-20T11:50:50","modified_gmt":"2026-04-20T14:50:50","slug":"old-prince-equilibrium-cachorro-mediano-x15kg","status":"publish","type":"product","link":"https:\/\/mascoweb.com.ar\/tienda\/producto\/old-prince-equilibrium-cachorro-mediano-x15kg\/","title":{"rendered":"Old Prince Equilibrium Cachorros Medianos y Grandes x 15 kg"},"content":{"rendered":"<div class=\"elementor-element elementor-element-fa966c3 elementor-widget elementor-widget-text-editor\" data-id=\"fa966c3\" data-element_type=\"widget\" data-widget_type=\"text-editor.default\">\n<div class=\"elementor-widget-container\">\n<h5>Old Prince Equilibrium Cachorros Medianos y Grandes x 15 kg<\/h5>\n<p>Harina de pollo, arroz, gluten de ma\u00edz, germen de ma\u00edz desgrasado, aceite de pollo, aceite de pescado (fuente de omega), hidrolizado de menudencias porcinas y aviares, pulpa de remolacha (fuente de fructo-oligosac\u00e1ridos \u2013 FOS), fibra insoluble (celulosa), levadura de cerveza, zeolita, extracto de yucca schidigera, manano-oli-gosac\u00e1ridos \u2013 MOS, dipropionato de calcio, \u00e1cido propi\u00f3nico, pirofosfato \u00e1cido de sodio, glucosamina, condroitin sulfato, metionina, antioxidantes naturales: extracto de romero, \u00e1cido c\u00edtrico, vitamina C, betacaroteno, licopeno, lute\u00edna, polifenoles, vitaminas: A, D3, E, K, B1, B2, B6, B12, \u00e1cido f\u00f3lico, \u00e1cido nicot\u00ednico, pantotenato de calcio, biotina, colina, minerales: zinc, hierro, cobre, manganeso, yodo, selenio<\/p>\n<\/div>\n<\/div>\n<div class=\"elementor-element elementor-element-d8230e4 elementor-widget elementor-widget-heading\" data-id=\"d8230e4\" data-element_type=\"widget\" data-widget_type=\"heading.default\">\n<div class=\"elementor-widget-container\"><\/div>\n<\/div>\n","protected":false},"excerpt":{"rendered":"<h5>Old Prince Equilibrium Cachorros Medianos y Grandes x 15 kg<\/h5>\n<p>Old Prince Cachorro es un alimento s\u00faper premium preparados con gran proporcion de calcio y f\u00f3sforo que desarrollan la estructura \u00f3sea y articular del cachorro en crecimiento. La textura de la croqueta y el \u00e1cido de sodio colabora con la formaci\u00f3n de dientes sanos y fuertes. La incorporaci\u00f3n de \u00e1cidos grasos contribuye a mantener la piel sana y el pelo brillante.<\/p>\n","protected":false},"featured_media":1860,"template":"","meta":{"_gspb_post_css":"","_joinchat":[]},"product_brand":[112],"product_cat":[29,23,138],"product_tag":[44,33,64],"class_list":{"0":"post-1653","1":"product","2":"type-product","3":"status-publish","4":"has-post-thumbnail","6":"product_brand-old-prince","7":"product_cat-alimentoparaperros","8":"product_cat-alimentosbalanceados","9":"product_cat-perroscachorros","10":"product_tag-15kg","11":"product_tag-cachorros","12":"product_tag-premium","14":"first","15":"instock","16":"purchasable","17":"product-type-simple"},"jetpack_sharing_enabled":true,"_links":{"self":[{"href":"https:\/\/mascoweb.com.ar\/tienda\/wp-json\/wp\/v2\/product\/1653","targetHints":{"allow":["GET"]}}],"collection":[{"href":"https:\/\/mascoweb.com.ar\/tienda\/wp-json\/wp\/v2\/product"}],"about":[{"href":"https:\/\/mascoweb.com.ar\/tienda\/wp-json\/wp\/v2\/types\/product"}],"wp:featuredmedia":[{"embeddable":true,"href":"https:\/\/mascoweb.com.ar\/tienda\/wp-json\/wp\/v2\/media\/1860"}],"wp:attachment":[{"href":"https:\/\/mascoweb.com.ar\/tienda\/wp-json\/wp\/v2\/media?parent=1653"}],"wp:term":[{"taxonomy":"product_brand","embeddable":true,"href":"https:\/\/mascoweb.com.ar\/tienda\/wp-json\/wp\/v2\/product_brand?post=1653"},{"taxonomy":"product_cat","embeddable":true,"href":"https:\/\/mascoweb.com.ar\/tienda\/wp-json\/wp\/v2\/product_cat?post=1653"},{"taxonomy":"product_tag","embeddable":true,"href":"https:\/\/mascoweb.com.ar\/tienda\/wp-json\/wp\/v2\/product_tag?post=1653"}],"curies":[{"name":"wp","href":"https:\/\/api.w.org\/{rel}","templated":true}]}}