{"id":1656,"date":"2025-03-05T13:59:40","date_gmt":"2025-03-05T16:59:40","guid":{"rendered":"https:\/\/mascoweb.com.ar\/tienda\/?post_type=product&#038;p=1656"},"modified":"2026-04-20T11:54:13","modified_gmt":"2026-04-20T14:54:13","slug":"old-prince-equilibrium-adulto-pequenos-x3kg","status":"publish","type":"product","link":"https:\/\/mascoweb.com.ar\/tienda\/producto\/old-prince-equilibrium-adulto-pequenos-x3kg\/","title":{"rendered":"Old Prince Equilibrium Adultos Peque\u00f1os x 3 kg"},"content":{"rendered":"<div class=\"elementor-element elementor-element-fa966c3 elementor-widget elementor-widget-text-editor\" data-id=\"fa966c3\" data-element_type=\"widget\" data-widget_type=\"text-editor.default\">\n<div class=\"elementor-widget-container\">\n<h5>Old Prince Equilibrium Adultos Peque\u00f1os x 3 kg<\/h5>\n<p>Harina de pollo, arroz, gluten de ma\u00edz, germen de ma\u00edz desgrasado, aceite de pollo, aceite de pescado (fuente de omega), hidrolizado de menudencias porcinas y aviares, pulpa de remolacha (fuente de fructooligosac\u00e1ridos \u2013 FOS), fibra insoluble (celulosa), levadura de cerveza, zeolita, extracto de yucca schidigera, manano-oli-oligosac\u00e1ridos \u2013 MOS, dipropionato de calcio, \u00e1cido propi\u00f3nico, pirofosfato \u00e1cido de sodio, glucosamina, condroitin sulfato, metionina, antioxidantes naturales: extracto de romero, \u00e1cido c\u00edtrico, vitamina C, betacaroteno, licopeno, lute\u00edna, polifenoles, vitaminas: A, D3, E, K, B1, B2, B6, B12, \u00e1cido f\u00f3lico, \u00e1cido nicot\u00ednico, pantotenato de calcio, biotina, colina, minerales: zinc, hierro, cobre, manganeso, yodo, selenio<\/p>\n<\/div>\n<\/div>\n<div class=\"elementor-element elementor-element-d8230e4 elementor-widget elementor-widget-heading\" data-id=\"d8230e4\" data-element_type=\"widget\" data-widget_type=\"heading.default\">\n<div class=\"elementor-widget-container\"><\/div>\n<\/div>\n","protected":false},"excerpt":{"rendered":"<h5>Old Prince Equilibrium Adultos Peque\u00f1os x 3 kg<\/h5>\n<p>Alimento balanceado ideal para perros adultos de razas peque\u00f1as. El formato y consistencia de sus croquetas reduce la formaci\u00f3n y acumulaci\u00f3n de sarro en los dientes. Aporta grasa en forma moderada para cuidar el peso de tu mascota. Cuida la salud articular y favorece la salud de su piel y su pelo.<\/p>\n","protected":false},"featured_media":1854,"template":"","meta":{"_gspb_post_css":"","_joinchat":[]},"product_brand":[112],"product_cat":[137,29,23,140],"product_tag":[49,32,34,64],"class_list":{"0":"post-1656","1":"product","2":"type-product","3":"status-publish","4":"has-post-thumbnail","6":"product_brand-old-prince","7":"product_cat-perrosadultos","8":"product_cat-alimentoparaperros","9":"product_cat-alimentosbalanceados","10":"product_cat-mordidapequenia","11":"product_tag-3kg","12":"product_tag-adultos","13":"product_tag-mordida-pequena","14":"product_tag-premium","16":"first","17":"instock","18":"purchasable","19":"product-type-simple"},"jetpack_sharing_enabled":true,"_links":{"self":[{"href":"https:\/\/mascoweb.com.ar\/tienda\/wp-json\/wp\/v2\/product\/1656","targetHints":{"allow":["GET"]}}],"collection":[{"href":"https:\/\/mascoweb.com.ar\/tienda\/wp-json\/wp\/v2\/product"}],"about":[{"href":"https:\/\/mascoweb.com.ar\/tienda\/wp-json\/wp\/v2\/types\/product"}],"wp:featuredmedia":[{"embeddable":true,"href":"https:\/\/mascoweb.com.ar\/tienda\/wp-json\/wp\/v2\/media\/1854"}],"wp:attachment":[{"href":"https:\/\/mascoweb.com.ar\/tienda\/wp-json\/wp\/v2\/media?parent=1656"}],"wp:term":[{"taxonomy":"product_brand","embeddable":true,"href":"https:\/\/mascoweb.com.ar\/tienda\/wp-json\/wp\/v2\/product_brand?post=1656"},{"taxonomy":"product_cat","embeddable":true,"href":"https:\/\/mascoweb.com.ar\/tienda\/wp-json\/wp\/v2\/product_cat?post=1656"},{"taxonomy":"product_tag","embeddable":true,"href":"https:\/\/mascoweb.com.ar\/tienda\/wp-json\/wp\/v2\/product_tag?post=1656"}],"curies":[{"name":"wp","href":"https:\/\/api.w.org\/{rel}","templated":true}]}}