{"id":1661,"date":"2025-03-05T14:03:57","date_gmt":"2025-03-05T17:03:57","guid":{"rendered":"https:\/\/mascoweb.com.ar\/tienda\/?post_type=product&#038;p=1661"},"modified":"2026-04-20T12:01:22","modified_gmt":"2026-04-20T15:01:22","slug":"old-prince-equilibrium-gato-urinary-x7-5kg","status":"publish","type":"product","link":"https:\/\/mascoweb.com.ar\/tienda\/producto\/old-prince-equilibrium-gato-urinary-x7-5kg\/","title":{"rendered":"Old Prince Equilibrium Gato Urinary x 7.5 kg"},"content":{"rendered":"<div class=\"elementor-element elementor-element-fa966c3 elementor-widget elementor-widget-text-editor\" data-id=\"fa966c3\" data-element_type=\"widget\" data-widget_type=\"text-editor.default\">\n<div class=\"elementor-widget-container\">\n<h5>Old Prince Equilibrium Gato Urinary x 7.5 kg<\/h5>\n<p>Harina de pollo, arroz, gluten de ma\u00edz, alb\u00famina en polvo, trigo, grasa animal (pollo), aceite de pescado (fuente de omega 3), hidrolizado proteico de menudencias porcinas, pulpa de remolacha (fuente de fructo-oligosac\u00e1ridos \u2013 FOS), levadura de cerveza, fuente de fibra insoluble (celulosa), sal, acidificante en polvo (bisulfato \u00e1cido de sodio), extracto de yucca schidigera, manano-oligosac\u00e1ridos \u2013 MOS, nucle\u00f3tidos de levadura, carbonato de calcio, dipropionato de amonio, \u00e1cido propi\u00f3nico, pirofosfato \u00e1cido de sodio, glucosamina, condroitin sulfato, col\u00e1geno hidrolizado, L-carnitina, metionina, antioxidantes naturales: extracto de romero, \u00e1cido c\u00edtrico, vitamina C, betacaroteno, lute\u00edna, polifenoles, taurina, vitaminas: A, D3, E, K, B1, B2, B6, B12, \u00e1cido f\u00f3lico, \u00e1cido nicot\u00ednico, pantotenato de calcio, biotina, colina, minerales: zinc, hierro, cobre, manganeso, yodo, selenio<\/p>\n<\/div>\n<\/div>\n<div class=\"elementor-element elementor-element-d8230e4 elementor-widget elementor-widget-heading\" data-id=\"d8230e4\" data-element_type=\"widget\" data-widget_type=\"heading.default\">\n<div class=\"elementor-widget-container\"><\/div>\n<\/div>\n","protected":false},"excerpt":{"rendered":"<h5>Old Prince Equilibrium Gato Urinary x 7.5 kg<\/h5>\n<p>Old Prince Equilibrium Urinary Care es un alimento para gatos adultos con tendencia a contraer afecciones en su sistema urinario. Promueve el consumo de agua y regula el pH de la orina, reduciendo el riesgo de formaci\u00f3n de c\u00e1lculos de estruvita y oxalato. Adicionalmente, protege el funcionamiento card\u00edaco mediante la inclusi\u00f3n de taurina en su f\u00f3rmula y previene la formaci\u00f3n de bolas de pelo.<\/p>\n","protected":false},"featured_media":1848,"template":"","meta":{"_gspb_post_css":"","_joinchat":[]},"product_brand":[112],"product_cat":[144,30,23,147],"product_tag":[55,32,64,60],"class_list":{"0":"post-1661","1":"product","2":"type-product","3":"status-publish","4":"has-post-thumbnail","6":"product_brand-old-prince","7":"product_cat-gatosadultos","8":"product_cat-alimentoparagatos","9":"product_cat-alimentosbalanceados","10":"product_cat-urinary","11":"product_tag-7-5kg","12":"product_tag-adultos","13":"product_tag-premium","14":"product_tag-urinario","16":"first","17":"instock","18":"purchasable","19":"product-type-simple"},"jetpack_sharing_enabled":true,"_links":{"self":[{"href":"https:\/\/mascoweb.com.ar\/tienda\/wp-json\/wp\/v2\/product\/1661","targetHints":{"allow":["GET"]}}],"collection":[{"href":"https:\/\/mascoweb.com.ar\/tienda\/wp-json\/wp\/v2\/product"}],"about":[{"href":"https:\/\/mascoweb.com.ar\/tienda\/wp-json\/wp\/v2\/types\/product"}],"wp:featuredmedia":[{"embeddable":true,"href":"https:\/\/mascoweb.com.ar\/tienda\/wp-json\/wp\/v2\/media\/1848"}],"wp:attachment":[{"href":"https:\/\/mascoweb.com.ar\/tienda\/wp-json\/wp\/v2\/media?parent=1661"}],"wp:term":[{"taxonomy":"product_brand","embeddable":true,"href":"https:\/\/mascoweb.com.ar\/tienda\/wp-json\/wp\/v2\/product_brand?post=1661"},{"taxonomy":"product_cat","embeddable":true,"href":"https:\/\/mascoweb.com.ar\/tienda\/wp-json\/wp\/v2\/product_cat?post=1661"},{"taxonomy":"product_tag","embeddable":true,"href":"https:\/\/mascoweb.com.ar\/tienda\/wp-json\/wp\/v2\/product_tag?post=1661"}],"curies":[{"name":"wp","href":"https:\/\/api.w.org\/{rel}","templated":true}]}}