{"id":1799,"date":"2025-03-07T02:27:13","date_gmt":"2025-03-07T05:27:13","guid":{"rendered":"https:\/\/mascoweb.com.ar\/tienda\/?post_type=product&#038;p=1799"},"modified":"2026-03-25T16:33:26","modified_gmt":"2026-03-25T19:33:26","slug":"caja-x-15-pouchs-cat-chow-sabor-pollo","status":"publish","type":"product","link":"https:\/\/mascoweb.com.ar\/tienda\/producto\/caja-x-15-pouchs-cat-chow-sabor-pollo\/","title":{"rendered":"Caja x 15 Pouchs Cat Chow sabor pollo"},"content":{"rendered":"<h5>Caja x 15 Pouchs Cat Chow sabor pollo.<\/h5>\n<p>15 unidades x 85 gr cada una.<\/p>\n<p>INGREDIENTES:<br \/>\nAgua suficiente para proceso, gluten de trigo, carne de pollo, \u00a0carcasa de pollo y\/o carne de pavo, h\u00edgado de cerdo y\/o v\u00edsceras de cerdo, \u00a0h\u00edgado de pollo, concentrado proteico de soya, almid\u00f3n de ma\u00edz, fosfato dic\u00e1lcico, sal, carbonato de calcio, cloruro de potasio, taurina, suplementos vitam\u00ednicos (A, D3, E, K3, B1, B2, B3, B5, B6, B7, B9, B12, cloruro de colina), suplementos minerales (sulfato de zinc, proteinato de zinc, sulfato ferroso, sulfato de manganeso, proteinato de manganeso, sulfato de cobre, proteinato de cobre, yodato de calcio, selenito de sodio), sabor a carne, colorantes (di\u00f3xido de titanio y caramelo).<\/p>\n","protected":false},"excerpt":{"rendered":"<h5>Caja x 15 Pouchs Cat Chow sabor pollo.<\/h5>\n<p>15 unidades x 85 gr cada una.<\/p>\n","protected":false},"featured_media":2311,"template":"","meta":{"_gspb_post_css":"","_joinchat":[]},"product_brand":[115],"product_cat":[116],"product_tag":[],"class_list":{"0":"post-1799","1":"product","2":"type-product","3":"status-publish","4":"has-post-thumbnail","6":"product_brand-cat-chow","7":"product_cat-alimentos-humedos","9":"first","10":"outofstock","11":"shipping-taxable","12":"purchasable","13":"product-type-simple"},"jetpack_sharing_enabled":true,"_links":{"self":[{"href":"https:\/\/mascoweb.com.ar\/tienda\/wp-json\/wp\/v2\/product\/1799","targetHints":{"allow":["GET"]}}],"collection":[{"href":"https:\/\/mascoweb.com.ar\/tienda\/wp-json\/wp\/v2\/product"}],"about":[{"href":"https:\/\/mascoweb.com.ar\/tienda\/wp-json\/wp\/v2\/types\/product"}],"wp:featuredmedia":[{"embeddable":true,"href":"https:\/\/mascoweb.com.ar\/tienda\/wp-json\/wp\/v2\/media\/2311"}],"wp:attachment":[{"href":"https:\/\/mascoweb.com.ar\/tienda\/wp-json\/wp\/v2\/media?parent=1799"}],"wp:term":[{"taxonomy":"product_brand","embeddable":true,"href":"https:\/\/mascoweb.com.ar\/tienda\/wp-json\/wp\/v2\/product_brand?post=1799"},{"taxonomy":"product_cat","embeddable":true,"href":"https:\/\/mascoweb.com.ar\/tienda\/wp-json\/wp\/v2\/product_cat?post=1799"},{"taxonomy":"product_tag","embeddable":true,"href":"https:\/\/mascoweb.com.ar\/tienda\/wp-json\/wp\/v2\/product_tag?post=1799"}],"curies":[{"name":"wp","href":"https:\/\/api.w.org\/{rel}","templated":true}]}}