{"id":1809,"date":"2025-03-07T02:52:47","date_gmt":"2025-03-07T05:52:47","guid":{"rendered":"https:\/\/mascoweb.com.ar\/tienda\/?post_type=product&#038;p=1809"},"modified":"2026-04-09T10:46:36","modified_gmt":"2026-04-09T13:46:36","slug":"colchoneta-antidesgarro-simple-60-x-70-cm","status":"publish","type":"product","link":"https:\/\/mascoweb.com.ar\/tienda\/producto\/colchoneta-antidesgarro-simple-60-x-70-cm\/","title":{"rendered":"Colchoneta Antidesgarro simple 60 x 70 cm"},"content":{"rendered":"<div>\n<div>\n<div>\n<h5 id=\"producto_titulo_353\" class=\"producto-titulo\">COLCHONETA ANTIDESGARRO SIMPLE 60 X 70 cm<\/h5>\n<\/div>\n<\/div>\n<\/div>\n<div>\n<div class=\"producto-descripcion\">Parte superior de cordura antidesgarro, inferior de friselina negra de 100 grs.<\/div>\n<\/div>\n<div><\/div>\n<div>Dise\u00f1os sujetos a disponibilidad.<\/div>\n","protected":false},"excerpt":{"rendered":"<div>\n<div>\n<div>\n<h5 id=\"producto_titulo_353\" class=\"producto-titulo\">COLCHONETA ANTIDESGARRO SIMPLE 60 X 70 cm<\/h5>\n<\/div>\n<\/div>\n<\/div>\n<div>\n<div class=\"producto-descripcion\">Parte superior de cordura antidesgarro, inferior de friselina negra de 100 grs.<\/div>\n<\/div>\n<div><\/div>\n<div>Dise\u00f1os sujetos a disponibilidad (ver galer\u00eda con dise\u00f1os disponibles)<\/div>\n","protected":false},"featured_media":1999,"template":"","meta":{"_gspb_post_css":"","_joinchat":[]},"product_brand":[],"product_cat":[121],"product_tag":[],"class_list":{"0":"post-1809","1":"product","2":"type-product","3":"status-publish","4":"has-post-thumbnail","6":"product_cat-colchonetas","8":"first","9":"instock","10":"shipping-taxable","11":"purchasable","12":"product-type-simple"},"jetpack_sharing_enabled":true,"_links":{"self":[{"href":"https:\/\/mascoweb.com.ar\/tienda\/wp-json\/wp\/v2\/product\/1809","targetHints":{"allow":["GET"]}}],"collection":[{"href":"https:\/\/mascoweb.com.ar\/tienda\/wp-json\/wp\/v2\/product"}],"about":[{"href":"https:\/\/mascoweb.com.ar\/tienda\/wp-json\/wp\/v2\/types\/product"}],"wp:featuredmedia":[{"embeddable":true,"href":"https:\/\/mascoweb.com.ar\/tienda\/wp-json\/wp\/v2\/media\/1999"}],"wp:attachment":[{"href":"https:\/\/mascoweb.com.ar\/tienda\/wp-json\/wp\/v2\/media?parent=1809"}],"wp:term":[{"taxonomy":"product_brand","embeddable":true,"href":"https:\/\/mascoweb.com.ar\/tienda\/wp-json\/wp\/v2\/product_brand?post=1809"},{"taxonomy":"product_cat","embeddable":true,"href":"https:\/\/mascoweb.com.ar\/tienda\/wp-json\/wp\/v2\/product_cat?post=1809"},{"taxonomy":"product_tag","embeddable":true,"href":"https:\/\/mascoweb.com.ar\/tienda\/wp-json\/wp\/v2\/product_tag?post=1809"}],"curies":[{"name":"wp","href":"https:\/\/api.w.org\/{rel}","templated":true}]}}