{"id":1815,"date":"2025-03-08T18:32:35","date_gmt":"2025-03-08T21:32:35","guid":{"rendered":"https:\/\/mascoweb.com.ar\/tienda\/?post_type=product&#038;p=1815"},"modified":"2026-03-25T16:36:09","modified_gmt":"2026-03-25T19:36:09","slug":"dog-chow-adultos-minis-y-pequenos-x-20-kg","status":"publish","type":"product","link":"https:\/\/mascoweb.com.ar\/tienda\/producto\/dog-chow-adultos-minis-y-pequenos-x-20-kg\/","title":{"rendered":"Dog Chow Adultos Minis y Peque\u00f1os x 20 kg"},"content":{"rendered":"<h5>Dog Chow Adultos Minis y Peque\u00f1os Triple Prote\u00edna x 20 kg<\/h5>\n<p>Alimento 100% completo y balanceado para perros Adultos de tama\u00f1o Minis y Peque\u00f1os<\/p>\n<p><strong>Ingredientes:<\/strong><\/p>\n<div id=\"ingredientBody\" class=\"accordion-collapse collapse show\" aria-labelledby=\"ingredient\">\n<div class=\"accordion-body\">\n<div class=\"internal-products-section-accordion-body\">\n<div class=\"wysiwyg py-md-3 px-md-0 p-2 py-4\">\n<div>\n<p>Ma\u00edz y\/o trigo, harina de carne y hueso vacuna\u00a0y\/o porcina, harina de soja y\/o gluten de ma\u00edz, grasa vacuna\u00a0y\/o grasa de cerdo y\/o aceite de pollo preservados con\u00a0tocoferoles (fuente de vitamina E), harina de subproductos de\u00a0pollo, germen de ma\u00edz desgrasado y\/o fibra de soja,\u00a0hidrolizado (l\u00edquido y\/o en polvo) a base de subproductos de\u00a0pollo y\/o cerdo, arroz, cloruro de sodio y\/o cloruro de potasio,\u00a0harina de pescado, zeolita, inulina y\/o fructooligosac\u00e1ridos\u00a0y\/o pared celular de levadura Saccharomyces cerevisiae\u00a0(fuente natural de manano-oligosac\u00e1ridos y betaglucanos),\u00a0suplemento vitam\u00ednico antioxidante (A, D3, E, K3, B1, B2, B3, B5,\u00a0B6, B7, B9, B12, BHT), suplementos minerales [(sulfatos: zinc,\u00a0hierro, manganeso, cobre), (proteinatos y\/o glicinatos: zinc,\u00a0hierro, manganeso, cobre, selenio), yodato de calcio, selenito\u00a0de sodio], arveja deshidratada, zanahoria deshidratada,\u00a0taurina, DL-metionina, cloruro de colina, carbonato de calcio\u00a0y\/o fosfato c\u00e1lcico, L-lisina.<\/p>\n<\/div>\n<\/div>\n<\/div>\n<\/div>\n<\/div>\n<table class=\"table striped internal-products-section-accordion-body-table\">\n<thead>\n<tr>\n<th scope=\"col\">Nutriente<\/th>\n<th scope=\"col\">M\u00edn.<\/th>\n<th scope=\"col\">M\u00e1x.<\/th>\n<\/tr>\n<\/thead>\n<tbody>\n<tr>\n<td class=\"p-2\">PROTE\u00cdNA BRUTA (M\u00cdN.)<\/td>\n<td class=\"p-2\">23,0%<\/td>\n<td class=\"p-2\">&#8211;<\/td>\n<\/tr>\n<tr>\n<td class=\"p-2\">EXTRACTO ET\u00c9REO \/ GRASA BRUTA (M\u00cdN)<\/td>\n<td class=\"p-2\">12,0%<\/td>\n<td class=\"p-2\">&#8211;<\/td>\n<\/tr>\n<tr>\n<td class=\"p-2\">FIBRA BRUTA (M\u00c1X.)<\/td>\n<td class=\"p-2\">&#8211;<\/td>\n<td class=\"p-2\">4,0%<\/td>\n<\/tr>\n<tr>\n<td class=\"p-2\">HUMEDAD (M\u00c1X.)<\/td>\n<td class=\"p-2\">&#8211;<\/td>\n<td class=\"p-2\">12,0%<\/td>\n<\/tr>\n<tr>\n<td class=\"p-2\">MINERALES \/ CENIZAS (M\u00c1X.)<\/td>\n<td class=\"p-2\">&#8211;<\/td>\n<td class=\"p-2\">9,0%<\/td>\n<\/tr>\n<tr>\n<td class=\"p-2\">CALCIO (M\u00cdN.\/M\u00c1X.)<\/td>\n<td class=\"p-2\">1,1%<\/td>\n<td class=\"p-2\">1,8%<\/td>\n<\/tr>\n<tr>\n<td class=\"p-2\">F\u00d3SFORO (M\u00cdN.\/M\u00c1X.)<\/td>\n<td class=\"p-2\">0,8%<\/td>\n<td class=\"p-2\">1,4%<\/td>\n<\/tr>\n<\/tbody>\n<\/table>\n","protected":false},"excerpt":{"rendered":"<h5>Dog Chow Adultos Minis y Peque\u00f1os Triple Prote\u00edna x 20 kg<\/h5>\n<p>Alimento 100% completo y balanceado para perros Adultos de tama\u00f1o Minis y Peque\u00f1os<\/p>\n","protected":false},"featured_media":2340,"template":"","meta":{"_gspb_post_css":"","_joinchat":[]},"product_brand":[122],"product_cat":[137,29,140],"product_tag":[41,32,65,34],"class_list":{"0":"post-1815","1":"product","2":"type-product","3":"status-publish","4":"has-post-thumbnail","6":"product_brand-dog-chow","7":"product_cat-perrosadultos","8":"product_cat-alimentoparaperros","9":"product_cat-mordidapequenia","10":"product_tag-20kg","11":"product_tag-adultos","12":"product_tag-lineamedia","13":"product_tag-mordida-pequena","15":"first","16":"instock","17":"shipping-taxable","18":"purchasable","19":"product-type-simple"},"jetpack_sharing_enabled":true,"_links":{"self":[{"href":"https:\/\/mascoweb.com.ar\/tienda\/wp-json\/wp\/v2\/product\/1815","targetHints":{"allow":["GET"]}}],"collection":[{"href":"https:\/\/mascoweb.com.ar\/tienda\/wp-json\/wp\/v2\/product"}],"about":[{"href":"https:\/\/mascoweb.com.ar\/tienda\/wp-json\/wp\/v2\/types\/product"}],"wp:featuredmedia":[{"embeddable":true,"href":"https:\/\/mascoweb.com.ar\/tienda\/wp-json\/wp\/v2\/media\/2340"}],"wp:attachment":[{"href":"https:\/\/mascoweb.com.ar\/tienda\/wp-json\/wp\/v2\/media?parent=1815"}],"wp:term":[{"taxonomy":"product_brand","embeddable":true,"href":"https:\/\/mascoweb.com.ar\/tienda\/wp-json\/wp\/v2\/product_brand?post=1815"},{"taxonomy":"product_cat","embeddable":true,"href":"https:\/\/mascoweb.com.ar\/tienda\/wp-json\/wp\/v2\/product_cat?post=1815"},{"taxonomy":"product_tag","embeddable":true,"href":"https:\/\/mascoweb.com.ar\/tienda\/wp-json\/wp\/v2\/product_tag?post=1815"}],"curies":[{"name":"wp","href":"https:\/\/api.w.org\/{rel}","templated":true}]}}