{"id":1821,"date":"2025-03-08T19:21:34","date_gmt":"2025-03-08T22:21:34","guid":{"rendered":"https:\/\/mascoweb.com.ar\/tienda\/?post_type=product&#038;p=1821"},"modified":"2026-03-25T16:35:23","modified_gmt":"2026-03-25T19:35:23","slug":"dog-chow-cachorros-minis-y-pequenos-x-21-kg","status":"publish","type":"product","link":"https:\/\/mascoweb.com.ar\/tienda\/producto\/dog-chow-cachorros-minis-y-pequenos-x-21-kg\/","title":{"rendered":"Dog Chow Cachorros Minis y Peque\u00f1os x 21 kg"},"content":{"rendered":"<h5>Dog Chow Gran Comienzo Cachorros Minis y Peque\u00f1os x 21 kg<\/h5>\n<p>Alimento 100% completo y balanceado para perros Cachorros de tama\u00f1o Minis y Peque\u00f1os.<\/p>\n<p><strong>Ingredientes:<\/strong><\/p>\n<p>Ma\u00edz, harina de soja y\/o gluten de ma\u00edz y\/o germen de ma\u00edz \u00a0desgrasado, harina de carne y hueso vacuna y\/o porcina, harina de subproductos \u00a0de pollo, grasa vacuna y\/o grasa de cerdo y\/o aceite de pollo preservados con \u00a0tocoferoles (fuente de vitamina E), hidrolizado (l\u00edquido y\/o en polvo) a base de \u00a0subproductos de pollo y\/o cerdo, arroz y\/o trigo, avena, caramelo natural, cloruro \u00a0de sodio y\/o cloruro de potasio, zeolita, inulina y\/o fructooligosac\u00e1ridos y\/o pared \u00a0celular de levadura Saccharomyces cerevisiae (fuente natural de \u00a0manano-oligosac\u00e1ridos y betaglucanos), suplemento vitam\u00ednico antioxidante (A, \u00a0D3, E, K3, B1, B2, B3, B5, B6, B7, B9, B12, BHT), suplementos minerales [(sulfatos: zinc, \u00a0hierro, manganeso, cobre), (proteinatos y\/o glicinatos: zinc, hierro, manganeso, \u00a0cobre, selenio), yodato de calcio, selenito de sodio], harina de alga (Schizochytrium \u00a0sp.) y\/o harina de pescado, leche bovina en polvo, espinaca deshidratada, \u00a0zanahoria deshidratada, carbonato de calcio y\/o fosfato c\u00e1lcico, cloruro de colina, \u00a0\u00e1cido asc\u00f3rbico (fuente de vitamina C), L-lisina, taurina, DL-metionina, L-tript\u00f3fano.<\/p>\n<table class=\"table striped internal-products-section-accordion-body-table\">\n<thead>\n<tr>\n<th scope=\"col\">Nutriente<\/th>\n<th scope=\"col\">M\u00edn.<\/th>\n<th scope=\"col\">M\u00e1x.<\/th>\n<\/tr>\n<\/thead>\n<tbody>\n<tr>\n<td class=\"p-2\">Prote\u00edna bruta<\/td>\n<td class=\"p-2\">27,&#8217;%<\/td>\n<td class=\"p-2\">&#8211;<\/td>\n<\/tr>\n<tr>\n<td class=\"p-2\">Extracto Et\u00e9reo \/ Grasa Bruta<\/td>\n<td class=\"p-2\">14,0%<\/td>\n<td class=\"p-2\">&#8211;<\/td>\n<\/tr>\n<tr>\n<td class=\"p-2\">Fibra bruta<\/td>\n<td class=\"p-2\">&#8211;<\/td>\n<td class=\"p-2\">3,5%<\/td>\n<\/tr>\n<tr>\n<td class=\"p-2\">Humedad<\/td>\n<td class=\"p-2\">&#8211;<\/td>\n<td class=\"p-2\">12,0%<\/td>\n<\/tr>\n<tr>\n<td class=\"p-2\">Minerales \/ Cenizas<\/td>\n<td class=\"p-2\">&#8211;<\/td>\n<td class=\"p-2\">9,0%<\/td>\n<\/tr>\n<tr>\n<td class=\"p-2\">Calcio<\/td>\n<td class=\"p-2\">1,1%<\/td>\n<td class=\"p-2\">1,6%<\/td>\n<\/tr>\n<tr>\n<td class=\"p-2\">F\u00f3sforo<\/td>\n<td class=\"p-2\">0,9%<\/td>\n<td class=\"p-2\">1,4%<\/td>\n<\/tr>\n<\/tbody>\n<\/table>\n","protected":false},"excerpt":{"rendered":"<h5>Dog Chow Gran Comienzo Cachorros Minis y Peque\u00f1os x 21 kg<\/h5>\n<p>Alimento 100% completo y balanceado para perros Cachorros de tama\u00f1o Minis y Peque\u00f1os.<\/p>\n","protected":false},"featured_media":2373,"template":"","meta":{"_gspb_post_css":"","_joinchat":[]},"product_brand":[122],"product_cat":[29,138,140],"product_tag":[40,33,65,34],"class_list":{"0":"post-1821","1":"product","2":"type-product","3":"status-publish","4":"has-post-thumbnail","6":"product_brand-dog-chow","7":"product_cat-alimentoparaperros","8":"product_cat-perroscachorros","9":"product_cat-mordidapequenia","10":"product_tag-21kg","11":"product_tag-cachorros","12":"product_tag-lineamedia","13":"product_tag-mordida-pequena","15":"first","16":"instock","17":"shipping-taxable","18":"purchasable","19":"product-type-simple"},"jetpack_sharing_enabled":true,"_links":{"self":[{"href":"https:\/\/mascoweb.com.ar\/tienda\/wp-json\/wp\/v2\/product\/1821","targetHints":{"allow":["GET"]}}],"collection":[{"href":"https:\/\/mascoweb.com.ar\/tienda\/wp-json\/wp\/v2\/product"}],"about":[{"href":"https:\/\/mascoweb.com.ar\/tienda\/wp-json\/wp\/v2\/types\/product"}],"wp:featuredmedia":[{"embeddable":true,"href":"https:\/\/mascoweb.com.ar\/tienda\/wp-json\/wp\/v2\/media\/2373"}],"wp:attachment":[{"href":"https:\/\/mascoweb.com.ar\/tienda\/wp-json\/wp\/v2\/media?parent=1821"}],"wp:term":[{"taxonomy":"product_brand","embeddable":true,"href":"https:\/\/mascoweb.com.ar\/tienda\/wp-json\/wp\/v2\/product_brand?post=1821"},{"taxonomy":"product_cat","embeddable":true,"href":"https:\/\/mascoweb.com.ar\/tienda\/wp-json\/wp\/v2\/product_cat?post=1821"},{"taxonomy":"product_tag","embeddable":true,"href":"https:\/\/mascoweb.com.ar\/tienda\/wp-json\/wp\/v2\/product_tag?post=1821"}],"curies":[{"name":"wp","href":"https:\/\/api.w.org\/{rel}","templated":true}]}}