{"id":1829,"date":"2025-03-08T19:46:40","date_gmt":"2025-03-08T22:46:40","guid":{"rendered":"https:\/\/mascoweb.com.ar\/tienda\/?post_type=product&#038;p=1829"},"modified":"2026-03-25T16:32:24","modified_gmt":"2026-03-25T19:32:24","slug":"cat-chow-gatitos-x-15-kg","status":"publish","type":"product","link":"https:\/\/mascoweb.com.ar\/tienda\/producto\/cat-chow-gatitos-x-15-kg\/","title":{"rendered":"Cat Chow Gatitos x 15 kg"},"content":{"rendered":"<h5>Cat Chow Gatitos hasta 12 meses sabor Pescado, Carne y Leche<\/h5>\n<p>Una nueva nutrici\u00f3n es fundamental para proteger la salud de los gatos . Es por eso que desarrollamos\u00a0<strong>PURINA\u00ae CAT CHOW\u00ae GATITOS PESCADO, CARNE Y LECHE, desde el destete hasta 12 meses con DEFENSE PLUS<\/strong>, hecho con todos los nutrientes que tu gatito necesita para favorecer un crecimiento sano, y mejorado con la inclusi\u00f3n de un prebi\u00f3tico natural. Alimento completo y balanceado para gatitos desde el destete hasta 12 meses de edad.<\/p>\n<p><strong>Beneficios<\/strong><\/p>\n<p>Defense Plus\u00ae, una combinaci\u00f3n exclusiva de\u00a0<strong>prebi\u00f3tico natural, antioxidantes, vitaminas, y minerales<\/strong>\u00a0que ayudan a fortalecer las defensas naturales de tu gato desde el primer d\u00eda.<\/p>\n<p>Eso ayudar\u00e1 a promover un sistema inmune fuerte para proteger su estilo de vida \u00fanico.<\/p>\n<ul>\n<li><strong>CON DHA Y VITAMINA A<\/strong>\u00a0Para el desarrollo saludable del cerebro y visi\u00f3n.<\/li>\n<li><strong>ZIN Y OMEGA 6 Y 3<\/strong>\u00a0Piel y pelo saludables.<\/li>\n<li><strong>CON CALCIO<\/strong>\u00a0Ayuda el desarrollo de sus dientes.<\/li>\n<li><strong>VITAMINAS<\/strong>\u00a0Ayudan a soportar las funciones metab\u00f3licas como mantener la visi\u00f3n saludable, la respuesta inmune del organismo y combatir los radicales libres.<\/li>\n<li><strong>MINERALES<\/strong>\u00a0Contribuyen con el mantenimiento de huesos fuertes y las funciones vitales.<\/li>\n<\/ul>\n<p><strong>Ingredientes:<\/strong><\/p>\n<p>Ma\u00edz y\/o arroz, gluten de ma\u00edz, harina de soja, harina de\u00a0 subproductos de pollo, harina de carne y hueso vacuna,\u00a0 aceite de pollo y\/o grasa vacuna preservados con tocoferoles (fuente de vitamina E), trigo, color natural (caramelo), sal, \u00e1cido fosf\u00f3rico y\/o bisulfato de sodio, harina de pescado, hidrolizado (polvo y\/o l\u00edquido) a base de subproductos de pollo y\/o cerdo, levadura seca (Saccharomyces cerevisiae ssp.), inulina y\/o fructooligosac\u00e1ridos y\/o pared celular de levadura\u00a0 Saccharomyces cerevisiae (fuente natural de manano- oligosac\u00e1ridos y betaglucanos), suplemento vitam\u00ednico antioxidante (A, D3, E, K3, B1, B2, B3, B5, B6, B7, B9, B12, BHT),\u00a0 pirofosfato tetras\u00f3dico, cloruro de colina, suplementos minerales , taurina, harina de alga (Schizochytrium sp.), DL-metionina, \u00e1cido asc\u00f3rbico (fuente de vitamina C), cloruro de potasio,<br \/>\ncarbonato de calcio y\/o fosfato c\u00e1lcico, L-lisina, leche en polvo, espinaca deshidratada, tomate deshidratado, colorante natural (carm\u00edn).<\/p>\n<table class=\"table striped internal-products-section-accordion-body-table\">\n<thead>\n<tr>\n<th scope=\"col\">Nutriente<\/th>\n<th scope=\"col\">M\u00edn.<\/th>\n<th scope=\"col\">M\u00e1x.<\/th>\n<\/tr>\n<\/thead>\n<tbody>\n<tr>\n<td class=\"p-2\">Prote\u00edna cruda (m\u00edn.)<\/td>\n<td class=\"p-2\">36,0%<\/td>\n<td class=\"p-2\">&#8211;<\/td>\n<\/tr>\n<tr>\n<td class=\"p-2\">Grasa cruda (m\u00edn.\/m\u00e1x.)<\/td>\n<td class=\"p-2\">12,0%<\/td>\n<td class=\"p-2\">12,0%<\/td>\n<\/tr>\n<tr>\n<td class=\"p-2\">Fibra cruda (m\u00e1x.)<\/td>\n<td class=\"p-2\">&#8211;<\/td>\n<td class=\"p-2\">3,0%<\/td>\n<\/tr>\n<tr>\n<td class=\"p-2\">Humedad (m\u00e1x.)<\/td>\n<td class=\"p-2\">&#8211;<\/td>\n<td class=\"p-2\">12,0%<\/td>\n<\/tr>\n<tr>\n<td class=\"p-2\">Cenizas\/Minerales (m\u00e1x.)<\/td>\n<td class=\"p-2\">&#8211;<\/td>\n<td class=\"p-2\">9,5%<\/td>\n<\/tr>\n<tr>\n<td class=\"p-2\">Calcio (m\u00edn.\/m\u00e1x.)<\/td>\n<td class=\"p-2\">1,1%<\/td>\n<td class=\"p-2\">1,6%<\/td>\n<\/tr>\n<tr>\n<td class=\"p-2\">F\u00f3sforo (m\u00edn.\/m\u00e1x.)<\/td>\n<td class=\"p-2\">1,0%<\/td>\n<td class=\"p-2\">1,5%<\/td>\n<\/tr>\n<tr>\n<td class=\"p-2\">Energ\u00eda metabolizable (calculada): 3.700 kcal\/kg<\/td>\n<td class=\"p-2\">&#8211;<\/td>\n<td class=\"p-2\">&#8211;<\/td>\n<\/tr>\n<\/tbody>\n<\/table>\n","protected":false},"excerpt":{"rendered":"<h5>Cat Chow Gatitos hasta 12 meses sabor Pescado, Carne y Leche<\/h5>\n<p>Una nueva nutrici\u00f3n es fundamental para proteger la salud de los gatos . Es por eso que desarrollamos\u00a0<strong>PURINA\u00ae CAT CHOW\u00ae GATITOS PESCADO, CARNE Y LECHE, desde el destete hasta 12 meses con DEFENSE PLUS<\/strong>, hecho con todos los nutrientes que tu gatito necesita para favorecer un crecimiento sano, y mejorado con la inclusi\u00f3n de un prebi\u00f3tico natural. Alimento completo y balanceado para gatitos desde el destete hasta 12 meses de edad.<\/p>\n","protected":false},"featured_media":2308,"template":"","meta":{"_gspb_post_css":"","_joinchat":[]},"product_brand":[115],"product_cat":[30,145],"product_tag":[44,54,65],"class_list":{"0":"post-1829","1":"product","2":"type-product","3":"status-publish","4":"has-post-thumbnail","6":"product_brand-cat-chow","7":"product_cat-alimentoparagatos","8":"product_cat-kitten","9":"product_tag-15kg","10":"product_tag-kitten","11":"product_tag-lineamedia","13":"first","14":"instock","15":"shipping-taxable","16":"purchasable","17":"product-type-simple"},"jetpack_sharing_enabled":true,"_links":{"self":[{"href":"https:\/\/mascoweb.com.ar\/tienda\/wp-json\/wp\/v2\/product\/1829","targetHints":{"allow":["GET"]}}],"collection":[{"href":"https:\/\/mascoweb.com.ar\/tienda\/wp-json\/wp\/v2\/product"}],"about":[{"href":"https:\/\/mascoweb.com.ar\/tienda\/wp-json\/wp\/v2\/types\/product"}],"wp:featuredmedia":[{"embeddable":true,"href":"https:\/\/mascoweb.com.ar\/tienda\/wp-json\/wp\/v2\/media\/2308"}],"wp:attachment":[{"href":"https:\/\/mascoweb.com.ar\/tienda\/wp-json\/wp\/v2\/media?parent=1829"}],"wp:term":[{"taxonomy":"product_brand","embeddable":true,"href":"https:\/\/mascoweb.com.ar\/tienda\/wp-json\/wp\/v2\/product_brand?post=1829"},{"taxonomy":"product_cat","embeddable":true,"href":"https:\/\/mascoweb.com.ar\/tienda\/wp-json\/wp\/v2\/product_cat?post=1829"},{"taxonomy":"product_tag","embeddable":true,"href":"https:\/\/mascoweb.com.ar\/tienda\/wp-json\/wp\/v2\/product_tag?post=1829"}],"curies":[{"name":"wp","href":"https:\/\/api.w.org\/{rel}","templated":true}]}}